{"id":67866,"date":"2022-06-27T13:28:10","date_gmt":"2022-06-27T13:28:10","guid":{"rendered":"https:\/\/staging-wp.xometry.eu\/?page_id=67866"},"modified":"2026-03-13T15:47:13","modified_gmt":"2026-03-13T13:47:13","slug":"nasi-klienci","status":"publish","type":"page","link":"https:\/\/staging-wp.xometry.eu\/pl\/nasi-klienci\/","title":{"rendered":"Nasi klienci"},"content":{"rendered":"","protected":false},"excerpt":{"rendered":"","protected":false},"author":10,"featured_media":0,"parent":0,"menu_order":0,"comment_status":"closed","ping_status":"closed","template":"","meta":{"_acf_changed":false,"inline_featured_image":false,"footnotes":""},"class_list":["post-67866","page","type-page","status-publish","hentry"],"acf":[],"yoast_head":"<!-- This site is optimized with the Yoast SEO Premium plugin v20.5 (Yoast SEO v27.3) - https:\/\/yoast.com\/product\/yoast-seo-premium-wordpress\/ -->\n<title>Opinie naszych klient\u00f3w i zrealizowane projekty | Xometry Europe<\/title>\n<meta name=\"description\" content=\"Xometry Europe mo\u017ce poszczyci\u0107 si\u0119 licznymi historiami sukcesu zar\u00f3wno w przypadku swoich partner\u00f3w, jak i klient\u00f3w.\" \/>\n<meta name=\"robots\" content=\"noindex, follow, max-snippet:-1, max-image-preview:large, max-video-preview:-1\" \/>\n<meta property=\"og:locale\" content=\"pl_PL\" \/>\n<meta property=\"og:type\" content=\"article\" \/>\n<meta property=\"og:title\" content=\"Nasi klienci\" \/>\n<meta property=\"og:description\" content=\"Xometry Europe mo\u017ce poszczyci\u0107 si\u0119 licznymi historiami sukcesu zar\u00f3wno w przypadku swoich partner\u00f3w, jak i klient\u00f3w.\" \/>\n<meta property=\"og:url\" content=\"https:\/\/staging-wp.xometry.eu\/pl\/nasi-klienci\/\" \/>\n<meta property=\"og:site_name\" content=\"Xometry Europe\" \/>\n<meta property=\"article:modified_time\" content=\"2026-03-13T13:47:13+00:00\" \/>\n<meta name=\"twitter:card\" content=\"summary_large_image\" \/>\n<script type=\"application\/ld+json\" class=\"yoast-schema-graph\">{\"@context\":\"https:\\\/\\\/schema.org\",\"@graph\":[{\"@type\":\"WebPage\",\"@id\":\"https:\\\/\\\/staging-wp.xometry.eu\\\/pl\\\/nasi-klienci\\\/\",\"url\":\"https:\\\/\\\/staging-wp.xometry.eu\\\/pl\\\/nasi-klienci\\\/\",\"name\":\"Opinie naszych klient\u00f3w i zrealizowane projekty | Xometry Europe\",\"isPartOf\":{\"@id\":\"https:\\\/\\\/staging-wp.xometry.eu\\\/pl\\\/#website\"},\"datePublished\":\"2022-06-27T13:28:10+00:00\",\"dateModified\":\"2026-03-13T13:47:13+00:00\",\"description\":\"Xometry Europe mo\u017ce poszczyci\u0107 si\u0119 licznymi historiami sukcesu zar\u00f3wno w przypadku swoich partner\u00f3w, jak i klient\u00f3w.\",\"breadcrumb\":{\"@id\":\"https:\\\/\\\/staging-wp.xometry.eu\\\/pl\\\/nasi-klienci\\\/#breadcrumb\"},\"inLanguage\":\"pl-PL\",\"potentialAction\":[{\"@type\":\"ReadAction\",\"target\":[\"https:\\\/\\\/staging-wp.xometry.eu\\\/pl\\\/nasi-klienci\\\/\"]}]},{\"@type\":\"BreadcrumbList\",\"@id\":\"https:\\\/\\\/staging-wp.xometry.eu\\\/pl\\\/nasi-klienci\\\/#breadcrumb\",\"itemListElement\":[{\"@type\":\"ListItem\",\"position\":1,\"name\":\"Home\",\"item\":\"https:\\\/\\\/staging-wp.xometry.eu\\\/pl\\\/\"},{\"@type\":\"ListItem\",\"position\":2,\"name\":\"Nasi klienci\"}]},{\"@type\":\"WebSite\",\"@id\":\"https:\\\/\\\/staging-wp.xometry.eu\\\/pl\\\/#website\",\"url\":\"https:\\\/\\\/staging-wp.xometry.eu\\\/pl\\\/\",\"name\":\"Xometry Europe\",\"description\":\"\",\"publisher\":{\"@id\":\"https:\\\/\\\/staging-wp.xometry.eu\\\/pl\\\/#organization\"},\"potentialAction\":[{\"@type\":\"SearchAction\",\"target\":{\"@type\":\"EntryPoint\",\"urlTemplate\":\"https:\\\/\\\/staging-wp.xometry.eu\\\/pl\\\/?s={search_term_string}\"},\"query-input\":{\"@type\":\"PropertyValueSpecification\",\"valueRequired\":true,\"valueName\":\"search_term_string\"}}],\"inLanguage\":\"pl-PL\"}]}<\/script>\n<!-- \/ Yoast SEO Premium plugin. -->","yoast_head_json":{"title":"Opinie naszych klient\u00f3w i zrealizowane projekty | Xometry Europe","description":"Xometry Europe mo\u017ce poszczyci\u0107 si\u0119 licznymi historiami sukcesu zar\u00f3wno w przypadku swoich partner\u00f3w, jak i klient\u00f3w.","robots":{"index":"noindex","follow":"follow","max-snippet":"max-snippet:-1","max-image-preview":"max-image-preview:large","max-video-preview":"max-video-preview:-1"},"og_locale":"pl_PL","og_type":"article","og_title":"Nasi klienci","og_description":"Xometry Europe mo\u017ce poszczyci\u0107 si\u0119 licznymi historiami sukcesu zar\u00f3wno w przypadku swoich partner\u00f3w, jak i klient\u00f3w.","og_url":"https:\/\/staging-wp.xometry.eu\/pl\/nasi-klienci\/","og_site_name":"Xometry Europe","article_modified_time":"2026-03-13T13:47:13+00:00","twitter_card":"summary_large_image","schema":{"@context":"https:\/\/schema.org","@graph":[{"@type":"WebPage","@id":"https:\/\/staging-wp.xometry.eu\/pl\/nasi-klienci\/","url":"https:\/\/staging-wp.xometry.eu\/pl\/nasi-klienci\/","name":"Opinie naszych klient\u00f3w i zrealizowane projekty | Xometry Europe","isPartOf":{"@id":"https:\/\/staging-wp.xometry.eu\/pl\/#website"},"datePublished":"2022-06-27T13:28:10+00:00","dateModified":"2026-03-13T13:47:13+00:00","description":"Xometry Europe mo\u017ce poszczyci\u0107 si\u0119 licznymi historiami sukcesu zar\u00f3wno w przypadku swoich partner\u00f3w, jak i klient\u00f3w.","breadcrumb":{"@id":"https:\/\/staging-wp.xometry.eu\/pl\/nasi-klienci\/#breadcrumb"},"inLanguage":"pl-PL","potentialAction":[{"@type":"ReadAction","target":["https:\/\/staging-wp.xometry.eu\/pl\/nasi-klienci\/"]}]},{"@type":"BreadcrumbList","@id":"https:\/\/staging-wp.xometry.eu\/pl\/nasi-klienci\/#breadcrumb","itemListElement":[{"@type":"ListItem","position":1,"name":"Home","item":"https:\/\/staging-wp.xometry.eu\/pl\/"},{"@type":"ListItem","position":2,"name":"Nasi klienci"}]},{"@type":"WebSite","@id":"https:\/\/staging-wp.xometry.eu\/pl\/#website","url":"https:\/\/staging-wp.xometry.eu\/pl\/","name":"Xometry Europe","description":"","publisher":{"@id":"https:\/\/staging-wp.xometry.eu\/pl\/#organization"},"potentialAction":[{"@type":"SearchAction","target":{"@type":"EntryPoint","urlTemplate":"https:\/\/staging-wp.xometry.eu\/pl\/?s={search_term_string}"},"query-input":{"@type":"PropertyValueSpecification","valueRequired":true,"valueName":"search_term_string"}}],"inLanguage":"pl-PL"}]}},"_links":{"self":[{"href":"https:\/\/staging-wp.xometry.eu\/pl\/wp-json\/wp\/v2\/pages\/67866","targetHints":{"allow":["GET"]}}],"collection":[{"href":"https:\/\/staging-wp.xometry.eu\/pl\/wp-json\/wp\/v2\/pages"}],"about":[{"href":"https:\/\/staging-wp.xometry.eu\/pl\/wp-json\/wp\/v2\/types\/page"}],"author":[{"embeddable":true,"href":"https:\/\/staging-wp.xometry.eu\/pl\/wp-json\/wp\/v2\/users\/10"}],"replies":[{"embeddable":true,"href":"https:\/\/staging-wp.xometry.eu\/pl\/wp-json\/wp\/v2\/comments?post=67866"}],"version-history":[{"count":0,"href":"https:\/\/staging-wp.xometry.eu\/pl\/wp-json\/wp\/v2\/pages\/67866\/revisions"}],"wp:attachment":[{"href":"https:\/\/staging-wp.xometry.eu\/pl\/wp-json\/wp\/v2\/media?parent=67866"}],"curies":[{"name":"wp","href":"https:\/\/api.w.org\/{rel}","templated":true}]}}