{"id":71572,"date":"2022-08-25T11:54:49","date_gmt":"2022-08-25T09:54:49","guid":{"rendered":"https:\/\/staging-wp.xometry.eu\/?page_id=71572"},"modified":"2026-02-05T15:39:32","modified_gmt":"2026-02-05T13:39:32","slug":"plasmaskjaering","status":"publish","type":"page","link":"https:\/\/staging-wp.xometry.eu\/no\/plasmaskjaering\/","title":{"rendered":"Plasmaskj\u00e6ring"},"content":{"rendered":"","protected":false},"excerpt":{"rendered":"","protected":false},"author":10,"featured_media":133794,"parent":0,"menu_order":0,"comment_status":"closed","ping_status":"closed","template":"","meta":{"_acf_changed":false,"inline_featured_image":false,"footnotes":""},"class_list":["post-71572","page","type-page","status-publish","has-post-thumbnail","hentry"],"acf":[],"yoast_head":"<!-- This site is optimized with the Yoast SEO Premium plugin v20.5 (Yoast SEO v27.3) - https:\/\/yoast.com\/product\/yoast-seo-premium-wordpress\/ -->\n<title>Plasmaskj\u00e6ring Tjenester | Bestill Deler Online | Xometry Europe<\/title>\n<meta name=\"description\" content=\"Vi tilbyr plasmaskj\u00e6ring tjenester for produksjon av b\u00e5de seriedeler og prototyper av aluminium, st\u00e5l og kobber legeringer.\" \/>\n<meta name=\"robots\" content=\"noindex, follow, max-snippet:-1, max-image-preview:large, max-video-preview:-1\" \/>\n<meta property=\"og:locale\" content=\"nb_NO\" \/>\n<meta property=\"og:type\" content=\"article\" \/>\n<meta property=\"og:title\" content=\"Plasmaskj\u00e6ring\" \/>\n<meta property=\"og:description\" content=\"Vi tilbyr plasmaskj\u00e6ring tjenester for produksjon av b\u00e5de seriedeler og prototyper av aluminium, st\u00e5l og kobber legeringer.\" \/>\n<meta property=\"og:url\" content=\"https:\/\/staging-wp.xometry.eu\/no\/plasmaskjaering\/\" \/>\n<meta property=\"og:site_name\" content=\"Xometry Europe\" \/>\n<meta property=\"article:modified_time\" content=\"2026-02-05T13:39:32+00:00\" \/>\n<meta property=\"og:image\" content=\"http:\/\/staging-wp.xometry.eu\/wp-content\/uploads\/2023\/02\/EN-Plasma-cutting-service-page-1440x738.jpg\" \/>\n<meta name=\"twitter:card\" content=\"summary_large_image\" \/>\n<meta name=\"twitter:image\" content=\"https:\/\/xometry.de\/wp-content\/uploads\/2020\/08\/plasma-cutting-sheet-metal-services-.jpg\" \/>\n<script type=\"application\/ld+json\" class=\"yoast-schema-graph\">{\"@context\":\"https:\\\/\\\/schema.org\",\"@graph\":[{\"@type\":\"WebPage\",\"@id\":\"https:\\\/\\\/staging-wp.xometry.eu\\\/no\\\/plasmaskjaering\\\/\",\"url\":\"https:\\\/\\\/staging-wp.xometry.eu\\\/no\\\/plasmaskjaering\\\/\",\"name\":\"Plasmaskj\u00e6ring Tjenester | Bestill Deler Online | Xometry Europe\",\"isPartOf\":{\"@id\":\"https:\\\/\\\/staging-wp.xometry.eu\\\/no\\\/#website\"},\"primaryImageOfPage\":{\"@id\":\"https:\\\/\\\/staging-wp.xometry.eu\\\/no\\\/plasmaskjaering\\\/#primaryimage\"},\"image\":{\"@id\":\"https:\\\/\\\/staging-wp.xometry.eu\\\/no\\\/plasmaskjaering\\\/#primaryimage\"},\"thumbnailUrl\":\"https:\\\/\\\/staging-wp.xometry.eu\\\/wp-content\\\/uploads\\\/2024\\\/02\\\/NO-Plasma-cutting-service-page.jpg\",\"datePublished\":\"2022-08-25T09:54:49+00:00\",\"dateModified\":\"2026-02-05T13:39:32+00:00\",\"description\":\"Vi tilbyr plasmaskj\u00e6ring tjenester for produksjon av b\u00e5de seriedeler og prototyper av aluminium, st\u00e5l og kobber legeringer.\",\"breadcrumb\":{\"@id\":\"https:\\\/\\\/staging-wp.xometry.eu\\\/no\\\/plasmaskjaering\\\/#breadcrumb\"},\"inLanguage\":\"nb-NO\",\"potentialAction\":[{\"@type\":\"ReadAction\",\"target\":[\"https:\\\/\\\/staging-wp.xometry.eu\\\/no\\\/plasmaskjaering\\\/\"]}]},{\"@type\":\"ImageObject\",\"inLanguage\":\"nb-NO\",\"@id\":\"https:\\\/\\\/staging-wp.xometry.eu\\\/no\\\/plasmaskjaering\\\/#primaryimage\",\"url\":\"https:\\\/\\\/staging-wp.xometry.eu\\\/wp-content\\\/uploads\\\/2024\\\/02\\\/NO-Plasma-cutting-service-page.jpg\",\"contentUrl\":\"https:\\\/\\\/staging-wp.xometry.eu\\\/wp-content\\\/uploads\\\/2024\\\/02\\\/NO-Plasma-cutting-service-page.jpg\",\"width\":2400,\"height\":1230},{\"@type\":\"BreadcrumbList\",\"@id\":\"https:\\\/\\\/staging-wp.xometry.eu\\\/no\\\/plasmaskjaering\\\/#breadcrumb\",\"itemListElement\":[{\"@type\":\"ListItem\",\"position\":1,\"name\":\"Home\",\"item\":\"https:\\\/\\\/staging-wp.xometry.eu\\\/no\\\/\"},{\"@type\":\"ListItem\",\"position\":2,\"name\":\"Plasmaskj\u00e6ring\"}]},{\"@type\":\"WebSite\",\"@id\":\"https:\\\/\\\/staging-wp.xometry.eu\\\/no\\\/#website\",\"url\":\"https:\\\/\\\/staging-wp.xometry.eu\\\/no\\\/\",\"name\":\"Xometry Europe\",\"description\":\"\",\"publisher\":{\"@id\":\"https:\\\/\\\/staging-wp.xometry.eu\\\/no\\\/#organization\"},\"potentialAction\":[{\"@type\":\"SearchAction\",\"target\":{\"@type\":\"EntryPoint\",\"urlTemplate\":\"https:\\\/\\\/staging-wp.xometry.eu\\\/no\\\/?s={search_term_string}\"},\"query-input\":{\"@type\":\"PropertyValueSpecification\",\"valueRequired\":true,\"valueName\":\"search_term_string\"}}],\"inLanguage\":\"nb-NO\"}]}<\/script>\n<!-- \/ Yoast SEO Premium plugin. -->","yoast_head_json":{"title":"Plasmaskj\u00e6ring Tjenester | Bestill Deler Online | Xometry Europe","description":"Vi tilbyr plasmaskj\u00e6ring tjenester for produksjon av b\u00e5de seriedeler og prototyper av aluminium, st\u00e5l og kobber legeringer.","robots":{"index":"noindex","follow":"follow","max-snippet":"max-snippet:-1","max-image-preview":"max-image-preview:large","max-video-preview":"max-video-preview:-1"},"og_locale":"nb_NO","og_type":"article","og_title":"Plasmaskj\u00e6ring","og_description":"Vi tilbyr plasmaskj\u00e6ring tjenester for produksjon av b\u00e5de seriedeler og prototyper av aluminium, st\u00e5l og kobber legeringer.","og_url":"https:\/\/staging-wp.xometry.eu\/no\/plasmaskjaering\/","og_site_name":"Xometry Europe","article_modified_time":"2026-02-05T13:39:32+00:00","og_image":[{"url":"http:\/\/staging-wp.xometry.eu\/wp-content\/uploads\/2023\/02\/EN-Plasma-cutting-service-page-1440x738.jpg","type":"","width":"","height":""}],"twitter_card":"summary_large_image","twitter_image":"https:\/\/xometry.de\/wp-content\/uploads\/2020\/08\/plasma-cutting-sheet-metal-services-.jpg","schema":{"@context":"https:\/\/schema.org","@graph":[{"@type":"WebPage","@id":"https:\/\/staging-wp.xometry.eu\/no\/plasmaskjaering\/","url":"https:\/\/staging-wp.xometry.eu\/no\/plasmaskjaering\/","name":"Plasmaskj\u00e6ring Tjenester | Bestill Deler Online | Xometry Europe","isPartOf":{"@id":"https:\/\/staging-wp.xometry.eu\/no\/#website"},"primaryImageOfPage":{"@id":"https:\/\/staging-wp.xometry.eu\/no\/plasmaskjaering\/#primaryimage"},"image":{"@id":"https:\/\/staging-wp.xometry.eu\/no\/plasmaskjaering\/#primaryimage"},"thumbnailUrl":"https:\/\/staging-wp.xometry.eu\/wp-content\/uploads\/2024\/02\/NO-Plasma-cutting-service-page.jpg","datePublished":"2022-08-25T09:54:49+00:00","dateModified":"2026-02-05T13:39:32+00:00","description":"Vi tilbyr plasmaskj\u00e6ring tjenester for produksjon av b\u00e5de seriedeler og prototyper av aluminium, st\u00e5l og kobber legeringer.","breadcrumb":{"@id":"https:\/\/staging-wp.xometry.eu\/no\/plasmaskjaering\/#breadcrumb"},"inLanguage":"nb-NO","potentialAction":[{"@type":"ReadAction","target":["https:\/\/staging-wp.xometry.eu\/no\/plasmaskjaering\/"]}]},{"@type":"ImageObject","inLanguage":"nb-NO","@id":"https:\/\/staging-wp.xometry.eu\/no\/plasmaskjaering\/#primaryimage","url":"https:\/\/staging-wp.xometry.eu\/wp-content\/uploads\/2024\/02\/NO-Plasma-cutting-service-page.jpg","contentUrl":"https:\/\/staging-wp.xometry.eu\/wp-content\/uploads\/2024\/02\/NO-Plasma-cutting-service-page.jpg","width":2400,"height":1230},{"@type":"BreadcrumbList","@id":"https:\/\/staging-wp.xometry.eu\/no\/plasmaskjaering\/#breadcrumb","itemListElement":[{"@type":"ListItem","position":1,"name":"Home","item":"https:\/\/staging-wp.xometry.eu\/no\/"},{"@type":"ListItem","position":2,"name":"Plasmaskj\u00e6ring"}]},{"@type":"WebSite","@id":"https:\/\/staging-wp.xometry.eu\/no\/#website","url":"https:\/\/staging-wp.xometry.eu\/no\/","name":"Xometry Europe","description":"","publisher":{"@id":"https:\/\/staging-wp.xometry.eu\/no\/#organization"},"potentialAction":[{"@type":"SearchAction","target":{"@type":"EntryPoint","urlTemplate":"https:\/\/staging-wp.xometry.eu\/no\/?s={search_term_string}"},"query-input":{"@type":"PropertyValueSpecification","valueRequired":true,"valueName":"search_term_string"}}],"inLanguage":"nb-NO"}]}},"_links":{"self":[{"href":"https:\/\/staging-wp.xometry.eu\/no\/wp-json\/wp\/v2\/pages\/71572","targetHints":{"allow":["GET"]}}],"collection":[{"href":"https:\/\/staging-wp.xometry.eu\/no\/wp-json\/wp\/v2\/pages"}],"about":[{"href":"https:\/\/staging-wp.xometry.eu\/no\/wp-json\/wp\/v2\/types\/page"}],"author":[{"embeddable":true,"href":"https:\/\/staging-wp.xometry.eu\/no\/wp-json\/wp\/v2\/users\/10"}],"replies":[{"embeddable":true,"href":"https:\/\/staging-wp.xometry.eu\/no\/wp-json\/wp\/v2\/comments?post=71572"}],"version-history":[{"count":0,"href":"https:\/\/staging-wp.xometry.eu\/no\/wp-json\/wp\/v2\/pages\/71572\/revisions"}],"wp:featuredmedia":[{"embeddable":true,"href":"https:\/\/staging-wp.xometry.eu\/no\/wp-json\/wp\/v2\/media\/133794"}],"wp:attachment":[{"href":"https:\/\/staging-wp.xometry.eu\/no\/wp-json\/wp\/v2\/media?parent=71572"}],"curies":[{"name":"wp","href":"https:\/\/api.w.org\/{rel}","templated":true}]}}