{"id":121982,"date":"2024-01-26T12:28:16","date_gmt":"2024-01-26T10:28:16","guid":{"rendered":"https:\/\/staging-wp.xometry.eu\/?page_id=121982"},"modified":"2026-02-03T18:37:30","modified_gmt":"2026-02-03T16:37:30","slug":"formative-produksjonstjenester","status":"publish","type":"page","link":"https:\/\/staging-wp.xometry.eu\/no\/formative-produksjonstjenester\/","title":{"rendered":"Formative produksjon"},"content":{"rendered":"","protected":false},"excerpt":{"rendered":"","protected":false},"author":10,"featured_media":0,"parent":0,"menu_order":0,"comment_status":"closed","ping_status":"closed","template":"","meta":{"_acf_changed":false,"inline_featured_image":false,"footnotes":""},"class_list":["post-121982","page","type-page","status-publish","hentry"],"acf":[],"yoast_head":"<!-- This site is optimized with the Yoast SEO Premium plugin v20.5 (Yoast SEO v27.3) - https:\/\/yoast.com\/product\/yoast-seo-premium-wordpress\/ -->\n<title>Formative produksjonstjenester | 4 teknologier | Xometry Europe<\/title>\n<meta name=\"description\" content=\"Xometry Europe tilbyr 4 formative produksjonsteknologier, inkludert spr\u00f8ytest\u00f8ping, formst\u00f8ping, bl\u00e5sest\u00f8ping og plastekstrudering.\" \/>\n<meta name=\"robots\" content=\"noindex, follow, max-snippet:-1, max-image-preview:large, max-video-preview:-1\" \/>\n<meta property=\"og:locale\" content=\"nb_NO\" \/>\n<meta property=\"og:type\" content=\"article\" \/>\n<meta property=\"og:title\" content=\"Formative produksjon\" \/>\n<meta property=\"og:description\" content=\"Xometry Europe tilbyr 4 formative produksjonsteknologier, inkludert spr\u00f8ytest\u00f8ping, formst\u00f8ping, bl\u00e5sest\u00f8ping og plastekstrudering.\" \/>\n<meta property=\"og:url\" content=\"https:\/\/staging-wp.xometry.eu\/no\/formative-produksjonstjenester\/\" \/>\n<meta property=\"og:site_name\" content=\"Xometry Europe\" \/>\n<meta property=\"article:modified_time\" content=\"2026-02-03T16:37:30+00:00\" \/>\n<meta name=\"twitter:card\" content=\"summary_large_image\" \/>\n<script type=\"application\/ld+json\" class=\"yoast-schema-graph\">{\"@context\":\"https:\\\/\\\/schema.org\",\"@graph\":[{\"@type\":\"WebPage\",\"@id\":\"https:\\\/\\\/staging-wp.xometry.eu\\\/no\\\/formative-produksjonstjenester\\\/\",\"url\":\"https:\\\/\\\/staging-wp.xometry.eu\\\/no\\\/formative-produksjonstjenester\\\/\",\"name\":\"Formative produksjonstjenester | 4 teknologier | Xometry Europe\",\"isPartOf\":{\"@id\":\"https:\\\/\\\/staging-wp.xometry.eu\\\/no\\\/#website\"},\"datePublished\":\"2024-01-26T10:28:16+00:00\",\"dateModified\":\"2026-02-03T16:37:30+00:00\",\"description\":\"Xometry Europe tilbyr 4 formative produksjonsteknologier, inkludert spr\u00f8ytest\u00f8ping, formst\u00f8ping, bl\u00e5sest\u00f8ping og plastekstrudering.\",\"breadcrumb\":{\"@id\":\"https:\\\/\\\/staging-wp.xometry.eu\\\/no\\\/formative-produksjonstjenester\\\/#breadcrumb\"},\"inLanguage\":\"nb-NO\",\"potentialAction\":[{\"@type\":\"ReadAction\",\"target\":[\"https:\\\/\\\/staging-wp.xometry.eu\\\/no\\\/formative-produksjonstjenester\\\/\"]}]},{\"@type\":\"BreadcrumbList\",\"@id\":\"https:\\\/\\\/staging-wp.xometry.eu\\\/no\\\/formative-produksjonstjenester\\\/#breadcrumb\",\"itemListElement\":[{\"@type\":\"ListItem\",\"position\":1,\"name\":\"Home\",\"item\":\"https:\\\/\\\/staging-wp.xometry.eu\\\/no\\\/\"},{\"@type\":\"ListItem\",\"position\":2,\"name\":\"Formative produksjon\"}]},{\"@type\":\"WebSite\",\"@id\":\"https:\\\/\\\/staging-wp.xometry.eu\\\/no\\\/#website\",\"url\":\"https:\\\/\\\/staging-wp.xometry.eu\\\/no\\\/\",\"name\":\"Xometry Europe\",\"description\":\"\",\"publisher\":{\"@id\":\"https:\\\/\\\/staging-wp.xometry.eu\\\/no\\\/#organization\"},\"potentialAction\":[{\"@type\":\"SearchAction\",\"target\":{\"@type\":\"EntryPoint\",\"urlTemplate\":\"https:\\\/\\\/staging-wp.xometry.eu\\\/no\\\/?s={search_term_string}\"},\"query-input\":{\"@type\":\"PropertyValueSpecification\",\"valueRequired\":true,\"valueName\":\"search_term_string\"}}],\"inLanguage\":\"nb-NO\"}]}<\/script>\n<!-- \/ Yoast SEO Premium plugin. -->","yoast_head_json":{"title":"Formative produksjonstjenester | 4 teknologier | Xometry Europe","description":"Xometry Europe tilbyr 4 formative produksjonsteknologier, inkludert spr\u00f8ytest\u00f8ping, formst\u00f8ping, bl\u00e5sest\u00f8ping og plastekstrudering.","robots":{"index":"noindex","follow":"follow","max-snippet":"max-snippet:-1","max-image-preview":"max-image-preview:large","max-video-preview":"max-video-preview:-1"},"og_locale":"nb_NO","og_type":"article","og_title":"Formative produksjon","og_description":"Xometry Europe tilbyr 4 formative produksjonsteknologier, inkludert spr\u00f8ytest\u00f8ping, formst\u00f8ping, bl\u00e5sest\u00f8ping og plastekstrudering.","og_url":"https:\/\/staging-wp.xometry.eu\/no\/formative-produksjonstjenester\/","og_site_name":"Xometry Europe","article_modified_time":"2026-02-03T16:37:30+00:00","twitter_card":"summary_large_image","schema":{"@context":"https:\/\/schema.org","@graph":[{"@type":"WebPage","@id":"https:\/\/staging-wp.xometry.eu\/no\/formative-produksjonstjenester\/","url":"https:\/\/staging-wp.xometry.eu\/no\/formative-produksjonstjenester\/","name":"Formative produksjonstjenester | 4 teknologier | Xometry Europe","isPartOf":{"@id":"https:\/\/staging-wp.xometry.eu\/no\/#website"},"datePublished":"2024-01-26T10:28:16+00:00","dateModified":"2026-02-03T16:37:30+00:00","description":"Xometry Europe tilbyr 4 formative produksjonsteknologier, inkludert spr\u00f8ytest\u00f8ping, formst\u00f8ping, bl\u00e5sest\u00f8ping og plastekstrudering.","breadcrumb":{"@id":"https:\/\/staging-wp.xometry.eu\/no\/formative-produksjonstjenester\/#breadcrumb"},"inLanguage":"nb-NO","potentialAction":[{"@type":"ReadAction","target":["https:\/\/staging-wp.xometry.eu\/no\/formative-produksjonstjenester\/"]}]},{"@type":"BreadcrumbList","@id":"https:\/\/staging-wp.xometry.eu\/no\/formative-produksjonstjenester\/#breadcrumb","itemListElement":[{"@type":"ListItem","position":1,"name":"Home","item":"https:\/\/staging-wp.xometry.eu\/no\/"},{"@type":"ListItem","position":2,"name":"Formative produksjon"}]},{"@type":"WebSite","@id":"https:\/\/staging-wp.xometry.eu\/no\/#website","url":"https:\/\/staging-wp.xometry.eu\/no\/","name":"Xometry Europe","description":"","publisher":{"@id":"https:\/\/staging-wp.xometry.eu\/no\/#organization"},"potentialAction":[{"@type":"SearchAction","target":{"@type":"EntryPoint","urlTemplate":"https:\/\/staging-wp.xometry.eu\/no\/?s={search_term_string}"},"query-input":{"@type":"PropertyValueSpecification","valueRequired":true,"valueName":"search_term_string"}}],"inLanguage":"nb-NO"}]}},"_links":{"self":[{"href":"https:\/\/staging-wp.xometry.eu\/no\/wp-json\/wp\/v2\/pages\/121982","targetHints":{"allow":["GET"]}}],"collection":[{"href":"https:\/\/staging-wp.xometry.eu\/no\/wp-json\/wp\/v2\/pages"}],"about":[{"href":"https:\/\/staging-wp.xometry.eu\/no\/wp-json\/wp\/v2\/types\/page"}],"author":[{"embeddable":true,"href":"https:\/\/staging-wp.xometry.eu\/no\/wp-json\/wp\/v2\/users\/10"}],"replies":[{"embeddable":true,"href":"https:\/\/staging-wp.xometry.eu\/no\/wp-json\/wp\/v2\/comments?post=121982"}],"version-history":[{"count":0,"href":"https:\/\/staging-wp.xometry.eu\/no\/wp-json\/wp\/v2\/pages\/121982\/revisions"}],"wp:attachment":[{"href":"https:\/\/staging-wp.xometry.eu\/no\/wp-json\/wp\/v2\/media?parent=121982"}],"curies":[{"name":"wp","href":"https:\/\/api.w.org\/{rel}","templated":true}]}}