{"id":140582,"date":"2024-01-26T11:35:34","date_gmt":"2024-01-26T09:35:34","guid":{"rendered":"https:\/\/staging-wp.xometry.eu\/formative-manufacturing\/"},"modified":"2026-02-03T18:29:54","modified_gmt":"2026-02-03T16:29:54","slug":"formativ-gyartas","status":"publish","type":"page","link":"https:\/\/staging-wp.xometry.eu\/hu\/formativ-gyartas\/","title":{"rendered":"Formative Manufacturing"},"content":{"rendered":"","protected":false},"excerpt":{"rendered":"","protected":false},"author":10,"featured_media":0,"parent":0,"menu_order":0,"comment_status":"closed","ping_status":"closed","template":"","meta":{"_acf_changed":false,"inline_featured_image":false,"footnotes":""},"class_list":["post-140582","page","type-page","status-publish","hentry"],"acf":[],"yoast_head":"<!-- This site is optimized with the Yoast SEO Premium plugin v20.5 (Yoast SEO v27.3) - https:\/\/yoast.com\/product\/yoast-seo-premium-wordpress\/ -->\n<title>Format\u00edv gy\u00e1rt\u00e1si szolg\u00e1ltat\u00e1sok | 4 technol\u00f3gi\u00e1k | Xometry Europe<\/title>\n<meta name=\"description\" content=\"A Xometry Europe 4 form\u00e1z\u00e1si gy\u00e1rt\u00e1si technol\u00f3gi\u00e1t k\u00edn\u00e1l, k\u00f6zt\u00fck fr\u00f6ccs\u00f6nt\u00e9st, \u00f6nt\u00e9st, f\u00fav\u00f3form\u00e1z\u00e1st \u00e9s extrud\u00e1l\u00e1st.\" \/>\n<meta name=\"robots\" content=\"noindex, follow, max-snippet:-1, max-image-preview:large, max-video-preview:-1\" \/>\n<meta property=\"og:locale\" content=\"hu_HU\" \/>\n<meta property=\"og:type\" content=\"article\" \/>\n<meta property=\"og:title\" content=\"Formative Manufacturing\" \/>\n<meta property=\"og:description\" content=\"A Xometry Europe 4 form\u00e1z\u00e1si gy\u00e1rt\u00e1si technol\u00f3gi\u00e1t k\u00edn\u00e1l, k\u00f6zt\u00fck fr\u00f6ccs\u00f6nt\u00e9st, \u00f6nt\u00e9st, f\u00fav\u00f3form\u00e1z\u00e1st \u00e9s extrud\u00e1l\u00e1st.\" \/>\n<meta property=\"og:url\" content=\"https:\/\/staging-wp.xometry.eu\/hu\/formativ-gyartas\/\" \/>\n<meta property=\"og:site_name\" content=\"Xometry Europe\" \/>\n<meta property=\"article:modified_time\" content=\"2026-02-03T16:29:54+00:00\" \/>\n<meta name=\"twitter:card\" content=\"summary_large_image\" \/>\n<script type=\"application\/ld+json\" class=\"yoast-schema-graph\">{\"@context\":\"https:\\\/\\\/schema.org\",\"@graph\":[{\"@type\":\"WebPage\",\"@id\":\"https:\\\/\\\/staging-wp.xometry.eu\\\/hu\\\/formativ-gyartas\\\/\",\"url\":\"https:\\\/\\\/staging-wp.xometry.eu\\\/hu\\\/formativ-gyartas\\\/\",\"name\":\"Format\u00edv gy\u00e1rt\u00e1si szolg\u00e1ltat\u00e1sok | 4 technol\u00f3gi\u00e1k | Xometry Europe\",\"isPartOf\":{\"@id\":\"https:\\\/\\\/staging-wp.xometry.eu\\\/hu\\\/#website\"},\"datePublished\":\"2024-01-26T09:35:34+00:00\",\"dateModified\":\"2026-02-03T16:29:54+00:00\",\"description\":\"A Xometry Europe 4 form\u00e1z\u00e1si gy\u00e1rt\u00e1si technol\u00f3gi\u00e1t k\u00edn\u00e1l, k\u00f6zt\u00fck fr\u00f6ccs\u00f6nt\u00e9st, \u00f6nt\u00e9st, f\u00fav\u00f3form\u00e1z\u00e1st \u00e9s extrud\u00e1l\u00e1st.\",\"breadcrumb\":{\"@id\":\"https:\\\/\\\/staging-wp.xometry.eu\\\/hu\\\/formativ-gyartas\\\/#breadcrumb\"},\"inLanguage\":\"hu\",\"potentialAction\":[{\"@type\":\"ReadAction\",\"target\":[\"https:\\\/\\\/staging-wp.xometry.eu\\\/hu\\\/formativ-gyartas\\\/\"]}]},{\"@type\":\"BreadcrumbList\",\"@id\":\"https:\\\/\\\/staging-wp.xometry.eu\\\/hu\\\/formativ-gyartas\\\/#breadcrumb\",\"itemListElement\":[{\"@type\":\"ListItem\",\"position\":1,\"name\":\"Home\",\"item\":\"https:\\\/\\\/staging-wp.xometry.eu\\\/hu\\\/\"},{\"@type\":\"ListItem\",\"position\":2,\"name\":\"Formative Manufacturing\"}]},{\"@type\":\"WebSite\",\"@id\":\"https:\\\/\\\/staging-wp.xometry.eu\\\/hu\\\/#website\",\"url\":\"https:\\\/\\\/staging-wp.xometry.eu\\\/hu\\\/\",\"name\":\"Xometry Europe\",\"description\":\"\",\"publisher\":{\"@id\":\"https:\\\/\\\/staging-wp.xometry.eu\\\/hu\\\/#organization\"},\"potentialAction\":[{\"@type\":\"SearchAction\",\"target\":{\"@type\":\"EntryPoint\",\"urlTemplate\":\"https:\\\/\\\/staging-wp.xometry.eu\\\/hu\\\/?s={search_term_string}\"},\"query-input\":{\"@type\":\"PropertyValueSpecification\",\"valueRequired\":true,\"valueName\":\"search_term_string\"}}],\"inLanguage\":\"hu\"}]}<\/script>\n<!-- \/ Yoast SEO Premium plugin. -->","yoast_head_json":{"title":"Format\u00edv gy\u00e1rt\u00e1si szolg\u00e1ltat\u00e1sok | 4 technol\u00f3gi\u00e1k | Xometry Europe","description":"A Xometry Europe 4 form\u00e1z\u00e1si gy\u00e1rt\u00e1si technol\u00f3gi\u00e1t k\u00edn\u00e1l, k\u00f6zt\u00fck fr\u00f6ccs\u00f6nt\u00e9st, \u00f6nt\u00e9st, f\u00fav\u00f3form\u00e1z\u00e1st \u00e9s extrud\u00e1l\u00e1st.","robots":{"index":"noindex","follow":"follow","max-snippet":"max-snippet:-1","max-image-preview":"max-image-preview:large","max-video-preview":"max-video-preview:-1"},"og_locale":"hu_HU","og_type":"article","og_title":"Formative Manufacturing","og_description":"A Xometry Europe 4 form\u00e1z\u00e1si gy\u00e1rt\u00e1si technol\u00f3gi\u00e1t k\u00edn\u00e1l, k\u00f6zt\u00fck fr\u00f6ccs\u00f6nt\u00e9st, \u00f6nt\u00e9st, f\u00fav\u00f3form\u00e1z\u00e1st \u00e9s extrud\u00e1l\u00e1st.","og_url":"https:\/\/staging-wp.xometry.eu\/hu\/formativ-gyartas\/","og_site_name":"Xometry Europe","article_modified_time":"2026-02-03T16:29:54+00:00","twitter_card":"summary_large_image","schema":{"@context":"https:\/\/schema.org","@graph":[{"@type":"WebPage","@id":"https:\/\/staging-wp.xometry.eu\/hu\/formativ-gyartas\/","url":"https:\/\/staging-wp.xometry.eu\/hu\/formativ-gyartas\/","name":"Format\u00edv gy\u00e1rt\u00e1si szolg\u00e1ltat\u00e1sok | 4 technol\u00f3gi\u00e1k | Xometry Europe","isPartOf":{"@id":"https:\/\/staging-wp.xometry.eu\/hu\/#website"},"datePublished":"2024-01-26T09:35:34+00:00","dateModified":"2026-02-03T16:29:54+00:00","description":"A Xometry Europe 4 form\u00e1z\u00e1si gy\u00e1rt\u00e1si technol\u00f3gi\u00e1t k\u00edn\u00e1l, k\u00f6zt\u00fck fr\u00f6ccs\u00f6nt\u00e9st, \u00f6nt\u00e9st, f\u00fav\u00f3form\u00e1z\u00e1st \u00e9s extrud\u00e1l\u00e1st.","breadcrumb":{"@id":"https:\/\/staging-wp.xometry.eu\/hu\/formativ-gyartas\/#breadcrumb"},"inLanguage":"hu","potentialAction":[{"@type":"ReadAction","target":["https:\/\/staging-wp.xometry.eu\/hu\/formativ-gyartas\/"]}]},{"@type":"BreadcrumbList","@id":"https:\/\/staging-wp.xometry.eu\/hu\/formativ-gyartas\/#breadcrumb","itemListElement":[{"@type":"ListItem","position":1,"name":"Home","item":"https:\/\/staging-wp.xometry.eu\/hu\/"},{"@type":"ListItem","position":2,"name":"Formative Manufacturing"}]},{"@type":"WebSite","@id":"https:\/\/staging-wp.xometry.eu\/hu\/#website","url":"https:\/\/staging-wp.xometry.eu\/hu\/","name":"Xometry Europe","description":"","publisher":{"@id":"https:\/\/staging-wp.xometry.eu\/hu\/#organization"},"potentialAction":[{"@type":"SearchAction","target":{"@type":"EntryPoint","urlTemplate":"https:\/\/staging-wp.xometry.eu\/hu\/?s={search_term_string}"},"query-input":{"@type":"PropertyValueSpecification","valueRequired":true,"valueName":"search_term_string"}}],"inLanguage":"hu"}]}},"_links":{"self":[{"href":"https:\/\/staging-wp.xometry.eu\/hu\/wp-json\/wp\/v2\/pages\/140582","targetHints":{"allow":["GET"]}}],"collection":[{"href":"https:\/\/staging-wp.xometry.eu\/hu\/wp-json\/wp\/v2\/pages"}],"about":[{"href":"https:\/\/staging-wp.xometry.eu\/hu\/wp-json\/wp\/v2\/types\/page"}],"author":[{"embeddable":true,"href":"https:\/\/staging-wp.xometry.eu\/hu\/wp-json\/wp\/v2\/users\/10"}],"replies":[{"embeddable":true,"href":"https:\/\/staging-wp.xometry.eu\/hu\/wp-json\/wp\/v2\/comments?post=140582"}],"version-history":[{"count":0,"href":"https:\/\/staging-wp.xometry.eu\/hu\/wp-json\/wp\/v2\/pages\/140582\/revisions"}],"wp:attachment":[{"href":"https:\/\/staging-wp.xometry.eu\/hu\/wp-json\/wp\/v2\/media?parent=140582"}],"curies":[{"name":"wp","href":"https:\/\/api.w.org\/{rel}","templated":true}]}}