{"id":140562,"date":"2021-10-26T17:41:02","date_gmt":"2021-10-26T17:41:02","guid":{"rendered":"https:\/\/staging-wp.xometry.eu\/die-casting\/"},"modified":"2026-02-03T15:11:19","modified_gmt":"2026-02-03T13:11:19","slug":"nyomasos-ontes","status":"publish","type":"page","link":"https:\/\/staging-wp.xometry.eu\/hu\/nyomasos-ontes\/","title":{"rendered":"Die Casting"},"content":{"rendered":"","protected":false},"excerpt":{"rendered":"","protected":false},"author":10,"featured_media":42708,"parent":0,"menu_order":0,"comment_status":"closed","ping_status":"closed","template":"","meta":{"_acf_changed":false,"inline_featured_image":false,"footnotes":""},"class_list":["post-140562","page","type-page","status-publish","has-post-thumbnail","hentry"],"acf":[],"yoast_head":"<!-- This site is optimized with the Yoast SEO Premium plugin v20.5 (Yoast SEO v27.3) - https:\/\/yoast.com\/product\/yoast-seo-premium-wordpress\/ -->\n<title>Die Casting | Alum\u00ednium, cink \u00f6tv\u00f6zetek | Xometry Europe<\/title>\n<meta name=\"description\" content=\"Online \u00f6nt\u00e9si szolg\u00e1ltat\u00e1sok alum\u00ednium- \u00e9s cink\u00f6tv\u00f6zetekhez. T\u00f6ltse fel CAD-f\u00e1jljait, \u00e9s kapjon azonnali \u00e1raj\u00e1nlatot \u00f6nt\u00f6tt alkatr\u00e9szeire.\" \/>\n<meta name=\"robots\" content=\"noindex, follow, max-snippet:-1, max-image-preview:large, max-video-preview:-1\" \/>\n<meta property=\"og:locale\" content=\"hu_HU\" \/>\n<meta property=\"og:type\" content=\"article\" \/>\n<meta property=\"og:title\" content=\"Die Casting\" \/>\n<meta property=\"og:description\" content=\"Online \u00f6nt\u00e9si szolg\u00e1ltat\u00e1sok alum\u00ednium- \u00e9s cink\u00f6tv\u00f6zetekhez. T\u00f6ltse fel CAD-f\u00e1jljait, \u00e9s kapjon azonnali \u00e1raj\u00e1nlatot \u00f6nt\u00f6tt alkatr\u00e9szeire.\" \/>\n<meta property=\"og:url\" content=\"https:\/\/staging-wp.xometry.eu\/hu\/nyomasos-ontes\/\" \/>\n<meta property=\"og:site_name\" content=\"Xometry Europe\" \/>\n<meta property=\"article:modified_time\" content=\"2026-02-03T13:11:19+00:00\" \/>\n<meta property=\"og:image\" content=\"http:\/\/staging-wp.xometry.eu\/wp-content\/uploads\/2023\/02\/EN-Die-Casting-service-page-1440x737.jpg\" \/>\n<meta name=\"twitter:card\" content=\"summary_large_image\" \/>\n<script type=\"application\/ld+json\" class=\"yoast-schema-graph\">{\"@context\":\"https:\\\/\\\/schema.org\",\"@graph\":[{\"@type\":\"WebPage\",\"@id\":\"https:\\\/\\\/staging-wp.xometry.eu\\\/hu\\\/nyomasos-ontes\\\/\",\"url\":\"https:\\\/\\\/staging-wp.xometry.eu\\\/hu\\\/nyomasos-ontes\\\/\",\"name\":\"Die Casting | Alum\u00ednium, cink \u00f6tv\u00f6zetek | Xometry Europe\",\"isPartOf\":{\"@id\":\"https:\\\/\\\/staging-wp.xometry.eu\\\/hu\\\/#website\"},\"primaryImageOfPage\":{\"@id\":\"https:\\\/\\\/staging-wp.xometry.eu\\\/hu\\\/nyomasos-ontes\\\/#primaryimage\"},\"image\":{\"@id\":\"https:\\\/\\\/staging-wp.xometry.eu\\\/hu\\\/nyomasos-ontes\\\/#primaryimage\"},\"thumbnailUrl\":\"https:\\\/\\\/staging-wp.xometry.eu\\\/wp-content\\\/uploads\\\/2021\\\/10\\\/Die-casting.jpg\",\"datePublished\":\"2021-10-26T17:41:02+00:00\",\"dateModified\":\"2026-02-03T13:11:19+00:00\",\"description\":\"Online \u00f6nt\u00e9si szolg\u00e1ltat\u00e1sok alum\u00ednium- \u00e9s cink\u00f6tv\u00f6zetekhez. T\u00f6ltse fel CAD-f\u00e1jljait, \u00e9s kapjon azonnali \u00e1raj\u00e1nlatot \u00f6nt\u00f6tt alkatr\u00e9szeire.\",\"breadcrumb\":{\"@id\":\"https:\\\/\\\/staging-wp.xometry.eu\\\/hu\\\/nyomasos-ontes\\\/#breadcrumb\"},\"inLanguage\":\"hu\",\"potentialAction\":[{\"@type\":\"ReadAction\",\"target\":[\"https:\\\/\\\/staging-wp.xometry.eu\\\/hu\\\/nyomasos-ontes\\\/\"]}]},{\"@type\":\"ImageObject\",\"inLanguage\":\"hu\",\"@id\":\"https:\\\/\\\/staging-wp.xometry.eu\\\/hu\\\/nyomasos-ontes\\\/#primaryimage\",\"url\":\"https:\\\/\\\/staging-wp.xometry.eu\\\/wp-content\\\/uploads\\\/2021\\\/10\\\/Die-casting.jpg\",\"contentUrl\":\"https:\\\/\\\/staging-wp.xometry.eu\\\/wp-content\\\/uploads\\\/2021\\\/10\\\/Die-casting.jpg\",\"width\":1500,\"height\":841,\"caption\":\"Die cast aluminium parts\"},{\"@type\":\"BreadcrumbList\",\"@id\":\"https:\\\/\\\/staging-wp.xometry.eu\\\/hu\\\/nyomasos-ontes\\\/#breadcrumb\",\"itemListElement\":[{\"@type\":\"ListItem\",\"position\":1,\"name\":\"Home\",\"item\":\"https:\\\/\\\/staging-wp.xometry.eu\\\/hu\\\/\"},{\"@type\":\"ListItem\",\"position\":2,\"name\":\"Die Casting\"}]},{\"@type\":\"WebSite\",\"@id\":\"https:\\\/\\\/staging-wp.xometry.eu\\\/hu\\\/#website\",\"url\":\"https:\\\/\\\/staging-wp.xometry.eu\\\/hu\\\/\",\"name\":\"Xometry Europe\",\"description\":\"\",\"publisher\":{\"@id\":\"https:\\\/\\\/staging-wp.xometry.eu\\\/hu\\\/#organization\"},\"potentialAction\":[{\"@type\":\"SearchAction\",\"target\":{\"@type\":\"EntryPoint\",\"urlTemplate\":\"https:\\\/\\\/staging-wp.xometry.eu\\\/hu\\\/?s={search_term_string}\"},\"query-input\":{\"@type\":\"PropertyValueSpecification\",\"valueRequired\":true,\"valueName\":\"search_term_string\"}}],\"inLanguage\":\"hu\"}]}<\/script>\n<!-- \/ Yoast SEO Premium plugin. -->","yoast_head_json":{"title":"Die Casting | Alum\u00ednium, cink \u00f6tv\u00f6zetek | Xometry Europe","description":"Online \u00f6nt\u00e9si szolg\u00e1ltat\u00e1sok alum\u00ednium- \u00e9s cink\u00f6tv\u00f6zetekhez. T\u00f6ltse fel CAD-f\u00e1jljait, \u00e9s kapjon azonnali \u00e1raj\u00e1nlatot \u00f6nt\u00f6tt alkatr\u00e9szeire.","robots":{"index":"noindex","follow":"follow","max-snippet":"max-snippet:-1","max-image-preview":"max-image-preview:large","max-video-preview":"max-video-preview:-1"},"og_locale":"hu_HU","og_type":"article","og_title":"Die Casting","og_description":"Online \u00f6nt\u00e9si szolg\u00e1ltat\u00e1sok alum\u00ednium- \u00e9s cink\u00f6tv\u00f6zetekhez. T\u00f6ltse fel CAD-f\u00e1jljait, \u00e9s kapjon azonnali \u00e1raj\u00e1nlatot \u00f6nt\u00f6tt alkatr\u00e9szeire.","og_url":"https:\/\/staging-wp.xometry.eu\/hu\/nyomasos-ontes\/","og_site_name":"Xometry Europe","article_modified_time":"2026-02-03T13:11:19+00:00","og_image":[{"url":"http:\/\/staging-wp.xometry.eu\/wp-content\/uploads\/2023\/02\/EN-Die-Casting-service-page-1440x737.jpg","type":"","width":"","height":""}],"twitter_card":"summary_large_image","schema":{"@context":"https:\/\/schema.org","@graph":[{"@type":"WebPage","@id":"https:\/\/staging-wp.xometry.eu\/hu\/nyomasos-ontes\/","url":"https:\/\/staging-wp.xometry.eu\/hu\/nyomasos-ontes\/","name":"Die Casting | Alum\u00ednium, cink \u00f6tv\u00f6zetek | Xometry Europe","isPartOf":{"@id":"https:\/\/staging-wp.xometry.eu\/hu\/#website"},"primaryImageOfPage":{"@id":"https:\/\/staging-wp.xometry.eu\/hu\/nyomasos-ontes\/#primaryimage"},"image":{"@id":"https:\/\/staging-wp.xometry.eu\/hu\/nyomasos-ontes\/#primaryimage"},"thumbnailUrl":"https:\/\/staging-wp.xometry.eu\/wp-content\/uploads\/2021\/10\/Die-casting.jpg","datePublished":"2021-10-26T17:41:02+00:00","dateModified":"2026-02-03T13:11:19+00:00","description":"Online \u00f6nt\u00e9si szolg\u00e1ltat\u00e1sok alum\u00ednium- \u00e9s cink\u00f6tv\u00f6zetekhez. T\u00f6ltse fel CAD-f\u00e1jljait, \u00e9s kapjon azonnali \u00e1raj\u00e1nlatot \u00f6nt\u00f6tt alkatr\u00e9szeire.","breadcrumb":{"@id":"https:\/\/staging-wp.xometry.eu\/hu\/nyomasos-ontes\/#breadcrumb"},"inLanguage":"hu","potentialAction":[{"@type":"ReadAction","target":["https:\/\/staging-wp.xometry.eu\/hu\/nyomasos-ontes\/"]}]},{"@type":"ImageObject","inLanguage":"hu","@id":"https:\/\/staging-wp.xometry.eu\/hu\/nyomasos-ontes\/#primaryimage","url":"https:\/\/staging-wp.xometry.eu\/wp-content\/uploads\/2021\/10\/Die-casting.jpg","contentUrl":"https:\/\/staging-wp.xometry.eu\/wp-content\/uploads\/2021\/10\/Die-casting.jpg","width":1500,"height":841,"caption":"Die cast aluminium parts"},{"@type":"BreadcrumbList","@id":"https:\/\/staging-wp.xometry.eu\/hu\/nyomasos-ontes\/#breadcrumb","itemListElement":[{"@type":"ListItem","position":1,"name":"Home","item":"https:\/\/staging-wp.xometry.eu\/hu\/"},{"@type":"ListItem","position":2,"name":"Die Casting"}]},{"@type":"WebSite","@id":"https:\/\/staging-wp.xometry.eu\/hu\/#website","url":"https:\/\/staging-wp.xometry.eu\/hu\/","name":"Xometry Europe","description":"","publisher":{"@id":"https:\/\/staging-wp.xometry.eu\/hu\/#organization"},"potentialAction":[{"@type":"SearchAction","target":{"@type":"EntryPoint","urlTemplate":"https:\/\/staging-wp.xometry.eu\/hu\/?s={search_term_string}"},"query-input":{"@type":"PropertyValueSpecification","valueRequired":true,"valueName":"search_term_string"}}],"inLanguage":"hu"}]}},"_links":{"self":[{"href":"https:\/\/staging-wp.xometry.eu\/hu\/wp-json\/wp\/v2\/pages\/140562","targetHints":{"allow":["GET"]}}],"collection":[{"href":"https:\/\/staging-wp.xometry.eu\/hu\/wp-json\/wp\/v2\/pages"}],"about":[{"href":"https:\/\/staging-wp.xometry.eu\/hu\/wp-json\/wp\/v2\/types\/page"}],"author":[{"embeddable":true,"href":"https:\/\/staging-wp.xometry.eu\/hu\/wp-json\/wp\/v2\/users\/10"}],"replies":[{"embeddable":true,"href":"https:\/\/staging-wp.xometry.eu\/hu\/wp-json\/wp\/v2\/comments?post=140562"}],"version-history":[{"count":0,"href":"https:\/\/staging-wp.xometry.eu\/hu\/wp-json\/wp\/v2\/pages\/140562\/revisions"}],"wp:featuredmedia":[{"embeddable":true,"href":"https:\/\/staging-wp.xometry.eu\/hu\/wp-json\/wp\/v2\/media\/42708"}],"wp:attachment":[{"href":"https:\/\/staging-wp.xometry.eu\/hu\/wp-json\/wp\/v2\/media?parent=140562"}],"curies":[{"name":"wp","href":"https:\/\/api.w.org\/{rel}","templated":true}]}}