{"id":140352,"date":"2020-05-15T09:16:54","date_gmt":"2020-05-15T09:16:54","guid":{"rendered":"https:\/\/staging-wp.xometry.eu\/plasma-cutting\/"},"modified":"2026-02-05T15:36:52","modified_gmt":"2026-02-05T13:36:52","slug":"plazmavagas","status":"publish","type":"page","link":"https:\/\/staging-wp.xometry.eu\/hu\/plazmavagas\/","title":{"rendered":"Plasma Cutting"},"content":{"rendered":"","protected":false},"excerpt":{"rendered":"","protected":false},"author":1,"featured_media":35616,"parent":0,"menu_order":0,"comment_status":"closed","ping_status":"closed","template":"","meta":{"_acf_changed":false,"inline_featured_image":false,"footnotes":""},"class_list":["post-140352","page","type-page","status-publish","has-post-thumbnail","hentry"],"acf":[],"yoast_head":"<!-- This site is optimized with the Yoast SEO Premium plugin v20.5 (Yoast SEO v27.3) - https:\/\/yoast.com\/product\/yoast-seo-premium-wordpress\/ -->\n<title>Plazmav\u00e1g\u00e1si szolg\u00e1ltat\u00e1sok | Online alkatr\u00e9sz rendel\u00e9s | Xometry Europe<\/title>\n<meta name=\"description\" content=\"Plazmav\u00e1g\u00e1si szolg\u00e1ltat\u00e1sokat ny\u00fajtunk alum\u00edniumb\u00f3l, ac\u00e9lb\u00f3l \u00e9s r\u00e9z\u00f6tv\u00f6zetekb\u0151l k\u00e9sz\u00fclt sorozatgy\u00e1rt\u00e1s\u00fa alkatr\u00e9szek \u00e9s protot\u00edpusok gy\u00e1rt\u00e1s\u00e1hoz.\" \/>\n<meta name=\"robots\" content=\"noindex, follow, max-snippet:-1, max-image-preview:large, max-video-preview:-1\" \/>\n<meta property=\"og:locale\" content=\"hu_HU\" \/>\n<meta property=\"og:type\" content=\"article\" \/>\n<meta property=\"og:title\" content=\"Plasma Cutting\" \/>\n<meta property=\"og:description\" content=\"Plazmav\u00e1g\u00e1si szolg\u00e1ltat\u00e1sokat ny\u00fajtunk alum\u00edniumb\u00f3l, ac\u00e9lb\u00f3l \u00e9s r\u00e9z\u00f6tv\u00f6zetekb\u0151l k\u00e9sz\u00fclt sorozatgy\u00e1rt\u00e1s\u00fa alkatr\u00e9szek \u00e9s protot\u00edpusok gy\u00e1rt\u00e1s\u00e1hoz.\" \/>\n<meta property=\"og:url\" content=\"https:\/\/staging-wp.xometry.eu\/hu\/plazmavagas\/\" \/>\n<meta property=\"og:site_name\" content=\"Xometry Europe\" \/>\n<meta property=\"article:modified_time\" content=\"2026-02-05T13:36:52+00:00\" \/>\n<meta property=\"og:image\" content=\"http:\/\/staging-wp.xometry.eu\/wp-content\/uploads\/2023\/02\/EN-Plasma-cutting-service-page-1440x738.jpg\" \/>\n<meta name=\"twitter:card\" content=\"summary_large_image\" \/>\n<meta name=\"twitter:image\" content=\"https:\/\/xometry.de\/wp-content\/uploads\/2020\/08\/plasma-cutting-sheet-metal-services-.jpg\" \/>\n<script type=\"application\/ld+json\" class=\"yoast-schema-graph\">{\"@context\":\"https:\\\/\\\/schema.org\",\"@graph\":[{\"@type\":\"WebPage\",\"@id\":\"https:\\\/\\\/staging-wp.xometry.eu\\\/hu\\\/plazmavagas\\\/\",\"url\":\"https:\\\/\\\/staging-wp.xometry.eu\\\/hu\\\/plazmavagas\\\/\",\"name\":\"Plazmav\u00e1g\u00e1si szolg\u00e1ltat\u00e1sok | Online alkatr\u00e9sz rendel\u00e9s | Xometry Europe\",\"isPartOf\":{\"@id\":\"https:\\\/\\\/staging-wp.xometry.eu\\\/hu\\\/#website\"},\"primaryImageOfPage\":{\"@id\":\"https:\\\/\\\/staging-wp.xometry.eu\\\/hu\\\/plazmavagas\\\/#primaryimage\"},\"image\":{\"@id\":\"https:\\\/\\\/staging-wp.xometry.eu\\\/hu\\\/plazmavagas\\\/#primaryimage\"},\"thumbnailUrl\":\"https:\\\/\\\/staging-wp.xometry.eu\\\/wp-content\\\/uploads\\\/2021\\\/04\\\/plasma-cutting-services-1024x681-1.jpg\",\"datePublished\":\"2020-05-15T09:16:54+00:00\",\"dateModified\":\"2026-02-05T13:36:52+00:00\",\"description\":\"Plazmav\u00e1g\u00e1si szolg\u00e1ltat\u00e1sokat ny\u00fajtunk alum\u00edniumb\u00f3l, ac\u00e9lb\u00f3l \u00e9s r\u00e9z\u00f6tv\u00f6zetekb\u0151l k\u00e9sz\u00fclt sorozatgy\u00e1rt\u00e1s\u00fa alkatr\u00e9szek \u00e9s protot\u00edpusok gy\u00e1rt\u00e1s\u00e1hoz.\",\"breadcrumb\":{\"@id\":\"https:\\\/\\\/staging-wp.xometry.eu\\\/hu\\\/plazmavagas\\\/#breadcrumb\"},\"inLanguage\":\"hu\",\"potentialAction\":[{\"@type\":\"ReadAction\",\"target\":[\"https:\\\/\\\/staging-wp.xometry.eu\\\/hu\\\/plazmavagas\\\/\"]}]},{\"@type\":\"ImageObject\",\"inLanguage\":\"hu\",\"@id\":\"https:\\\/\\\/staging-wp.xometry.eu\\\/hu\\\/plazmavagas\\\/#primaryimage\",\"url\":\"https:\\\/\\\/staging-wp.xometry.eu\\\/wp-content\\\/uploads\\\/2021\\\/04\\\/plasma-cutting-services-1024x681-1.jpg\",\"contentUrl\":\"https:\\\/\\\/staging-wp.xometry.eu\\\/wp-content\\\/uploads\\\/2021\\\/04\\\/plasma-cutting-services-1024x681-1.jpg\",\"width\":1023,\"height\":452,\"caption\":\"Plasma cutting\"},{\"@type\":\"BreadcrumbList\",\"@id\":\"https:\\\/\\\/staging-wp.xometry.eu\\\/hu\\\/plazmavagas\\\/#breadcrumb\",\"itemListElement\":[{\"@type\":\"ListItem\",\"position\":1,\"name\":\"Home\",\"item\":\"https:\\\/\\\/staging-wp.xometry.eu\\\/hu\\\/\"},{\"@type\":\"ListItem\",\"position\":2,\"name\":\"Plasma Cutting\"}]},{\"@type\":\"WebSite\",\"@id\":\"https:\\\/\\\/staging-wp.xometry.eu\\\/hu\\\/#website\",\"url\":\"https:\\\/\\\/staging-wp.xometry.eu\\\/hu\\\/\",\"name\":\"Xometry Europe\",\"description\":\"\",\"publisher\":{\"@id\":\"https:\\\/\\\/staging-wp.xometry.eu\\\/hu\\\/#organization\"},\"potentialAction\":[{\"@type\":\"SearchAction\",\"target\":{\"@type\":\"EntryPoint\",\"urlTemplate\":\"https:\\\/\\\/staging-wp.xometry.eu\\\/hu\\\/?s={search_term_string}\"},\"query-input\":{\"@type\":\"PropertyValueSpecification\",\"valueRequired\":true,\"valueName\":\"search_term_string\"}}],\"inLanguage\":\"hu\"}]}<\/script>\n<!-- \/ Yoast SEO Premium plugin. -->","yoast_head_json":{"title":"Plazmav\u00e1g\u00e1si szolg\u00e1ltat\u00e1sok | Online alkatr\u00e9sz rendel\u00e9s | Xometry Europe","description":"Plazmav\u00e1g\u00e1si szolg\u00e1ltat\u00e1sokat ny\u00fajtunk alum\u00edniumb\u00f3l, ac\u00e9lb\u00f3l \u00e9s r\u00e9z\u00f6tv\u00f6zetekb\u0151l k\u00e9sz\u00fclt sorozatgy\u00e1rt\u00e1s\u00fa alkatr\u00e9szek \u00e9s protot\u00edpusok gy\u00e1rt\u00e1s\u00e1hoz.","robots":{"index":"noindex","follow":"follow","max-snippet":"max-snippet:-1","max-image-preview":"max-image-preview:large","max-video-preview":"max-video-preview:-1"},"og_locale":"hu_HU","og_type":"article","og_title":"Plasma Cutting","og_description":"Plazmav\u00e1g\u00e1si szolg\u00e1ltat\u00e1sokat ny\u00fajtunk alum\u00edniumb\u00f3l, ac\u00e9lb\u00f3l \u00e9s r\u00e9z\u00f6tv\u00f6zetekb\u0151l k\u00e9sz\u00fclt sorozatgy\u00e1rt\u00e1s\u00fa alkatr\u00e9szek \u00e9s protot\u00edpusok gy\u00e1rt\u00e1s\u00e1hoz.","og_url":"https:\/\/staging-wp.xometry.eu\/hu\/plazmavagas\/","og_site_name":"Xometry Europe","article_modified_time":"2026-02-05T13:36:52+00:00","og_image":[{"url":"http:\/\/staging-wp.xometry.eu\/wp-content\/uploads\/2023\/02\/EN-Plasma-cutting-service-page-1440x738.jpg","type":"","width":"","height":""}],"twitter_card":"summary_large_image","twitter_image":"https:\/\/xometry.de\/wp-content\/uploads\/2020\/08\/plasma-cutting-sheet-metal-services-.jpg","schema":{"@context":"https:\/\/schema.org","@graph":[{"@type":"WebPage","@id":"https:\/\/staging-wp.xometry.eu\/hu\/plazmavagas\/","url":"https:\/\/staging-wp.xometry.eu\/hu\/plazmavagas\/","name":"Plazmav\u00e1g\u00e1si szolg\u00e1ltat\u00e1sok | Online alkatr\u00e9sz rendel\u00e9s | Xometry Europe","isPartOf":{"@id":"https:\/\/staging-wp.xometry.eu\/hu\/#website"},"primaryImageOfPage":{"@id":"https:\/\/staging-wp.xometry.eu\/hu\/plazmavagas\/#primaryimage"},"image":{"@id":"https:\/\/staging-wp.xometry.eu\/hu\/plazmavagas\/#primaryimage"},"thumbnailUrl":"https:\/\/staging-wp.xometry.eu\/wp-content\/uploads\/2021\/04\/plasma-cutting-services-1024x681-1.jpg","datePublished":"2020-05-15T09:16:54+00:00","dateModified":"2026-02-05T13:36:52+00:00","description":"Plazmav\u00e1g\u00e1si szolg\u00e1ltat\u00e1sokat ny\u00fajtunk alum\u00edniumb\u00f3l, ac\u00e9lb\u00f3l \u00e9s r\u00e9z\u00f6tv\u00f6zetekb\u0151l k\u00e9sz\u00fclt sorozatgy\u00e1rt\u00e1s\u00fa alkatr\u00e9szek \u00e9s protot\u00edpusok gy\u00e1rt\u00e1s\u00e1hoz.","breadcrumb":{"@id":"https:\/\/staging-wp.xometry.eu\/hu\/plazmavagas\/#breadcrumb"},"inLanguage":"hu","potentialAction":[{"@type":"ReadAction","target":["https:\/\/staging-wp.xometry.eu\/hu\/plazmavagas\/"]}]},{"@type":"ImageObject","inLanguage":"hu","@id":"https:\/\/staging-wp.xometry.eu\/hu\/plazmavagas\/#primaryimage","url":"https:\/\/staging-wp.xometry.eu\/wp-content\/uploads\/2021\/04\/plasma-cutting-services-1024x681-1.jpg","contentUrl":"https:\/\/staging-wp.xometry.eu\/wp-content\/uploads\/2021\/04\/plasma-cutting-services-1024x681-1.jpg","width":1023,"height":452,"caption":"Plasma cutting"},{"@type":"BreadcrumbList","@id":"https:\/\/staging-wp.xometry.eu\/hu\/plazmavagas\/#breadcrumb","itemListElement":[{"@type":"ListItem","position":1,"name":"Home","item":"https:\/\/staging-wp.xometry.eu\/hu\/"},{"@type":"ListItem","position":2,"name":"Plasma Cutting"}]},{"@type":"WebSite","@id":"https:\/\/staging-wp.xometry.eu\/hu\/#website","url":"https:\/\/staging-wp.xometry.eu\/hu\/","name":"Xometry Europe","description":"","publisher":{"@id":"https:\/\/staging-wp.xometry.eu\/hu\/#organization"},"potentialAction":[{"@type":"SearchAction","target":{"@type":"EntryPoint","urlTemplate":"https:\/\/staging-wp.xometry.eu\/hu\/?s={search_term_string}"},"query-input":{"@type":"PropertyValueSpecification","valueRequired":true,"valueName":"search_term_string"}}],"inLanguage":"hu"}]}},"_links":{"self":[{"href":"https:\/\/staging-wp.xometry.eu\/hu\/wp-json\/wp\/v2\/pages\/140352","targetHints":{"allow":["GET"]}}],"collection":[{"href":"https:\/\/staging-wp.xometry.eu\/hu\/wp-json\/wp\/v2\/pages"}],"about":[{"href":"https:\/\/staging-wp.xometry.eu\/hu\/wp-json\/wp\/v2\/types\/page"}],"author":[{"embeddable":true,"href":"https:\/\/staging-wp.xometry.eu\/hu\/wp-json\/wp\/v2\/users\/1"}],"replies":[{"embeddable":true,"href":"https:\/\/staging-wp.xometry.eu\/hu\/wp-json\/wp\/v2\/comments?post=140352"}],"version-history":[{"count":0,"href":"https:\/\/staging-wp.xometry.eu\/hu\/wp-json\/wp\/v2\/pages\/140352\/revisions"}],"wp:featuredmedia":[{"embeddable":true,"href":"https:\/\/staging-wp.xometry.eu\/hu\/wp-json\/wp\/v2\/media\/35616"}],"wp:attachment":[{"href":"https:\/\/staging-wp.xometry.eu\/hu\/wp-json\/wp\/v2\/media?parent=140352"}],"curies":[{"name":"wp","href":"https:\/\/api.w.org\/{rel}","templated":true}]}}