{"id":96252,"date":"2023-02-08T18:38:06","date_gmt":"2023-02-08T16:38:06","guid":{"rendered":"https:\/\/staging-wp.xometry.eu\/engineering-industry\/"},"modified":"2026-03-06T15:12:49","modified_gmt":"2026-03-06T13:12:49","slug":"industrie-ingenierie","status":"publish","type":"page","link":"https:\/\/staging-wp.xometry.eu\/fr\/industrie-ingenierie\/","title":{"rendered":"Engineering Industry"},"content":{"rendered":"","protected":false},"excerpt":{"rendered":"","protected":false},"author":10,"featured_media":0,"parent":0,"menu_order":0,"comment_status":"closed","ping_status":"closed","template":"","meta":{"_acf_changed":false,"inline_featured_image":false,"footnotes":""},"class_list":["post-96252","page","type-page","status-publish","hentry"],"acf":[],"yoast_head":"<!-- This site is optimized with the Yoast SEO Premium plugin v20.5 (Yoast SEO v27.3) - https:\/\/yoast.com\/product\/yoast-seo-premium-wordpress\/ -->\n<title>Prototypes et pi\u00e8ces de production pour l&#039;industrie de l&#039;ing\u00e9nierie | Xometry<\/title>\n<meta name=\"description\" content=\"Innovez plus rapidement avec un acc\u00e8s instantan\u00e9 aux grandes capacit\u00e9s de fabrication, au r\u00e9seau et \u00e0 l&#039;expertise de Xometry dans le secteur de l&#039;ing\u00e9nierie.\" \/>\n<meta name=\"robots\" content=\"noindex, follow, max-snippet:-1, max-image-preview:large, max-video-preview:-1\" \/>\n<meta property=\"og:locale\" content=\"fr_FR\" \/>\n<meta property=\"og:type\" content=\"article\" \/>\n<meta property=\"og:title\" content=\"Engineering Industry\" \/>\n<meta property=\"og:description\" content=\"Innovez plus rapidement avec un acc\u00e8s instantan\u00e9 aux grandes capacit\u00e9s de fabrication, au r\u00e9seau et \u00e0 l&#039;expertise de Xometry dans le secteur de l&#039;ing\u00e9nierie.\" \/>\n<meta property=\"og:url\" content=\"https:\/\/staging-wp.xometry.eu\/fr\/industrie-ingenierie\/\" \/>\n<meta property=\"og:site_name\" content=\"Xometry Europe\" \/>\n<meta property=\"article:modified_time\" content=\"2026-03-06T13:12:49+00:00\" \/>\n<meta name=\"twitter:card\" content=\"summary_large_image\" \/>\n<script type=\"application\/ld+json\" class=\"yoast-schema-graph\">{\"@context\":\"https:\\\/\\\/schema.org\",\"@graph\":[{\"@type\":\"WebPage\",\"@id\":\"https:\\\/\\\/staging-wp.xometry.eu\\\/fr\\\/industrie-ingenierie\\\/\",\"url\":\"https:\\\/\\\/staging-wp.xometry.eu\\\/fr\\\/industrie-ingenierie\\\/\",\"name\":\"Prototypes et pi\u00e8ces de production pour l'industrie de l'ing\u00e9nierie | Xometry\",\"isPartOf\":{\"@id\":\"https:\\\/\\\/staging-wp.xometry.eu\\\/fr\\\/#website\"},\"datePublished\":\"2023-02-08T16:38:06+00:00\",\"dateModified\":\"2026-03-06T13:12:49+00:00\",\"description\":\"Innovez plus rapidement avec un acc\u00e8s instantan\u00e9 aux grandes capacit\u00e9s de fabrication, au r\u00e9seau et \u00e0 l'expertise de Xometry dans le secteur de l'ing\u00e9nierie.\",\"breadcrumb\":{\"@id\":\"https:\\\/\\\/staging-wp.xometry.eu\\\/fr\\\/industrie-ingenierie\\\/#breadcrumb\"},\"inLanguage\":\"fr-FR\",\"potentialAction\":[{\"@type\":\"ReadAction\",\"target\":[\"https:\\\/\\\/staging-wp.xometry.eu\\\/fr\\\/industrie-ingenierie\\\/\"]}]},{\"@type\":\"BreadcrumbList\",\"@id\":\"https:\\\/\\\/staging-wp.xometry.eu\\\/fr\\\/industrie-ingenierie\\\/#breadcrumb\",\"itemListElement\":[{\"@type\":\"ListItem\",\"position\":1,\"name\":\"Home\",\"item\":\"https:\\\/\\\/staging-wp.xometry.eu\\\/fr\\\/\"},{\"@type\":\"ListItem\",\"position\":2,\"name\":\"Engineering Industry\"}]},{\"@type\":\"WebSite\",\"@id\":\"https:\\\/\\\/staging-wp.xometry.eu\\\/fr\\\/#website\",\"url\":\"https:\\\/\\\/staging-wp.xometry.eu\\\/fr\\\/\",\"name\":\"Xometry Europe\",\"description\":\"\",\"publisher\":{\"@id\":\"https:\\\/\\\/staging-wp.xometry.eu\\\/fr\\\/#organization\"},\"potentialAction\":[{\"@type\":\"SearchAction\",\"target\":{\"@type\":\"EntryPoint\",\"urlTemplate\":\"https:\\\/\\\/staging-wp.xometry.eu\\\/fr\\\/?s={search_term_string}\"},\"query-input\":{\"@type\":\"PropertyValueSpecification\",\"valueRequired\":true,\"valueName\":\"search_term_string\"}}],\"inLanguage\":\"fr-FR\"}]}<\/script>\n<!-- \/ Yoast SEO Premium plugin. -->","yoast_head_json":{"title":"Prototypes et pi\u00e8ces de production pour l'industrie de l'ing\u00e9nierie | Xometry","description":"Innovez plus rapidement avec un acc\u00e8s instantan\u00e9 aux grandes capacit\u00e9s de fabrication, au r\u00e9seau et \u00e0 l'expertise de Xometry dans le secteur de l'ing\u00e9nierie.","robots":{"index":"noindex","follow":"follow","max-snippet":"max-snippet:-1","max-image-preview":"max-image-preview:large","max-video-preview":"max-video-preview:-1"},"og_locale":"fr_FR","og_type":"article","og_title":"Engineering Industry","og_description":"Innovez plus rapidement avec un acc\u00e8s instantan\u00e9 aux grandes capacit\u00e9s de fabrication, au r\u00e9seau et \u00e0 l'expertise de Xometry dans le secteur de l'ing\u00e9nierie.","og_url":"https:\/\/staging-wp.xometry.eu\/fr\/industrie-ingenierie\/","og_site_name":"Xometry Europe","article_modified_time":"2026-03-06T13:12:49+00:00","twitter_card":"summary_large_image","schema":{"@context":"https:\/\/schema.org","@graph":[{"@type":"WebPage","@id":"https:\/\/staging-wp.xometry.eu\/fr\/industrie-ingenierie\/","url":"https:\/\/staging-wp.xometry.eu\/fr\/industrie-ingenierie\/","name":"Prototypes et pi\u00e8ces de production pour l'industrie de l'ing\u00e9nierie | Xometry","isPartOf":{"@id":"https:\/\/staging-wp.xometry.eu\/fr\/#website"},"datePublished":"2023-02-08T16:38:06+00:00","dateModified":"2026-03-06T13:12:49+00:00","description":"Innovez plus rapidement avec un acc\u00e8s instantan\u00e9 aux grandes capacit\u00e9s de fabrication, au r\u00e9seau et \u00e0 l'expertise de Xometry dans le secteur de l'ing\u00e9nierie.","breadcrumb":{"@id":"https:\/\/staging-wp.xometry.eu\/fr\/industrie-ingenierie\/#breadcrumb"},"inLanguage":"fr-FR","potentialAction":[{"@type":"ReadAction","target":["https:\/\/staging-wp.xometry.eu\/fr\/industrie-ingenierie\/"]}]},{"@type":"BreadcrumbList","@id":"https:\/\/staging-wp.xometry.eu\/fr\/industrie-ingenierie\/#breadcrumb","itemListElement":[{"@type":"ListItem","position":1,"name":"Home","item":"https:\/\/staging-wp.xometry.eu\/fr\/"},{"@type":"ListItem","position":2,"name":"Engineering Industry"}]},{"@type":"WebSite","@id":"https:\/\/staging-wp.xometry.eu\/fr\/#website","url":"https:\/\/staging-wp.xometry.eu\/fr\/","name":"Xometry Europe","description":"","publisher":{"@id":"https:\/\/staging-wp.xometry.eu\/fr\/#organization"},"potentialAction":[{"@type":"SearchAction","target":{"@type":"EntryPoint","urlTemplate":"https:\/\/staging-wp.xometry.eu\/fr\/?s={search_term_string}"},"query-input":{"@type":"PropertyValueSpecification","valueRequired":true,"valueName":"search_term_string"}}],"inLanguage":"fr-FR"}]}},"_links":{"self":[{"href":"https:\/\/staging-wp.xometry.eu\/fr\/wp-json\/wp\/v2\/pages\/96252","targetHints":{"allow":["GET"]}}],"collection":[{"href":"https:\/\/staging-wp.xometry.eu\/fr\/wp-json\/wp\/v2\/pages"}],"about":[{"href":"https:\/\/staging-wp.xometry.eu\/fr\/wp-json\/wp\/v2\/types\/page"}],"author":[{"embeddable":true,"href":"https:\/\/staging-wp.xometry.eu\/fr\/wp-json\/wp\/v2\/users\/10"}],"replies":[{"embeddable":true,"href":"https:\/\/staging-wp.xometry.eu\/fr\/wp-json\/wp\/v2\/comments?post=96252"}],"version-history":[{"count":0,"href":"https:\/\/staging-wp.xometry.eu\/fr\/wp-json\/wp\/v2\/pages\/96252\/revisions"}],"wp:attachment":[{"href":"https:\/\/staging-wp.xometry.eu\/fr\/wp-json\/wp\/v2\/media?parent=96252"}],"curies":[{"name":"wp","href":"https:\/\/api.w.org\/{rel}","templated":true}]}}