{"id":78891,"date":"2022-11-18T15:19:46","date_gmt":"2022-11-18T13:19:46","guid":{"rendered":"https:\/\/staging-wp.xometry.eu\/compression-moulding\/"},"modified":"2026-03-06T14:45:32","modified_gmt":"2026-03-06T12:45:32","slug":"moulage-par-compression","status":"publish","type":"page","link":"https:\/\/staging-wp.xometry.eu\/fr\/moulage-par-compression\/","title":{"rendered":"Moulage par compression"},"content":{"rendered":"","protected":false},"excerpt":{"rendered":"","protected":false},"author":10,"featured_media":98283,"parent":0,"menu_order":0,"comment_status":"closed","ping_status":"closed","template":"","meta":{"_acf_changed":false,"inline_featured_image":false,"footnotes":""},"class_list":["post-78891","page","type-page","status-publish","has-post-thumbnail","hentry"],"acf":[],"yoast_head":"<!-- This site is optimized with the Yoast SEO Premium plugin v20.5 (Yoast SEO v27.3) - https:\/\/yoast.com\/product\/yoast-seo-premium-wordpress\/ -->\n<title>Services de moulage par compression silicone | Xometry Europe<\/title>\n<meta name=\"description\" content=\"Services de moulage par compression sur mesure pour les pi\u00e8ces en silicone pour le prototypage et la production de pi\u00e8ces en s\u00e9rie.\" \/>\n<meta name=\"robots\" content=\"noindex, follow, max-snippet:-1, max-image-preview:large, max-video-preview:-1\" \/>\n<meta property=\"og:locale\" content=\"fr_FR\" \/>\n<meta property=\"og:type\" content=\"article\" \/>\n<meta property=\"og:title\" content=\"Moulage par compression\" \/>\n<meta property=\"og:description\" content=\"Services de moulage par compression sur mesure pour les pi\u00e8ces en silicone pour le prototypage et la production de pi\u00e8ces en s\u00e9rie.\" \/>\n<meta property=\"og:url\" content=\"https:\/\/staging-wp.xometry.eu\/fr\/moulage-par-compression\/\" \/>\n<meta property=\"og:site_name\" content=\"Xometry Europe\" \/>\n<meta property=\"article:modified_time\" content=\"2026-03-06T12:45:32+00:00\" \/>\n<meta property=\"og:image\" content=\"https:\/\/staging-wp.xometry.eu\/wp-content\/uploads\/2023\/02\/FR-Compression-Moulding-service-page.jpg\" \/>\n\t<meta property=\"og:image:width\" content=\"2400\" \/>\n\t<meta property=\"og:image:height\" content=\"1230\" \/>\n\t<meta property=\"og:image:type\" content=\"image\/jpeg\" \/>\n<meta name=\"twitter:card\" content=\"summary_large_image\" \/>\n<script type=\"application\/ld+json\" class=\"yoast-schema-graph\">{\"@context\":\"https:\\\/\\\/schema.org\",\"@graph\":[{\"@type\":\"WebPage\",\"@id\":\"https:\\\/\\\/staging-wp.xometry.eu\\\/fr\\\/moulage-par-compression\\\/\",\"url\":\"https:\\\/\\\/staging-wp.xometry.eu\\\/fr\\\/moulage-par-compression\\\/\",\"name\":\"Services de moulage par compression silicone | Xometry Europe\",\"isPartOf\":{\"@id\":\"https:\\\/\\\/staging-wp.xometry.eu\\\/fr\\\/#website\"},\"primaryImageOfPage\":{\"@id\":\"https:\\\/\\\/staging-wp.xometry.eu\\\/fr\\\/moulage-par-compression\\\/#primaryimage\"},\"image\":{\"@id\":\"https:\\\/\\\/staging-wp.xometry.eu\\\/fr\\\/moulage-par-compression\\\/#primaryimage\"},\"thumbnailUrl\":\"https:\\\/\\\/staging-wp.xometry.eu\\\/wp-content\\\/uploads\\\/2023\\\/02\\\/FR-Compression-Moulding-service-page.jpg\",\"datePublished\":\"2022-11-18T13:19:46+00:00\",\"dateModified\":\"2026-03-06T12:45:32+00:00\",\"description\":\"Services de moulage par compression sur mesure pour les pi\u00e8ces en silicone pour le prototypage et la production de pi\u00e8ces en s\u00e9rie.\",\"breadcrumb\":{\"@id\":\"https:\\\/\\\/staging-wp.xometry.eu\\\/fr\\\/moulage-par-compression\\\/#breadcrumb\"},\"inLanguage\":\"fr-FR\",\"potentialAction\":[{\"@type\":\"ReadAction\",\"target\":[\"https:\\\/\\\/staging-wp.xometry.eu\\\/fr\\\/moulage-par-compression\\\/\"]}]},{\"@type\":\"ImageObject\",\"inLanguage\":\"fr-FR\",\"@id\":\"https:\\\/\\\/staging-wp.xometry.eu\\\/fr\\\/moulage-par-compression\\\/#primaryimage\",\"url\":\"https:\\\/\\\/staging-wp.xometry.eu\\\/wp-content\\\/uploads\\\/2023\\\/02\\\/FR-Compression-Moulding-service-page.jpg\",\"contentUrl\":\"https:\\\/\\\/staging-wp.xometry.eu\\\/wp-content\\\/uploads\\\/2023\\\/02\\\/FR-Compression-Moulding-service-page.jpg\",\"width\":2400,\"height\":1230},{\"@type\":\"BreadcrumbList\",\"@id\":\"https:\\\/\\\/staging-wp.xometry.eu\\\/fr\\\/moulage-par-compression\\\/#breadcrumb\",\"itemListElement\":[{\"@type\":\"ListItem\",\"position\":1,\"name\":\"Home\",\"item\":\"https:\\\/\\\/staging-wp.xometry.eu\\\/fr\\\/\"},{\"@type\":\"ListItem\",\"position\":2,\"name\":\"Moulage par compression\"}]},{\"@type\":\"WebSite\",\"@id\":\"https:\\\/\\\/staging-wp.xometry.eu\\\/fr\\\/#website\",\"url\":\"https:\\\/\\\/staging-wp.xometry.eu\\\/fr\\\/\",\"name\":\"Xometry Europe\",\"description\":\"\",\"publisher\":{\"@id\":\"https:\\\/\\\/staging-wp.xometry.eu\\\/fr\\\/#organization\"},\"potentialAction\":[{\"@type\":\"SearchAction\",\"target\":{\"@type\":\"EntryPoint\",\"urlTemplate\":\"https:\\\/\\\/staging-wp.xometry.eu\\\/fr\\\/?s={search_term_string}\"},\"query-input\":{\"@type\":\"PropertyValueSpecification\",\"valueRequired\":true,\"valueName\":\"search_term_string\"}}],\"inLanguage\":\"fr-FR\"}]}<\/script>\n<!-- \/ Yoast SEO Premium plugin. -->","yoast_head_json":{"title":"Services de moulage par compression silicone | Xometry Europe","description":"Services de moulage par compression sur mesure pour les pi\u00e8ces en silicone pour le prototypage et la production de pi\u00e8ces en s\u00e9rie.","robots":{"index":"noindex","follow":"follow","max-snippet":"max-snippet:-1","max-image-preview":"max-image-preview:large","max-video-preview":"max-video-preview:-1"},"og_locale":"fr_FR","og_type":"article","og_title":"Moulage par compression","og_description":"Services de moulage par compression sur mesure pour les pi\u00e8ces en silicone pour le prototypage et la production de pi\u00e8ces en s\u00e9rie.","og_url":"https:\/\/staging-wp.xometry.eu\/fr\/moulage-par-compression\/","og_site_name":"Xometry Europe","article_modified_time":"2026-03-06T12:45:32+00:00","og_image":[{"width":2400,"height":1230,"url":"https:\/\/staging-wp.xometry.eu\/wp-content\/uploads\/2023\/02\/FR-Compression-Moulding-service-page.jpg","type":"image\/jpeg"}],"twitter_card":"summary_large_image","schema":{"@context":"https:\/\/schema.org","@graph":[{"@type":"WebPage","@id":"https:\/\/staging-wp.xometry.eu\/fr\/moulage-par-compression\/","url":"https:\/\/staging-wp.xometry.eu\/fr\/moulage-par-compression\/","name":"Services de moulage par compression silicone | Xometry Europe","isPartOf":{"@id":"https:\/\/staging-wp.xometry.eu\/fr\/#website"},"primaryImageOfPage":{"@id":"https:\/\/staging-wp.xometry.eu\/fr\/moulage-par-compression\/#primaryimage"},"image":{"@id":"https:\/\/staging-wp.xometry.eu\/fr\/moulage-par-compression\/#primaryimage"},"thumbnailUrl":"https:\/\/staging-wp.xometry.eu\/wp-content\/uploads\/2023\/02\/FR-Compression-Moulding-service-page.jpg","datePublished":"2022-11-18T13:19:46+00:00","dateModified":"2026-03-06T12:45:32+00:00","description":"Services de moulage par compression sur mesure pour les pi\u00e8ces en silicone pour le prototypage et la production de pi\u00e8ces en s\u00e9rie.","breadcrumb":{"@id":"https:\/\/staging-wp.xometry.eu\/fr\/moulage-par-compression\/#breadcrumb"},"inLanguage":"fr-FR","potentialAction":[{"@type":"ReadAction","target":["https:\/\/staging-wp.xometry.eu\/fr\/moulage-par-compression\/"]}]},{"@type":"ImageObject","inLanguage":"fr-FR","@id":"https:\/\/staging-wp.xometry.eu\/fr\/moulage-par-compression\/#primaryimage","url":"https:\/\/staging-wp.xometry.eu\/wp-content\/uploads\/2023\/02\/FR-Compression-Moulding-service-page.jpg","contentUrl":"https:\/\/staging-wp.xometry.eu\/wp-content\/uploads\/2023\/02\/FR-Compression-Moulding-service-page.jpg","width":2400,"height":1230},{"@type":"BreadcrumbList","@id":"https:\/\/staging-wp.xometry.eu\/fr\/moulage-par-compression\/#breadcrumb","itemListElement":[{"@type":"ListItem","position":1,"name":"Home","item":"https:\/\/staging-wp.xometry.eu\/fr\/"},{"@type":"ListItem","position":2,"name":"Moulage par compression"}]},{"@type":"WebSite","@id":"https:\/\/staging-wp.xometry.eu\/fr\/#website","url":"https:\/\/staging-wp.xometry.eu\/fr\/","name":"Xometry Europe","description":"","publisher":{"@id":"https:\/\/staging-wp.xometry.eu\/fr\/#organization"},"potentialAction":[{"@type":"SearchAction","target":{"@type":"EntryPoint","urlTemplate":"https:\/\/staging-wp.xometry.eu\/fr\/?s={search_term_string}"},"query-input":{"@type":"PropertyValueSpecification","valueRequired":true,"valueName":"search_term_string"}}],"inLanguage":"fr-FR"}]}},"_links":{"self":[{"href":"https:\/\/staging-wp.xometry.eu\/fr\/wp-json\/wp\/v2\/pages\/78891","targetHints":{"allow":["GET"]}}],"collection":[{"href":"https:\/\/staging-wp.xometry.eu\/fr\/wp-json\/wp\/v2\/pages"}],"about":[{"href":"https:\/\/staging-wp.xometry.eu\/fr\/wp-json\/wp\/v2\/types\/page"}],"author":[{"embeddable":true,"href":"https:\/\/staging-wp.xometry.eu\/fr\/wp-json\/wp\/v2\/users\/10"}],"replies":[{"embeddable":true,"href":"https:\/\/staging-wp.xometry.eu\/fr\/wp-json\/wp\/v2\/comments?post=78891"}],"version-history":[{"count":0,"href":"https:\/\/staging-wp.xometry.eu\/fr\/wp-json\/wp\/v2\/pages\/78891\/revisions"}],"wp:featuredmedia":[{"embeddable":true,"href":"https:\/\/staging-wp.xometry.eu\/fr\/wp-json\/wp\/v2\/media\/98283"}],"wp:attachment":[{"href":"https:\/\/staging-wp.xometry.eu\/fr\/wp-json\/wp\/v2\/media?parent=78891"}],"curies":[{"name":"wp","href":"https:\/\/api.w.org\/{rel}","templated":true}]}}