{"id":80456,"date":"2020-05-25T06:55:23","date_gmt":"2020-05-25T06:55:23","guid":{"rendered":"https:\/\/staging-wp.xometry.eu\/policy\/"},"modified":"2023-06-19T08:52:30","modified_gmt":"2023-06-19T06:52:30","slug":"tietosuojakaytanto","status":"publish","type":"page","link":"https:\/\/staging-wp.xometry.eu\/fi\/tietosuojakaytanto\/","title":{"rendered":"Tietosuojak\u00e4yt\u00e4nt\u00f6"},"content":{"rendered":"<p>Vastuullinen taho 3 \u00a7:n 7. ja 4. kohdan merkityksess\u00e4 liittovaltion tietosuojalain [Bundesdatenschutzgesetz] mukaan on Xometry Europe GmbH, jota edustavat toimitusjohtajat Albert Belousov ja Dmitry Kafidov, Ada-Lovelace-Str. 9, 85521 Ottobrunn, Saksa.<br \/>Ker\u00e4\u00e4mme asiakkaidemme ja toimittajiemme tietoja. N\u00e4m\u00e4 tiedot sis\u00e4lt\u00e4v\u00e4t asiakkaiden henkil\u00f6tietoja ja\/tai tietoja yrityksest\u00e4, jonka kanssa meill\u00e4 on liikesuhde. T\u00e4m\u00e4 voi sis\u00e4lt\u00e4\u00e4 my\u00f6s k\u00e4ytt\u00f6tietoja, kuten IP-osoitteita.<\/p>\n<p>Tietojen k\u00e4ytt\u00f6 on asiakkaalle hy\u00f6dyksi, koska ne auttavat meit\u00e4 t\u00e4ytt\u00e4m\u00e4\u00e4n asiakkaan tekem\u00e4t tilaukset. Tietojen jakaminen on my\u00f6s v\u00e4ltt\u00e4m\u00e4t\u00f6nt\u00e4 yritykselle, jotka valmistavat tilaukset. T\u00e4m\u00e4 koskee erityisesti piirustusten ja\/tai rakennekaavioiden sek\u00e4 kohdekuvausten siirtoa.<\/p>\n<p>T\u00e4m\u00e4 lis\u00e4ksi jaamme asiakastiedot my\u00f6s kolmansille osapuolille, jotka k\u00e4sittelev\u00e4t maksuja, toimittavat paketteja jne. N\u00e4it\u00e4 tietoja ei saa levitt\u00e4\u00e4 eteenp\u00e4in silt\u00e4 osin kun n\u00e4it\u00e4 tietoja on asiakkaista ja yrityksist\u00e4 jaettu kolmansille osapuolille.<\/p>\n<p>Asiakkaalla ja\/tai yrityksell\u00e4 on oikeus saada maksutta milloin tahansa ilman erityist\u00e4 syyt\u00e4 tiedot, joita heist\u00e4 j\u00e4rjestelmiimme on tallennettu. Asiakas ja\/tai yritys voi milloin tahansa vaatia ker\u00e4\u00e4miemme tietojen est\u00e4mist\u00e4, korjaamista tai poistamista. Tietojen ker\u00e4\u00e4miseen tai k\u00e4ytt\u00f6\u00f6n meille annettu suostumus voidaan peruuttaa milloin tahansa ilman erityist\u00e4 syyt\u00e4 ottamalla meihin yhteytt\u00e4.<\/p>\n<p>Suojelemme rekisteriss\u00e4mme olevia henkil\u00f6tietoja v\u00e4\u00e4rink\u00e4yt\u00f6lt\u00e4 ja luvattomalta k\u00e4yt\u00f6lt\u00e4 teknisten ja toiminnallisten turvatoimien avulla. Turvatoimemme suojaavat tietoja vahingoittumiselta, tuhoutumiselta ja luvattomalta k\u00e4yt\u00f6lt\u00e4. N\u00e4it\u00e4 toimia arvioidaan ja p\u00e4ivitet\u00e4\u00e4n s\u00e4\u00e4nn\u00f6llisesti tekniikan vaatimusten mukaisesti.<\/p>\n<p>Tallennamme sopimustekstin ja l\u00e4het\u00e4mme tiedot tilauksesta s\u00e4hk\u00f6postitse. K\u00e4ytt\u00f6ehdot ovat n\u00e4ht\u00e4viss\u00e4 milloin tahansa osoitteessa <a href=\"https:\/\/staging-wp.xometry.eu\/fi\/myyntiehdot\/\">https:\/\/staging-wp.xometry.eu\/fi\/myyntiehdot\/<\/a>.<\/p>\n<p>T\u00e4m\u00e4 verkkosivu sis\u00e4lt\u00e4\u00e4 ulkoisia linkkej\u00e4. Jos klikkaat n\u00e4it\u00e4 linkkej\u00e4, IP-osoite n\u00e4kyy yleisesti n\u00e4iden verkkosivujen lokitiedoissa. T\u00e4m\u00e4 tietosuojailmoitus on voimassa vain t\u00e4ll\u00e4 sivulla, ei kolmansien osapuolien verkkosivuilla.<\/p>\n<p>Ev\u00e4ste on tietoa, joka tallennetaan k\u00e4ytt\u00e4j\u00e4n tietokoneelle k\u00e4ytt\u00e4j\u00e4st\u00e4. T\u00e4m\u00e4 verkkosivu voi k\u00e4ytt\u00e4\u00e4 istunnon aikaisia ev\u00e4steit\u00e4 sek\u00e4 pysyvi\u00e4 ev\u00e4steit\u00e4. Istunnon aikaiset ev\u00e4steet poistetaan sen j\u00e4lkeen, kun suljet selaimen tai kirjaudut ulos. Pysyv\u00e4t ev\u00e4steet tallennetaan tietokoneelle tietyksi m\u00e4\u00e4r\u00e4tyksi ajaksi. Selaimesi help-tiedosto sis\u00e4lt\u00e4\u00e4 tiedot siit\u00e4, miten voit poistaa pysyv\u00e4t ev\u00e4steet.<\/p>\n<h2><span style=\"font-weight: 400;\">Google Analytics<\/span><\/h2>\n<p><span style=\"font-weight: 400;\">T\u00e4m\u00e4 verkkosivusto k\u00e4ytt\u00e4\u00e4 Google Analyticsia, joka on Google Inc:n (Google) tarjoama verkkoanalytiikkapalvelu. Google Analytics k\u00e4ytt\u00e4\u00e4 ev\u00e4steit\u00e4, jotka ovat tietokoneellesi asennettuja tekstitiedostoja. N\u00e4m\u00e4 tiedostot auttavat verkkosivustoa analysoimaan, miten k\u00e4ytt\u00e4j\u00e4t k\u00e4ytt\u00e4v\u00e4t sivustoa. Ev\u00e4steen tuottamat tiedot verkkosivuston k\u00e4yt\u00f6st\u00e4si (mukaan lukien IP-osoitteesi) v\u00e4litet\u00e4\u00e4n ja tallennetaan Googlen palvelimille Yhdysvaltoihin. Jos IP-osoitteen anonymisointi aktivoidaan, Google lyhent\u00e4\u00e4\/anonymisoi IP-osoitteen viimeisen oktetin Euroopan unionin j\u00e4senvaltioille sek\u00e4 muille Euroopan talousaluetta koskevan sopimuksen osapuolille. Vain poikkeustapauksissa koko IP-osoite l\u00e4hetet\u00e4\u00e4n ja lyhennet\u00e4\u00e4n Googlen palvelimille Yhdysvaltoihin. Google k\u00e4ytt\u00e4\u00e4 n\u00e4it\u00e4 tietoja verkkosivuston tarjoajan puolesta arvioidakseen verkkosivuston k\u00e4ytt\u00f6\u00e4si, laatiakseen raportteja verkkosivuston toiminnasta verkkosivuston yll\u00e4pit\u00e4jille ja tarjotakseen muita verkkosivuston toimintaan ja Internetin k\u00e4ytt\u00f6\u00f6n liittyvi\u00e4 palveluita verkkosivuston tarjoajalle. Google ei yhdist\u00e4 IP-osoitettasi muihin Googlen hallussa oleviin tietoihin. Voit kielt\u00e4yty\u00e4 ev\u00e4steiden k\u00e4yt\u00f6st\u00e4 valitsemalla sopivat asetukset selaimestasi. Ota huomioon, ett\u00e4 jos teet n\u00e4in, et ehk\u00e4 voi k\u00e4ytt\u00e4\u00e4 kaikkia t\u00e4m\u00e4n verkkosivuston toimintoja. Lis\u00e4ksi voit est\u00e4\u00e4 Googlea ker\u00e4\u00e4m\u00e4st\u00e4 ja k\u00e4ytt\u00e4m\u00e4st\u00e4 tietoja (ev\u00e4steit\u00e4 ja IP-osoitetta) lataamalla ja asentamalla selaimen laajennuksen, joka on saatavilla osoitteesta https:\/\/tools.google.com\/dlpage\/gaoptout?hl=en-GB.<\/span><\/p>\n<p><span style=\"font-weight: 400;\">Lis\u00e4tietoja k\u00e4ytt\u00f6ehdoista ja tietosuojasta l\u00f6ytyy osoitteesta http:\/\/www.google.com\/analytics\/terms\/gb.html. Ota huomioon, ett\u00e4 t\u00e4ll\u00e4 sivustolla Google Analytics koodia on t\u00e4ydent\u00e4\u00e4 gat._anonymizeIp(); , joka varmistaa IP-osoitteiden anonyymin ker\u00e4\u00e4misen\u00a0 (ns. IP-osoitteen piilottaminen). L\u00e4hde (<\/span><a href=\"http:\/\/www.datenschutzbeauftragter-info.de\/\"><span style=\"font-weight: 400;\">http:\/\/www.datenschutzbeauftragter-info.de<\/span><\/a><span style=\"font-weight: 400;\">)<\/span><\/p>\n<h2><span style=\"font-weight: 400;\">Amplitude<\/span><\/h2>\n<p><span style=\"font-weight: 400;\">T\u00e4m\u00e4n verkkosivuston tietty osa (&#8221;Partners Area&#8221; -osio) k\u00e4ytt\u00e4\u00e4 Amplitude-verkkoanalytiikkaa, jonka tarjoaa Amplitude, Inc., 501 2nd Street, Suite 100, San Francisco, CA 94107, USA (j\u00e4ljemp\u00e4n\u00e4 &#8221;Amplitude&#8221;).<\/span><\/p>\n<p><span style=\"font-weight: 400;\">Amplitude k\u00e4ytt\u00e4\u00e4 ev\u00e4steit\u00e4, jotka ovat pieni\u00e4 tekstitiedostoja, jotka tallennetaan k\u00e4ytt\u00e4j\u00e4n tietokoneelle. Tietoja ker\u00e4t\u00e4\u00e4n vain Partners Area -osiosta, jossa kaikki k\u00e4ytt\u00e4j\u00e4t valtuutetaan k\u00e4ytt\u00e4j\u00e4tunnuksella ja salasanalla. Joten identiteettisi tallennetaan yhdess\u00e4 (k\u00e4ytt\u00e4j\u00e4tunnus, yrityksen nimi ja s\u00e4hk\u00f6postiosoite)\u00a0 Partners Area -osiossa tekemiesi toimintojen kanssa. T\u00e4ll\u00e4 parannamme sivustomme suorituskyky\u00e4 ja tutkimme k\u00e4ytt\u00f6kokemustasi.\u00a0<\/span><\/p>\n<p><span style=\"font-weight: 400;\">Ev\u00e4steiden avulla ker\u00e4tyt tiedot t\u00e4m\u00e4n verkkosivuston k\u00e4yt\u00f6st\u00e4 siirret\u00e4\u00e4n Amplitudeen ja tallennetaan Amplituden palvelimelle EU:ssa ja Yhdysvalloissa. Amplitude k\u00e4sittelee n\u00e4m\u00e4 tiedot laatiakseen meille raportteja verkkosivumme toiminnasta sek\u00e4 tarjotakseen meille muita palveluita. Amplitudi k\u00e4sittelee n\u00e4m\u00e4 tiedot Amplitude-palvelun k\u00e4ytt\u00f6ehdoissa kuvatuilla tavoilla.<\/span><\/p>\n<p><span style=\"font-weight: 400;\">Milt\u00e4\u00e4n muulta kuin Partners Area -osiosta ei ker\u00e4t\u00e4 tietoja Amplituden palveluun. K\u00e4ytt\u00e4m\u00e4ll\u00e4 t\u00e4m\u00e4n verkkosivun Partners Area -osiota hyv\u00e4ksyt, ett\u00e4 Amplitude voi k\u00e4sitell\u00e4 tietojasi yll\u00e4 kuvatulla tavalla ja edell\u00e4 mainittuihin tarkoituksiin.<\/span><\/p>\n<h2><span style=\"font-weight: 400;\">Lead Forensics<\/span><\/h2>\n\n\n<p>K\u00e4yt\u00e4mme kolmannen osapuolen ev\u00e4stett\u00e4 _lfuuid. Ev\u00e4steen voi hyv\u00e4ksy\u00e4 tai hyl\u00e4t\u00e4 verkkosivulle ilmestyv\u00e4st\u00e4 bannerista. Ev\u00e4steen avulla verkkosivut voi seurata vierailijoiden k\u00e4ytt\u00e4ytymist\u00e4 sivustolla, joille ev\u00e4ste on asennettu. Seuranta suoritetaan anonyymisti, kunnes k\u00e4ytt\u00e4j\u00e4 tunnistaa itsens\u00e4 l\u00e4hett\u00e4m\u00e4ll\u00e4 lomakkeen. Ev\u00e4ste s\u00e4ilyy 10 vuotta ennen kuin se vanhenee.<\/p>\n","protected":false},"excerpt":{"rendered":"<p>Vastuullinen taho 3 \u00a7:n 7. ja 4. kohdan merkityksess\u00e4 liittovaltion tietosuojalain [Bundesdatenschutzgesetz] mukaan on Xometry Europe GmbH, jota edustavat toimitusjohtajat Albert Belousov ja Dmitry Kafidov, Ada-Lovelace-Str. 9, 85521 Ottobrunn, Saksa.Ker\u00e4\u00e4mme asiakkaidemme ja toimittajiemme tietoja. N\u00e4m\u00e4 tiedot sis\u00e4lt\u00e4v\u00e4t asiakkaiden henkil\u00f6tietoja ja\/tai tietoja yrityksest\u00e4, jonka kanssa meill\u00e4 on liikesuhde. T\u00e4m\u00e4 voi sis\u00e4lt\u00e4\u00e4 my\u00f6s k\u00e4ytt\u00f6tietoja, kuten IP-osoitteita. Tietojen [&hellip;]<\/p>\n","protected":false},"author":1,"featured_media":56501,"parent":0,"menu_order":0,"comment_status":"closed","ping_status":"closed","template":"template-custom.php","meta":{"_acf_changed":false,"inline_featured_image":false,"footnotes":""},"class_list":["post-80456","page","type-page","status-publish","has-post-thumbnail","hentry"],"acf":[],"yoast_head":"<!-- This site is optimized with the Yoast SEO Premium plugin v20.5 (Yoast SEO v27.3) - https:\/\/yoast.com\/product\/yoast-seo-premium-wordpress\/ -->\n<title>Tietosuojak\u00e4yt\u00e4nt\u00f6 | Xometry Europe<\/title>\n<meta name=\"description\" content=\"Ker\u00e4\u00e4mme ja s\u00e4ilyt\u00e4mme tietoja asiakkaistamme ja toimittajistamme Google Analytics, Yandex Metric, Amplitude ja Lead Forensics palveluiden avulla.\" \/>\n<meta name=\"robots\" content=\"noindex, follow, max-snippet:-1, max-image-preview:large, max-video-preview:-1\" \/>\n<meta property=\"og:locale\" content=\"fi_FI\" \/>\n<meta property=\"og:type\" content=\"article\" \/>\n<meta property=\"og:title\" content=\"Tietosuojak\u00e4yt\u00e4nt\u00f6\" \/>\n<meta property=\"og:description\" content=\"Ker\u00e4\u00e4mme ja s\u00e4ilyt\u00e4mme tietoja asiakkaistamme ja toimittajistamme Google Analytics, Yandex Metric, Amplitude ja Lead Forensics palveluiden avulla.\" \/>\n<meta property=\"og:url\" content=\"https:\/\/staging-wp.xometry.eu\/fi\/tietosuojakaytanto\/\" \/>\n<meta property=\"og:site_name\" content=\"Xometry Europe\" \/>\n<meta property=\"article:modified_time\" content=\"2023-06-19T06:52:30+00:00\" \/>\n<meta property=\"og:image\" content=\"https:\/\/staging-wp.xometry.eu\/wp-content\/uploads\/2020\/05\/homepage-header.png\" \/>\n\t<meta property=\"og:image:width\" content=\"2880\" \/>\n\t<meta property=\"og:image:height\" content=\"1230\" \/>\n\t<meta property=\"og:image:type\" content=\"image\/png\" \/>\n<meta name=\"twitter:card\" content=\"summary_large_image\" \/>\n<meta name=\"twitter:label1\" content=\"Arvioitu lukuaika\" \/>\n\t<meta name=\"twitter:data1\" content=\"3 minuuttia\" \/>\n<script type=\"application\/ld+json\" class=\"yoast-schema-graph\">{\"@context\":\"https:\\\/\\\/schema.org\",\"@graph\":[{\"@type\":\"WebPage\",\"@id\":\"https:\\\/\\\/staging-wp.xometry.eu\\\/fi\\\/tietosuojakaytanto\\\/\",\"url\":\"https:\\\/\\\/staging-wp.xometry.eu\\\/fi\\\/tietosuojakaytanto\\\/\",\"name\":\"Tietosuojak\u00e4yt\u00e4nt\u00f6 | Xometry Europe\",\"isPartOf\":{\"@id\":\"https:\\\/\\\/staging-wp.xometry.eu\\\/fi\\\/#website\"},\"primaryImageOfPage\":{\"@id\":\"https:\\\/\\\/staging-wp.xometry.eu\\\/fi\\\/tietosuojakaytanto\\\/#primaryimage\"},\"image\":{\"@id\":\"https:\\\/\\\/staging-wp.xometry.eu\\\/fi\\\/tietosuojakaytanto\\\/#primaryimage\"},\"thumbnailUrl\":\"https:\\\/\\\/staging-wp.xometry.eu\\\/wp-content\\\/uploads\\\/2020\\\/05\\\/homepage-header.png\",\"datePublished\":\"2020-05-25T06:55:23+00:00\",\"dateModified\":\"2023-06-19T06:52:30+00:00\",\"description\":\"Ker\u00e4\u00e4mme ja s\u00e4ilyt\u00e4mme tietoja asiakkaistamme ja toimittajistamme Google Analytics, Yandex Metric, Amplitude ja Lead Forensics palveluiden avulla.\",\"breadcrumb\":{\"@id\":\"https:\\\/\\\/staging-wp.xometry.eu\\\/fi\\\/tietosuojakaytanto\\\/#breadcrumb\"},\"inLanguage\":\"fi\",\"potentialAction\":[{\"@type\":\"ReadAction\",\"target\":[\"https:\\\/\\\/staging-wp.xometry.eu\\\/fi\\\/tietosuojakaytanto\\\/\"]}]},{\"@type\":\"ImageObject\",\"inLanguage\":\"fi\",\"@id\":\"https:\\\/\\\/staging-wp.xometry.eu\\\/fi\\\/tietosuojakaytanto\\\/#primaryimage\",\"url\":\"https:\\\/\\\/staging-wp.xometry.eu\\\/wp-content\\\/uploads\\\/2020\\\/05\\\/homepage-header.png\",\"contentUrl\":\"https:\\\/\\\/staging-wp.xometry.eu\\\/wp-content\\\/uploads\\\/2020\\\/05\\\/homepage-header.png\",\"width\":2880,\"height\":1230,\"caption\":\"engineer examining a metal part\"},{\"@type\":\"BreadcrumbList\",\"@id\":\"https:\\\/\\\/staging-wp.xometry.eu\\\/fi\\\/tietosuojakaytanto\\\/#breadcrumb\",\"itemListElement\":[{\"@type\":\"ListItem\",\"position\":1,\"name\":\"Home\",\"item\":\"https:\\\/\\\/staging-wp.xometry.eu\\\/fi\\\/\"},{\"@type\":\"ListItem\",\"position\":2,\"name\":\"Tietosuojak\u00e4yt\u00e4nt\u00f6\"}]},{\"@type\":\"WebSite\",\"@id\":\"https:\\\/\\\/staging-wp.xometry.eu\\\/fi\\\/#website\",\"url\":\"https:\\\/\\\/staging-wp.xometry.eu\\\/fi\\\/\",\"name\":\"Xometry Europe\",\"description\":\"\",\"publisher\":{\"@id\":\"https:\\\/\\\/staging-wp.xometry.eu\\\/fi\\\/#organization\"},\"potentialAction\":[{\"@type\":\"SearchAction\",\"target\":{\"@type\":\"EntryPoint\",\"urlTemplate\":\"https:\\\/\\\/staging-wp.xometry.eu\\\/fi\\\/?s={search_term_string}\"},\"query-input\":{\"@type\":\"PropertyValueSpecification\",\"valueRequired\":true,\"valueName\":\"search_term_string\"}}],\"inLanguage\":\"fi\"}]}<\/script>\n<!-- \/ Yoast SEO Premium plugin. -->","yoast_head_json":{"title":"Tietosuojak\u00e4yt\u00e4nt\u00f6 | Xometry Europe","description":"Ker\u00e4\u00e4mme ja s\u00e4ilyt\u00e4mme tietoja asiakkaistamme ja toimittajistamme Google Analytics, Yandex Metric, Amplitude ja Lead Forensics palveluiden avulla.","robots":{"index":"noindex","follow":"follow","max-snippet":"max-snippet:-1","max-image-preview":"max-image-preview:large","max-video-preview":"max-video-preview:-1"},"og_locale":"fi_FI","og_type":"article","og_title":"Tietosuojak\u00e4yt\u00e4nt\u00f6","og_description":"Ker\u00e4\u00e4mme ja s\u00e4ilyt\u00e4mme tietoja asiakkaistamme ja toimittajistamme Google Analytics, Yandex Metric, Amplitude ja Lead Forensics palveluiden avulla.","og_url":"https:\/\/staging-wp.xometry.eu\/fi\/tietosuojakaytanto\/","og_site_name":"Xometry Europe","article_modified_time":"2023-06-19T06:52:30+00:00","og_image":[{"width":2880,"height":1230,"url":"https:\/\/staging-wp.xometry.eu\/wp-content\/uploads\/2020\/05\/homepage-header.png","type":"image\/png"}],"twitter_card":"summary_large_image","twitter_misc":{"Arvioitu lukuaika":"3 minuuttia"},"schema":{"@context":"https:\/\/schema.org","@graph":[{"@type":"WebPage","@id":"https:\/\/staging-wp.xometry.eu\/fi\/tietosuojakaytanto\/","url":"https:\/\/staging-wp.xometry.eu\/fi\/tietosuojakaytanto\/","name":"Tietosuojak\u00e4yt\u00e4nt\u00f6 | Xometry Europe","isPartOf":{"@id":"https:\/\/staging-wp.xometry.eu\/fi\/#website"},"primaryImageOfPage":{"@id":"https:\/\/staging-wp.xometry.eu\/fi\/tietosuojakaytanto\/#primaryimage"},"image":{"@id":"https:\/\/staging-wp.xometry.eu\/fi\/tietosuojakaytanto\/#primaryimage"},"thumbnailUrl":"https:\/\/staging-wp.xometry.eu\/wp-content\/uploads\/2020\/05\/homepage-header.png","datePublished":"2020-05-25T06:55:23+00:00","dateModified":"2023-06-19T06:52:30+00:00","description":"Ker\u00e4\u00e4mme ja s\u00e4ilyt\u00e4mme tietoja asiakkaistamme ja toimittajistamme Google Analytics, Yandex Metric, Amplitude ja Lead Forensics palveluiden avulla.","breadcrumb":{"@id":"https:\/\/staging-wp.xometry.eu\/fi\/tietosuojakaytanto\/#breadcrumb"},"inLanguage":"fi","potentialAction":[{"@type":"ReadAction","target":["https:\/\/staging-wp.xometry.eu\/fi\/tietosuojakaytanto\/"]}]},{"@type":"ImageObject","inLanguage":"fi","@id":"https:\/\/staging-wp.xometry.eu\/fi\/tietosuojakaytanto\/#primaryimage","url":"https:\/\/staging-wp.xometry.eu\/wp-content\/uploads\/2020\/05\/homepage-header.png","contentUrl":"https:\/\/staging-wp.xometry.eu\/wp-content\/uploads\/2020\/05\/homepage-header.png","width":2880,"height":1230,"caption":"engineer examining a metal part"},{"@type":"BreadcrumbList","@id":"https:\/\/staging-wp.xometry.eu\/fi\/tietosuojakaytanto\/#breadcrumb","itemListElement":[{"@type":"ListItem","position":1,"name":"Home","item":"https:\/\/staging-wp.xometry.eu\/fi\/"},{"@type":"ListItem","position":2,"name":"Tietosuojak\u00e4yt\u00e4nt\u00f6"}]},{"@type":"WebSite","@id":"https:\/\/staging-wp.xometry.eu\/fi\/#website","url":"https:\/\/staging-wp.xometry.eu\/fi\/","name":"Xometry Europe","description":"","publisher":{"@id":"https:\/\/staging-wp.xometry.eu\/fi\/#organization"},"potentialAction":[{"@type":"SearchAction","target":{"@type":"EntryPoint","urlTemplate":"https:\/\/staging-wp.xometry.eu\/fi\/?s={search_term_string}"},"query-input":{"@type":"PropertyValueSpecification","valueRequired":true,"valueName":"search_term_string"}}],"inLanguage":"fi"}]}},"_links":{"self":[{"href":"https:\/\/staging-wp.xometry.eu\/fi\/wp-json\/wp\/v2\/pages\/80456","targetHints":{"allow":["GET"]}}],"collection":[{"href":"https:\/\/staging-wp.xometry.eu\/fi\/wp-json\/wp\/v2\/pages"}],"about":[{"href":"https:\/\/staging-wp.xometry.eu\/fi\/wp-json\/wp\/v2\/types\/page"}],"author":[{"embeddable":true,"href":"https:\/\/staging-wp.xometry.eu\/fi\/wp-json\/wp\/v2\/users\/1"}],"replies":[{"embeddable":true,"href":"https:\/\/staging-wp.xometry.eu\/fi\/wp-json\/wp\/v2\/comments?post=80456"}],"version-history":[{"count":0,"href":"https:\/\/staging-wp.xometry.eu\/fi\/wp-json\/wp\/v2\/pages\/80456\/revisions"}],"wp:featuredmedia":[{"embeddable":true,"href":"https:\/\/staging-wp.xometry.eu\/fi\/wp-json\/wp\/v2\/media\/56501"}],"wp:attachment":[{"href":"https:\/\/staging-wp.xometry.eu\/fi\/wp-json\/wp\/v2\/media?parent=80456"}],"curies":[{"name":"wp","href":"https:\/\/api.w.org\/{rel}","templated":true}]}}