{"id":80438,"date":"2020-07-15T07:20:26","date_gmt":"2020-07-15T07:20:26","guid":{"rendered":"https:\/\/staging-wp.xometry.eu\/carbon-dls\/"},"modified":"2026-02-02T14:14:18","modified_gmt":"2026-02-02T12:14:18","slug":"3d-tulostus-carbon-dls","status":"publish","type":"page","link":"https:\/\/staging-wp.xometry.eu\/fi\/3d-tulostus-carbon-dls\/","title":{"rendered":"Carbon DLS\u2122"},"content":{"rendered":"","protected":false},"excerpt":{"rendered":"","protected":false},"author":3,"featured_media":135105,"parent":0,"menu_order":0,"comment_status":"closed","ping_status":"closed","template":"","meta":{"_acf_changed":false,"inline_featured_image":false,"footnotes":""},"class_list":["post-80438","page","type-page","status-publish","has-post-thumbnail","hentry"],"acf":[],"yoast_head":"<!-- This site is optimized with the Yoast SEO Premium plugin v20.5 (Yoast SEO v27.3) - https:\/\/yoast.com\/product\/yoast-seo-premium-wordpress\/ -->\n<title>Carbon DLS 3D-tulostuspalvelu verkossa<\/title>\n<meta name=\"description\" content=\"Ensiluokkainen Carbon DLS-tulostuspalvelu: prototyypit ja osasarjat. Lataa 3D-mallisi, niin saat tarjouksen v\u00e4litt\u00f6m\u00e4sti!\" \/>\n<meta name=\"robots\" content=\"noindex, follow, max-snippet:-1, max-image-preview:large, max-video-preview:-1\" \/>\n<meta property=\"og:locale\" content=\"fi_FI\" \/>\n<meta property=\"og:type\" content=\"article\" \/>\n<meta property=\"og:title\" content=\"Carbon DLS 3D Printing Services Online | 5 Days Production | Xometry Europe\" \/>\n<meta property=\"og:description\" content=\"Top-notch Carbon DSL 3D printing services: prototypes and series of parts. Upload your 3D models to get an instant quote!\" \/>\n<meta property=\"og:url\" content=\"https:\/\/staging-wp.xometry.eu\/fi\/3d-tulostus-carbon-dls\/\" \/>\n<meta property=\"og:site_name\" content=\"Xometry Europe\" \/>\n<meta property=\"article:modified_time\" content=\"2026-02-02T12:14:18+00:00\" \/>\n<meta property=\"og:image\" content=\"https:\/\/staging-wp.xometry.eu\/wp-content\/uploads\/2020\/07\/carbon-dls-3d-printing-services-2.jpg\" \/>\n\t<meta property=\"og:image:width\" content=\"1200\" \/>\n\t<meta property=\"og:image:height\" content=\"627\" \/>\n\t<meta property=\"og:image:type\" content=\"image\/jpeg\" \/>\n<meta name=\"twitter:card\" content=\"summary_large_image\" \/>\n<meta name=\"twitter:title\" content=\"Carbon DLS\u2122\" \/>\n<meta name=\"twitter:image\" content=\"https:\/\/staging-wp.xometry.eu\/wp-content\/uploads\/2020\/08\/carbon-dls-3d-printing-services.jpg\" \/>\n<script type=\"application\/ld+json\" class=\"yoast-schema-graph\">{\"@context\":\"https:\\\/\\\/schema.org\",\"@graph\":[{\"@type\":\"WebPage\",\"@id\":\"https:\\\/\\\/staging-wp.xometry.eu\\\/fi\\\/3d-tulostus-carbon-dls\\\/\",\"url\":\"https:\\\/\\\/staging-wp.xometry.eu\\\/fi\\\/3d-tulostus-carbon-dls\\\/\",\"name\":\"Carbon DLS 3D-tulostuspalvelu verkossa\",\"isPartOf\":{\"@id\":\"https:\\\/\\\/staging-wp.xometry.eu\\\/fi\\\/#website\"},\"primaryImageOfPage\":{\"@id\":\"https:\\\/\\\/staging-wp.xometry.eu\\\/fi\\\/3d-tulostus-carbon-dls\\\/#primaryimage\"},\"image\":{\"@id\":\"https:\\\/\\\/staging-wp.xometry.eu\\\/fi\\\/3d-tulostus-carbon-dls\\\/#primaryimage\"},\"thumbnailUrl\":\"https:\\\/\\\/staging-wp.xometry.eu\\\/wp-content\\\/uploads\\\/2024\\\/02\\\/FI-Carbon-DSL-service-page.jpg\",\"datePublished\":\"2020-07-15T07:20:26+00:00\",\"dateModified\":\"2026-02-02T12:14:18+00:00\",\"description\":\"Ensiluokkainen Carbon DLS-tulostuspalvelu: prototyypit ja osasarjat. Lataa 3D-mallisi, niin saat tarjouksen v\u00e4litt\u00f6m\u00e4sti!\",\"breadcrumb\":{\"@id\":\"https:\\\/\\\/staging-wp.xometry.eu\\\/fi\\\/3d-tulostus-carbon-dls\\\/#breadcrumb\"},\"inLanguage\":\"fi\",\"potentialAction\":[{\"@type\":\"ReadAction\",\"target\":[\"https:\\\/\\\/staging-wp.xometry.eu\\\/fi\\\/3d-tulostus-carbon-dls\\\/\"]}]},{\"@type\":\"ImageObject\",\"inLanguage\":\"fi\",\"@id\":\"https:\\\/\\\/staging-wp.xometry.eu\\\/fi\\\/3d-tulostus-carbon-dls\\\/#primaryimage\",\"url\":\"https:\\\/\\\/staging-wp.xometry.eu\\\/wp-content\\\/uploads\\\/2024\\\/02\\\/FI-Carbon-DSL-service-page.jpg\",\"contentUrl\":\"https:\\\/\\\/staging-wp.xometry.eu\\\/wp-content\\\/uploads\\\/2024\\\/02\\\/FI-Carbon-DSL-service-page.jpg\",\"width\":2400,\"height\":1230},{\"@type\":\"BreadcrumbList\",\"@id\":\"https:\\\/\\\/staging-wp.xometry.eu\\\/fi\\\/3d-tulostus-carbon-dls\\\/#breadcrumb\",\"itemListElement\":[{\"@type\":\"ListItem\",\"position\":1,\"name\":\"Home\",\"item\":\"https:\\\/\\\/staging-wp.xometry.eu\\\/fi\\\/\"},{\"@type\":\"ListItem\",\"position\":2,\"name\":\"Carbon DLS\u2122\"}]},{\"@type\":\"WebSite\",\"@id\":\"https:\\\/\\\/staging-wp.xometry.eu\\\/fi\\\/#website\",\"url\":\"https:\\\/\\\/staging-wp.xometry.eu\\\/fi\\\/\",\"name\":\"Xometry Europe\",\"description\":\"\",\"publisher\":{\"@id\":\"https:\\\/\\\/staging-wp.xometry.eu\\\/fi\\\/#organization\"},\"potentialAction\":[{\"@type\":\"SearchAction\",\"target\":{\"@type\":\"EntryPoint\",\"urlTemplate\":\"https:\\\/\\\/staging-wp.xometry.eu\\\/fi\\\/?s={search_term_string}\"},\"query-input\":{\"@type\":\"PropertyValueSpecification\",\"valueRequired\":true,\"valueName\":\"search_term_string\"}}],\"inLanguage\":\"fi\"}]}<\/script>\n<!-- \/ Yoast SEO Premium plugin. -->","yoast_head_json":{"title":"Carbon DLS 3D-tulostuspalvelu verkossa","description":"Ensiluokkainen Carbon DLS-tulostuspalvelu: prototyypit ja osasarjat. Lataa 3D-mallisi, niin saat tarjouksen v\u00e4litt\u00f6m\u00e4sti!","robots":{"index":"noindex","follow":"follow","max-snippet":"max-snippet:-1","max-image-preview":"max-image-preview:large","max-video-preview":"max-video-preview:-1"},"og_locale":"fi_FI","og_type":"article","og_title":"Carbon DLS 3D Printing Services Online | 5 Days Production | Xometry Europe","og_description":"Top-notch Carbon DSL 3D printing services: prototypes and series of parts. Upload your 3D models to get an instant quote!","og_url":"https:\/\/staging-wp.xometry.eu\/fi\/3d-tulostus-carbon-dls\/","og_site_name":"Xometry Europe","article_modified_time":"2026-02-02T12:14:18+00:00","og_image":[{"width":1200,"height":627,"url":"https:\/\/staging-wp.xometry.eu\/wp-content\/uploads\/2020\/07\/carbon-dls-3d-printing-services-2.jpg","type":"image\/jpeg"}],"twitter_card":"summary_large_image","twitter_title":"Carbon DLS\u2122","twitter_image":"https:\/\/staging-wp.xometry.eu\/wp-content\/uploads\/2020\/08\/carbon-dls-3d-printing-services.jpg","schema":{"@context":"https:\/\/schema.org","@graph":[{"@type":"WebPage","@id":"https:\/\/staging-wp.xometry.eu\/fi\/3d-tulostus-carbon-dls\/","url":"https:\/\/staging-wp.xometry.eu\/fi\/3d-tulostus-carbon-dls\/","name":"Carbon DLS 3D-tulostuspalvelu verkossa","isPartOf":{"@id":"https:\/\/staging-wp.xometry.eu\/fi\/#website"},"primaryImageOfPage":{"@id":"https:\/\/staging-wp.xometry.eu\/fi\/3d-tulostus-carbon-dls\/#primaryimage"},"image":{"@id":"https:\/\/staging-wp.xometry.eu\/fi\/3d-tulostus-carbon-dls\/#primaryimage"},"thumbnailUrl":"https:\/\/staging-wp.xometry.eu\/wp-content\/uploads\/2024\/02\/FI-Carbon-DSL-service-page.jpg","datePublished":"2020-07-15T07:20:26+00:00","dateModified":"2026-02-02T12:14:18+00:00","description":"Ensiluokkainen Carbon DLS-tulostuspalvelu: prototyypit ja osasarjat. Lataa 3D-mallisi, niin saat tarjouksen v\u00e4litt\u00f6m\u00e4sti!","breadcrumb":{"@id":"https:\/\/staging-wp.xometry.eu\/fi\/3d-tulostus-carbon-dls\/#breadcrumb"},"inLanguage":"fi","potentialAction":[{"@type":"ReadAction","target":["https:\/\/staging-wp.xometry.eu\/fi\/3d-tulostus-carbon-dls\/"]}]},{"@type":"ImageObject","inLanguage":"fi","@id":"https:\/\/staging-wp.xometry.eu\/fi\/3d-tulostus-carbon-dls\/#primaryimage","url":"https:\/\/staging-wp.xometry.eu\/wp-content\/uploads\/2024\/02\/FI-Carbon-DSL-service-page.jpg","contentUrl":"https:\/\/staging-wp.xometry.eu\/wp-content\/uploads\/2024\/02\/FI-Carbon-DSL-service-page.jpg","width":2400,"height":1230},{"@type":"BreadcrumbList","@id":"https:\/\/staging-wp.xometry.eu\/fi\/3d-tulostus-carbon-dls\/#breadcrumb","itemListElement":[{"@type":"ListItem","position":1,"name":"Home","item":"https:\/\/staging-wp.xometry.eu\/fi\/"},{"@type":"ListItem","position":2,"name":"Carbon DLS\u2122"}]},{"@type":"WebSite","@id":"https:\/\/staging-wp.xometry.eu\/fi\/#website","url":"https:\/\/staging-wp.xometry.eu\/fi\/","name":"Xometry Europe","description":"","publisher":{"@id":"https:\/\/staging-wp.xometry.eu\/fi\/#organization"},"potentialAction":[{"@type":"SearchAction","target":{"@type":"EntryPoint","urlTemplate":"https:\/\/staging-wp.xometry.eu\/fi\/?s={search_term_string}"},"query-input":{"@type":"PropertyValueSpecification","valueRequired":true,"valueName":"search_term_string"}}],"inLanguage":"fi"}]}},"_links":{"self":[{"href":"https:\/\/staging-wp.xometry.eu\/fi\/wp-json\/wp\/v2\/pages\/80438","targetHints":{"allow":["GET"]}}],"collection":[{"href":"https:\/\/staging-wp.xometry.eu\/fi\/wp-json\/wp\/v2\/pages"}],"about":[{"href":"https:\/\/staging-wp.xometry.eu\/fi\/wp-json\/wp\/v2\/types\/page"}],"author":[{"embeddable":true,"href":"https:\/\/staging-wp.xometry.eu\/fi\/wp-json\/wp\/v2\/users\/3"}],"replies":[{"embeddable":true,"href":"https:\/\/staging-wp.xometry.eu\/fi\/wp-json\/wp\/v2\/comments?post=80438"}],"version-history":[{"count":0,"href":"https:\/\/staging-wp.xometry.eu\/fi\/wp-json\/wp\/v2\/pages\/80438\/revisions"}],"wp:featuredmedia":[{"embeddable":true,"href":"https:\/\/staging-wp.xometry.eu\/fi\/wp-json\/wp\/v2\/media\/135105"}],"wp:attachment":[{"href":"https:\/\/staging-wp.xometry.eu\/fi\/wp-json\/wp\/v2\/media?parent=80438"}],"curies":[{"name":"wp","href":"https:\/\/api.w.org\/{rel}","templated":true}]}}