{"id":94272,"date":"2020-05-15T09:14:12","date_gmt":"2020-05-15T09:14:12","guid":{"rendered":"https:\/\/staging-wp.xometry.eu\/laser-cutting\/"},"modified":"2026-02-04T11:14:10","modified_gmt":"2026-02-04T09:14:10","slug":"laeserskaering","status":"publish","type":"page","link":"https:\/\/staging-wp.xometry.eu\/da\/laeserskaering\/","title":{"rendered":"L\u00e6sersk\u00e6ring"},"content":{"rendered":"","protected":false},"excerpt":{"rendered":"","protected":false},"author":1,"featured_media":94141,"parent":0,"menu_order":0,"comment_status":"closed","ping_status":"closed","template":"","meta":{"_acf_changed":false,"inline_featured_image":false,"footnotes":""},"class_list":["post-94272","page","type-page","status-publish","has-post-thumbnail","hentry"],"acf":[],"yoast_head":"<!-- This site is optimized with the Yoast SEO Premium plugin v20.5 (Yoast SEO v27.3) - https:\/\/yoast.com\/product\/yoast-seo-premium-wordpress\/ -->\n<title>Laser sk\u00e6ringsservice | Bestil dele online<\/title>\n<meta name=\"description\" content=\"Vi tilbyder l\u00e6sersk\u00e6ring for produktion af b\u00e5de serieproduktion og prototyper af aluminium, st\u00e5l og kobber legering.\" \/>\n<meta name=\"robots\" content=\"noindex, follow, max-snippet:-1, max-image-preview:large, max-video-preview:-1\" \/>\n<meta property=\"og:locale\" content=\"da_DK\" \/>\n<meta property=\"og:type\" content=\"article\" \/>\n<meta property=\"og:title\" content=\"L\u00e6sersk\u00e6ring\" \/>\n<meta property=\"og:description\" content=\"Vi tilbyder l\u00e6sersk\u00e6ring for produktion af b\u00e5de serieproduktion og prototyper af aluminium, st\u00e5l og kobber legering.\" \/>\n<meta property=\"og:url\" content=\"https:\/\/staging-wp.xometry.eu\/da\/laeserskaering\/\" \/>\n<meta property=\"og:site_name\" content=\"Xometry Europe\" \/>\n<meta property=\"article:modified_time\" content=\"2026-02-04T09:14:10+00:00\" \/>\n<meta property=\"og:image\" content=\"https:\/\/staging-wp.xometry.eu\/wp-content\/uploads\/2020\/08\/laser-cutting-sheet-metal-services.jpg\" \/>\n\t<meta property=\"og:image:width\" content=\"1200\" \/>\n\t<meta property=\"og:image:height\" content=\"630\" \/>\n\t<meta property=\"og:image:type\" content=\"image\/jpeg\" \/>\n<meta name=\"twitter:card\" content=\"summary_large_image\" \/>\n<meta name=\"twitter:image\" content=\"https:\/\/staging-wp.xometry.eu\/wp-content\/uploads\/2020\/08\/laser-cutting-sheet-metal-services.jpg\" \/>\n<script type=\"application\/ld+json\" class=\"yoast-schema-graph\">{\"@context\":\"https:\\\/\\\/schema.org\",\"@graph\":[{\"@type\":\"WebPage\",\"@id\":\"https:\\\/\\\/staging-wp.xometry.eu\\\/da\\\/laeserskaering\\\/\",\"url\":\"https:\\\/\\\/staging-wp.xometry.eu\\\/da\\\/laeserskaering\\\/\",\"name\":\"Laser sk\u00e6ringsservice | Bestil dele online\",\"isPartOf\":{\"@id\":\"https:\\\/\\\/staging-wp.xometry.eu\\\/da\\\/#website\"},\"primaryImageOfPage\":{\"@id\":\"https:\\\/\\\/staging-wp.xometry.eu\\\/da\\\/laeserskaering\\\/#primaryimage\"},\"image\":{\"@id\":\"https:\\\/\\\/staging-wp.xometry.eu\\\/da\\\/laeserskaering\\\/#primaryimage\"},\"thumbnailUrl\":\"https:\\\/\\\/staging-wp.xometry.eu\\\/wp-content\\\/uploads\\\/2022\\\/12\\\/Plasma-cutting.jpg\",\"datePublished\":\"2020-05-15T09:14:12+00:00\",\"dateModified\":\"2026-02-04T09:14:10+00:00\",\"description\":\"Vi tilbyder l\u00e6sersk\u00e6ring for produktion af b\u00e5de serieproduktion og prototyper af aluminium, st\u00e5l og kobber legering.\",\"breadcrumb\":{\"@id\":\"https:\\\/\\\/staging-wp.xometry.eu\\\/da\\\/laeserskaering\\\/#breadcrumb\"},\"inLanguage\":\"da-DK\",\"potentialAction\":[{\"@type\":\"ReadAction\",\"target\":[\"https:\\\/\\\/staging-wp.xometry.eu\\\/da\\\/laeserskaering\\\/\"]}]},{\"@type\":\"ImageObject\",\"inLanguage\":\"da-DK\",\"@id\":\"https:\\\/\\\/staging-wp.xometry.eu\\\/da\\\/laeserskaering\\\/#primaryimage\",\"url\":\"https:\\\/\\\/staging-wp.xometry.eu\\\/wp-content\\\/uploads\\\/2022\\\/12\\\/Plasma-cutting.jpg\",\"contentUrl\":\"https:\\\/\\\/staging-wp.xometry.eu\\\/wp-content\\\/uploads\\\/2022\\\/12\\\/Plasma-cutting.jpg\",\"width\":1000,\"height\":523},{\"@type\":\"BreadcrumbList\",\"@id\":\"https:\\\/\\\/staging-wp.xometry.eu\\\/da\\\/laeserskaering\\\/#breadcrumb\",\"itemListElement\":[{\"@type\":\"ListItem\",\"position\":1,\"name\":\"Home\",\"item\":\"https:\\\/\\\/staging-wp.xometry.eu\\\/da\\\/\"},{\"@type\":\"ListItem\",\"position\":2,\"name\":\"L\u00e6sersk\u00e6ring\"}]},{\"@type\":\"WebSite\",\"@id\":\"https:\\\/\\\/staging-wp.xometry.eu\\\/da\\\/#website\",\"url\":\"https:\\\/\\\/staging-wp.xometry.eu\\\/da\\\/\",\"name\":\"Xometry Europe\",\"description\":\"\",\"publisher\":{\"@id\":\"https:\\\/\\\/staging-wp.xometry.eu\\\/da\\\/#organization\"},\"potentialAction\":[{\"@type\":\"SearchAction\",\"target\":{\"@type\":\"EntryPoint\",\"urlTemplate\":\"https:\\\/\\\/staging-wp.xometry.eu\\\/da\\\/?s={search_term_string}\"},\"query-input\":{\"@type\":\"PropertyValueSpecification\",\"valueRequired\":true,\"valueName\":\"search_term_string\"}}],\"inLanguage\":\"da-DK\"}]}<\/script>\n<!-- \/ Yoast SEO Premium plugin. -->","yoast_head_json":{"title":"Laser sk\u00e6ringsservice | Bestil dele online","description":"Vi tilbyder l\u00e6sersk\u00e6ring for produktion af b\u00e5de serieproduktion og prototyper af aluminium, st\u00e5l og kobber legering.","robots":{"index":"noindex","follow":"follow","max-snippet":"max-snippet:-1","max-image-preview":"max-image-preview:large","max-video-preview":"max-video-preview:-1"},"og_locale":"da_DK","og_type":"article","og_title":"L\u00e6sersk\u00e6ring","og_description":"Vi tilbyder l\u00e6sersk\u00e6ring for produktion af b\u00e5de serieproduktion og prototyper af aluminium, st\u00e5l og kobber legering.","og_url":"https:\/\/staging-wp.xometry.eu\/da\/laeserskaering\/","og_site_name":"Xometry Europe","article_modified_time":"2026-02-04T09:14:10+00:00","og_image":[{"width":1200,"height":630,"url":"https:\/\/staging-wp.xometry.eu\/wp-content\/uploads\/2020\/08\/laser-cutting-sheet-metal-services.jpg","type":"image\/jpeg"}],"twitter_card":"summary_large_image","twitter_image":"https:\/\/staging-wp.xometry.eu\/wp-content\/uploads\/2020\/08\/laser-cutting-sheet-metal-services.jpg","schema":{"@context":"https:\/\/schema.org","@graph":[{"@type":"WebPage","@id":"https:\/\/staging-wp.xometry.eu\/da\/laeserskaering\/","url":"https:\/\/staging-wp.xometry.eu\/da\/laeserskaering\/","name":"Laser sk\u00e6ringsservice | Bestil dele online","isPartOf":{"@id":"https:\/\/staging-wp.xometry.eu\/da\/#website"},"primaryImageOfPage":{"@id":"https:\/\/staging-wp.xometry.eu\/da\/laeserskaering\/#primaryimage"},"image":{"@id":"https:\/\/staging-wp.xometry.eu\/da\/laeserskaering\/#primaryimage"},"thumbnailUrl":"https:\/\/staging-wp.xometry.eu\/wp-content\/uploads\/2022\/12\/Plasma-cutting.jpg","datePublished":"2020-05-15T09:14:12+00:00","dateModified":"2026-02-04T09:14:10+00:00","description":"Vi tilbyder l\u00e6sersk\u00e6ring for produktion af b\u00e5de serieproduktion og prototyper af aluminium, st\u00e5l og kobber legering.","breadcrumb":{"@id":"https:\/\/staging-wp.xometry.eu\/da\/laeserskaering\/#breadcrumb"},"inLanguage":"da-DK","potentialAction":[{"@type":"ReadAction","target":["https:\/\/staging-wp.xometry.eu\/da\/laeserskaering\/"]}]},{"@type":"ImageObject","inLanguage":"da-DK","@id":"https:\/\/staging-wp.xometry.eu\/da\/laeserskaering\/#primaryimage","url":"https:\/\/staging-wp.xometry.eu\/wp-content\/uploads\/2022\/12\/Plasma-cutting.jpg","contentUrl":"https:\/\/staging-wp.xometry.eu\/wp-content\/uploads\/2022\/12\/Plasma-cutting.jpg","width":1000,"height":523},{"@type":"BreadcrumbList","@id":"https:\/\/staging-wp.xometry.eu\/da\/laeserskaering\/#breadcrumb","itemListElement":[{"@type":"ListItem","position":1,"name":"Home","item":"https:\/\/staging-wp.xometry.eu\/da\/"},{"@type":"ListItem","position":2,"name":"L\u00e6sersk\u00e6ring"}]},{"@type":"WebSite","@id":"https:\/\/staging-wp.xometry.eu\/da\/#website","url":"https:\/\/staging-wp.xometry.eu\/da\/","name":"Xometry Europe","description":"","publisher":{"@id":"https:\/\/staging-wp.xometry.eu\/da\/#organization"},"potentialAction":[{"@type":"SearchAction","target":{"@type":"EntryPoint","urlTemplate":"https:\/\/staging-wp.xometry.eu\/da\/?s={search_term_string}"},"query-input":{"@type":"PropertyValueSpecification","valueRequired":true,"valueName":"search_term_string"}}],"inLanguage":"da-DK"}]}},"_links":{"self":[{"href":"https:\/\/staging-wp.xometry.eu\/da\/wp-json\/wp\/v2\/pages\/94272","targetHints":{"allow":["GET"]}}],"collection":[{"href":"https:\/\/staging-wp.xometry.eu\/da\/wp-json\/wp\/v2\/pages"}],"about":[{"href":"https:\/\/staging-wp.xometry.eu\/da\/wp-json\/wp\/v2\/types\/page"}],"author":[{"embeddable":true,"href":"https:\/\/staging-wp.xometry.eu\/da\/wp-json\/wp\/v2\/users\/1"}],"replies":[{"embeddable":true,"href":"https:\/\/staging-wp.xometry.eu\/da\/wp-json\/wp\/v2\/comments?post=94272"}],"version-history":[{"count":0,"href":"https:\/\/staging-wp.xometry.eu\/da\/wp-json\/wp\/v2\/pages\/94272\/revisions"}],"wp:featuredmedia":[{"embeddable":true,"href":"https:\/\/staging-wp.xometry.eu\/da\/wp-json\/wp\/v2\/media\/94141"}],"wp:attachment":[{"href":"https:\/\/staging-wp.xometry.eu\/da\/wp-json\/wp\/v2\/media?parent=94272"}],"curies":[{"name":"wp","href":"https:\/\/api.w.org\/{rel}","templated":true}]}}