{"id":136716,"date":"2024-01-30T11:31:44","date_gmt":"2024-01-30T09:31:44","guid":{"rendered":"https:\/\/staging-wp.xometry.eu\/education\/"},"modified":"2024-03-04T14:10:10","modified_gmt":"2024-03-04T12:10:10","slug":"uddannelse","status":"publish","type":"page","link":"https:\/\/staging-wp.xometry.eu\/da\/uddannelse\/","title":{"rendered":"Education Industry"},"content":{"rendered":"","protected":false},"excerpt":{"rendered":"","protected":false},"author":14,"featured_media":128566,"parent":0,"menu_order":0,"comment_status":"closed","ping_status":"closed","template":"","meta":{"_acf_changed":false,"inline_featured_image":false,"footnotes":""},"class_list":["post-136716","page","type-page","status-publish","has-post-thumbnail","hentry"],"acf":[],"yoast_head":"<!-- This site is optimized with the Yoast SEO Premium plugin v20.5 (Yoast SEO v27.3) - https:\/\/yoast.com\/product\/yoast-seo-premium-wordpress\/ -->\n<title>Prototyper og produktionsdele til ingeni\u00f8rstuderende &amp; universiteter | Xometry<\/title>\n<meta name=\"description\" content=\"Innov\u00e9r hurtigere med \u00f8jeblikkelig adgang til Xometrys store produktionskapacitet, netv\u00e6rk og ekspertise for ingeni\u00f8rstuderende og universiteter.\" \/>\n<meta name=\"robots\" content=\"noindex, follow, max-snippet:-1, max-image-preview:large, max-video-preview:-1\" \/>\n<meta property=\"og:locale\" content=\"da_DK\" \/>\n<meta property=\"og:type\" content=\"article\" \/>\n<meta property=\"og:title\" content=\"Education Industry\" \/>\n<meta property=\"og:description\" content=\"Innov\u00e9r hurtigere med \u00f8jeblikkelig adgang til Xometrys store produktionskapacitet, netv\u00e6rk og ekspertise for ingeni\u00f8rstuderende og universiteter.\" \/>\n<meta property=\"og:url\" content=\"https:\/\/staging-wp.xometry.eu\/da\/uddannelse\/\" \/>\n<meta property=\"og:site_name\" content=\"Xometry Europe\" \/>\n<meta property=\"article:modified_time\" content=\"2024-03-04T12:10:10+00:00\" \/>\n<meta property=\"og:image\" content=\"https:\/\/staging-wp.xometry.eu\/wp-content\/uploads\/2024\/01\/AdobeStock_233382425-scaled.jpeg\" \/>\n\t<meta property=\"og:image:width\" content=\"2560\" \/>\n\t<meta property=\"og:image:height\" content=\"1707\" \/>\n\t<meta property=\"og:image:type\" content=\"image\/jpeg\" \/>\n<meta name=\"twitter:card\" content=\"summary_large_image\" \/>\n<script type=\"application\/ld+json\" class=\"yoast-schema-graph\">{\"@context\":\"https:\\\/\\\/schema.org\",\"@graph\":[{\"@type\":\"WebPage\",\"@id\":\"https:\\\/\\\/staging-wp.xometry.eu\\\/da\\\/uddannelse\\\/\",\"url\":\"https:\\\/\\\/staging-wp.xometry.eu\\\/da\\\/uddannelse\\\/\",\"name\":\"Prototyper og produktionsdele til ingeni\u00f8rstuderende & universiteter | Xometry\",\"isPartOf\":{\"@id\":\"https:\\\/\\\/staging-wp.xometry.eu\\\/da\\\/#website\"},\"primaryImageOfPage\":{\"@id\":\"https:\\\/\\\/staging-wp.xometry.eu\\\/da\\\/uddannelse\\\/#primaryimage\"},\"image\":{\"@id\":\"https:\\\/\\\/staging-wp.xometry.eu\\\/da\\\/uddannelse\\\/#primaryimage\"},\"thumbnailUrl\":\"https:\\\/\\\/staging-wp.xometry.eu\\\/wp-content\\\/uploads\\\/2024\\\/01\\\/AdobeStock_233382425-scaled.jpeg\",\"datePublished\":\"2024-01-30T09:31:44+00:00\",\"dateModified\":\"2024-03-04T12:10:10+00:00\",\"description\":\"Innov\u00e9r hurtigere med \u00f8jeblikkelig adgang til Xometrys store produktionskapacitet, netv\u00e6rk og ekspertise for ingeni\u00f8rstuderende og universiteter.\",\"breadcrumb\":{\"@id\":\"https:\\\/\\\/staging-wp.xometry.eu\\\/da\\\/uddannelse\\\/#breadcrumb\"},\"inLanguage\":\"da-DK\",\"potentialAction\":[{\"@type\":\"ReadAction\",\"target\":[\"https:\\\/\\\/staging-wp.xometry.eu\\\/da\\\/uddannelse\\\/\"]}]},{\"@type\":\"ImageObject\",\"inLanguage\":\"da-DK\",\"@id\":\"https:\\\/\\\/staging-wp.xometry.eu\\\/da\\\/uddannelse\\\/#primaryimage\",\"url\":\"https:\\\/\\\/staging-wp.xometry.eu\\\/wp-content\\\/uploads\\\/2024\\\/01\\\/AdobeStock_233382425-scaled.jpeg\",\"contentUrl\":\"https:\\\/\\\/staging-wp.xometry.eu\\\/wp-content\\\/uploads\\\/2024\\\/01\\\/AdobeStock_233382425-scaled.jpeg\",\"width\":2560,\"height\":1707,\"caption\":\"engineer working on robotics automation project\"},{\"@type\":\"BreadcrumbList\",\"@id\":\"https:\\\/\\\/staging-wp.xometry.eu\\\/da\\\/uddannelse\\\/#breadcrumb\",\"itemListElement\":[{\"@type\":\"ListItem\",\"position\":1,\"name\":\"Home\",\"item\":\"https:\\\/\\\/staging-wp.xometry.eu\\\/da\\\/\"},{\"@type\":\"ListItem\",\"position\":2,\"name\":\"Education Industry\"}]},{\"@type\":\"WebSite\",\"@id\":\"https:\\\/\\\/staging-wp.xometry.eu\\\/da\\\/#website\",\"url\":\"https:\\\/\\\/staging-wp.xometry.eu\\\/da\\\/\",\"name\":\"Xometry Europe\",\"description\":\"\",\"publisher\":{\"@id\":\"https:\\\/\\\/staging-wp.xometry.eu\\\/da\\\/#organization\"},\"potentialAction\":[{\"@type\":\"SearchAction\",\"target\":{\"@type\":\"EntryPoint\",\"urlTemplate\":\"https:\\\/\\\/staging-wp.xometry.eu\\\/da\\\/?s={search_term_string}\"},\"query-input\":{\"@type\":\"PropertyValueSpecification\",\"valueRequired\":true,\"valueName\":\"search_term_string\"}}],\"inLanguage\":\"da-DK\"}]}<\/script>\n<!-- \/ Yoast SEO Premium plugin. -->","yoast_head_json":{"title":"Prototyper og produktionsdele til ingeni\u00f8rstuderende & universiteter | Xometry","description":"Innov\u00e9r hurtigere med \u00f8jeblikkelig adgang til Xometrys store produktionskapacitet, netv\u00e6rk og ekspertise for ingeni\u00f8rstuderende og universiteter.","robots":{"index":"noindex","follow":"follow","max-snippet":"max-snippet:-1","max-image-preview":"max-image-preview:large","max-video-preview":"max-video-preview:-1"},"og_locale":"da_DK","og_type":"article","og_title":"Education Industry","og_description":"Innov\u00e9r hurtigere med \u00f8jeblikkelig adgang til Xometrys store produktionskapacitet, netv\u00e6rk og ekspertise for ingeni\u00f8rstuderende og universiteter.","og_url":"https:\/\/staging-wp.xometry.eu\/da\/uddannelse\/","og_site_name":"Xometry Europe","article_modified_time":"2024-03-04T12:10:10+00:00","og_image":[{"width":2560,"height":1707,"url":"https:\/\/staging-wp.xometry.eu\/wp-content\/uploads\/2024\/01\/AdobeStock_233382425-scaled.jpeg","type":"image\/jpeg"}],"twitter_card":"summary_large_image","schema":{"@context":"https:\/\/schema.org","@graph":[{"@type":"WebPage","@id":"https:\/\/staging-wp.xometry.eu\/da\/uddannelse\/","url":"https:\/\/staging-wp.xometry.eu\/da\/uddannelse\/","name":"Prototyper og produktionsdele til ingeni\u00f8rstuderende & universiteter | Xometry","isPartOf":{"@id":"https:\/\/staging-wp.xometry.eu\/da\/#website"},"primaryImageOfPage":{"@id":"https:\/\/staging-wp.xometry.eu\/da\/uddannelse\/#primaryimage"},"image":{"@id":"https:\/\/staging-wp.xometry.eu\/da\/uddannelse\/#primaryimage"},"thumbnailUrl":"https:\/\/staging-wp.xometry.eu\/wp-content\/uploads\/2024\/01\/AdobeStock_233382425-scaled.jpeg","datePublished":"2024-01-30T09:31:44+00:00","dateModified":"2024-03-04T12:10:10+00:00","description":"Innov\u00e9r hurtigere med \u00f8jeblikkelig adgang til Xometrys store produktionskapacitet, netv\u00e6rk og ekspertise for ingeni\u00f8rstuderende og universiteter.","breadcrumb":{"@id":"https:\/\/staging-wp.xometry.eu\/da\/uddannelse\/#breadcrumb"},"inLanguage":"da-DK","potentialAction":[{"@type":"ReadAction","target":["https:\/\/staging-wp.xometry.eu\/da\/uddannelse\/"]}]},{"@type":"ImageObject","inLanguage":"da-DK","@id":"https:\/\/staging-wp.xometry.eu\/da\/uddannelse\/#primaryimage","url":"https:\/\/staging-wp.xometry.eu\/wp-content\/uploads\/2024\/01\/AdobeStock_233382425-scaled.jpeg","contentUrl":"https:\/\/staging-wp.xometry.eu\/wp-content\/uploads\/2024\/01\/AdobeStock_233382425-scaled.jpeg","width":2560,"height":1707,"caption":"engineer working on robotics automation project"},{"@type":"BreadcrumbList","@id":"https:\/\/staging-wp.xometry.eu\/da\/uddannelse\/#breadcrumb","itemListElement":[{"@type":"ListItem","position":1,"name":"Home","item":"https:\/\/staging-wp.xometry.eu\/da\/"},{"@type":"ListItem","position":2,"name":"Education Industry"}]},{"@type":"WebSite","@id":"https:\/\/staging-wp.xometry.eu\/da\/#website","url":"https:\/\/staging-wp.xometry.eu\/da\/","name":"Xometry Europe","description":"","publisher":{"@id":"https:\/\/staging-wp.xometry.eu\/da\/#organization"},"potentialAction":[{"@type":"SearchAction","target":{"@type":"EntryPoint","urlTemplate":"https:\/\/staging-wp.xometry.eu\/da\/?s={search_term_string}"},"query-input":{"@type":"PropertyValueSpecification","valueRequired":true,"valueName":"search_term_string"}}],"inLanguage":"da-DK"}]}},"_links":{"self":[{"href":"https:\/\/staging-wp.xometry.eu\/da\/wp-json\/wp\/v2\/pages\/136716","targetHints":{"allow":["GET"]}}],"collection":[{"href":"https:\/\/staging-wp.xometry.eu\/da\/wp-json\/wp\/v2\/pages"}],"about":[{"href":"https:\/\/staging-wp.xometry.eu\/da\/wp-json\/wp\/v2\/types\/page"}],"author":[{"embeddable":true,"href":"https:\/\/staging-wp.xometry.eu\/da\/wp-json\/wp\/v2\/users\/14"}],"replies":[{"embeddable":true,"href":"https:\/\/staging-wp.xometry.eu\/da\/wp-json\/wp\/v2\/comments?post=136716"}],"version-history":[{"count":0,"href":"https:\/\/staging-wp.xometry.eu\/da\/wp-json\/wp\/v2\/pages\/136716\/revisions"}],"wp:featuredmedia":[{"embeddable":true,"href":"https:\/\/staging-wp.xometry.eu\/da\/wp-json\/wp\/v2\/media\/128566"}],"wp:attachment":[{"href":"https:\/\/staging-wp.xometry.eu\/da\/wp-json\/wp\/v2\/media?parent=136716"}],"curies":[{"name":"wp","href":"https:\/\/api.w.org\/{rel}","templated":true}]}}