{"id":129736,"date":"2023-08-16T17:47:20","date_gmt":"2023-08-16T15:47:20","guid":{"rendered":"https:\/\/staging-wp.xometry.eu\/consumer-goods-industry\/"},"modified":"2024-09-13T16:28:28","modified_gmt":"2024-09-13T14:28:28","slug":"spotrebni-zbozi","status":"publish","type":"page","link":"https:\/\/staging-wp.xometry.eu\/cs\/spotrebni-zbozi\/","title":{"rendered":"Consumer Goods Industry"},"content":{"rendered":"","protected":false},"excerpt":{"rendered":"","protected":false},"author":14,"featured_media":115363,"parent":0,"menu_order":0,"comment_status":"closed","ping_status":"closed","template":"","meta":{"_acf_changed":false,"inline_featured_image":false,"footnotes":""},"class_list":["post-129736","page","type-page","status-publish","has-post-thumbnail","hentry"],"acf":[],"yoast_head":"<!-- This site is optimized with the Yoast SEO Premium plugin v20.5 (Yoast SEO v27.3) - https:\/\/yoast.com\/product\/yoast-seo-premium-wordpress\/ -->\n<title>Prototypy a v\u00fdrobn\u00ed d\u00edly pro pr\u016fmysl spot\u0159ebn\u00edho zbo\u017e\u00ed | Xometry<\/title>\n<meta name=\"description\" content=\"Inovujte rychleji d\u00edky okam\u017eit\u00e9mu p\u0159\u00edstupu k velk\u00fdm v\u00fdrobn\u00edm kapacit\u00e1m, s\u00edti a odborn\u00fdm znalostem spole\u010dnosti Xometry v odv\u011btv\u00ed spot\u0159ebn\u00edho zbo\u017e\u00ed.\" \/>\n<meta name=\"robots\" content=\"noindex, follow, max-snippet:-1, max-image-preview:large, max-video-preview:-1\" \/>\n<meta property=\"og:locale\" content=\"cs_CZ\" \/>\n<meta property=\"og:type\" content=\"article\" \/>\n<meta property=\"og:title\" content=\"Consumer Goods Industry\" \/>\n<meta property=\"og:description\" content=\"Inovujte rychleji d\u00edky okam\u017eit\u00e9mu p\u0159\u00edstupu k velk\u00fdm v\u00fdrobn\u00edm kapacit\u00e1m, s\u00edti a odborn\u00fdm znalostem spole\u010dnosti Xometry v odv\u011btv\u00ed spot\u0159ebn\u00edho zbo\u017e\u00ed.\" \/>\n<meta property=\"og:url\" content=\"https:\/\/staging-wp.xometry.eu\/cs\/spotrebni-zbozi\/\" \/>\n<meta property=\"og:site_name\" content=\"Xometry Europe\" \/>\n<meta property=\"article:modified_time\" content=\"2024-09-13T14:28:28+00:00\" \/>\n<meta property=\"og:image\" content=\"https:\/\/staging-wp.xometry.eu\/wp-content\/uploads\/2023\/08\/Consumer-Goods-Industry-scaled.jpg\" \/>\n\t<meta property=\"og:image:width\" content=\"2560\" \/>\n\t<meta property=\"og:image:height\" content=\"1920\" \/>\n\t<meta property=\"og:image:type\" content=\"image\/jpeg\" \/>\n<meta name=\"twitter:card\" content=\"summary_large_image\" \/>\n<script type=\"application\/ld+json\" class=\"yoast-schema-graph\">{\"@context\":\"https:\\\/\\\/schema.org\",\"@graph\":[{\"@type\":\"WebPage\",\"@id\":\"https:\\\/\\\/staging-wp.xometry.eu\\\/cs\\\/spotrebni-zbozi\\\/\",\"url\":\"https:\\\/\\\/staging-wp.xometry.eu\\\/cs\\\/spotrebni-zbozi\\\/\",\"name\":\"Prototypy a v\u00fdrobn\u00ed d\u00edly pro pr\u016fmysl spot\u0159ebn\u00edho zbo\u017e\u00ed | Xometry\",\"isPartOf\":{\"@id\":\"https:\\\/\\\/staging-wp.xometry.eu\\\/cs\\\/#website\"},\"primaryImageOfPage\":{\"@id\":\"https:\\\/\\\/staging-wp.xometry.eu\\\/cs\\\/spotrebni-zbozi\\\/#primaryimage\"},\"image\":{\"@id\":\"https:\\\/\\\/staging-wp.xometry.eu\\\/cs\\\/spotrebni-zbozi\\\/#primaryimage\"},\"thumbnailUrl\":\"https:\\\/\\\/staging-wp.xometry.eu\\\/wp-content\\\/uploads\\\/2023\\\/08\\\/Consumer-Goods-Industry-scaled.jpg\",\"datePublished\":\"2023-08-16T15:47:20+00:00\",\"dateModified\":\"2024-09-13T14:28:28+00:00\",\"description\":\"Inovujte rychleji d\u00edky okam\u017eit\u00e9mu p\u0159\u00edstupu k velk\u00fdm v\u00fdrobn\u00edm kapacit\u00e1m, s\u00edti a odborn\u00fdm znalostem spole\u010dnosti Xometry v odv\u011btv\u00ed spot\u0159ebn\u00edho zbo\u017e\u00ed.\",\"breadcrumb\":{\"@id\":\"https:\\\/\\\/staging-wp.xometry.eu\\\/cs\\\/spotrebni-zbozi\\\/#breadcrumb\"},\"inLanguage\":\"cs\",\"potentialAction\":[{\"@type\":\"ReadAction\",\"target\":[\"https:\\\/\\\/staging-wp.xometry.eu\\\/cs\\\/spotrebni-zbozi\\\/\"]}]},{\"@type\":\"ImageObject\",\"inLanguage\":\"cs\",\"@id\":\"https:\\\/\\\/staging-wp.xometry.eu\\\/cs\\\/spotrebni-zbozi\\\/#primaryimage\",\"url\":\"https:\\\/\\\/staging-wp.xometry.eu\\\/wp-content\\\/uploads\\\/2023\\\/08\\\/Consumer-Goods-Industry-scaled.jpg\",\"contentUrl\":\"https:\\\/\\\/staging-wp.xometry.eu\\\/wp-content\\\/uploads\\\/2023\\\/08\\\/Consumer-Goods-Industry-scaled.jpg\",\"width\":2560,\"height\":1920,\"caption\":\"Group of home appliances and consumer electronics isolated on white background. 3D illustration.\"},{\"@type\":\"BreadcrumbList\",\"@id\":\"https:\\\/\\\/staging-wp.xometry.eu\\\/cs\\\/spotrebni-zbozi\\\/#breadcrumb\",\"itemListElement\":[{\"@type\":\"ListItem\",\"position\":1,\"name\":\"Home\",\"item\":\"https:\\\/\\\/staging-wp.xometry.eu\\\/cs\\\/\"},{\"@type\":\"ListItem\",\"position\":2,\"name\":\"Consumer Goods Industry\"}]},{\"@type\":\"WebSite\",\"@id\":\"https:\\\/\\\/staging-wp.xometry.eu\\\/cs\\\/#website\",\"url\":\"https:\\\/\\\/staging-wp.xometry.eu\\\/cs\\\/\",\"name\":\"Xometry Europe\",\"description\":\"\",\"publisher\":{\"@id\":\"https:\\\/\\\/staging-wp.xometry.eu\\\/cs\\\/#organization\"},\"potentialAction\":[{\"@type\":\"SearchAction\",\"target\":{\"@type\":\"EntryPoint\",\"urlTemplate\":\"https:\\\/\\\/staging-wp.xometry.eu\\\/cs\\\/?s={search_term_string}\"},\"query-input\":{\"@type\":\"PropertyValueSpecification\",\"valueRequired\":true,\"valueName\":\"search_term_string\"}}],\"inLanguage\":\"cs\"}]}<\/script>\n<!-- \/ Yoast SEO Premium plugin. -->","yoast_head_json":{"title":"Prototypy a v\u00fdrobn\u00ed d\u00edly pro pr\u016fmysl spot\u0159ebn\u00edho zbo\u017e\u00ed | Xometry","description":"Inovujte rychleji d\u00edky okam\u017eit\u00e9mu p\u0159\u00edstupu k velk\u00fdm v\u00fdrobn\u00edm kapacit\u00e1m, s\u00edti a odborn\u00fdm znalostem spole\u010dnosti Xometry v odv\u011btv\u00ed spot\u0159ebn\u00edho zbo\u017e\u00ed.","robots":{"index":"noindex","follow":"follow","max-snippet":"max-snippet:-1","max-image-preview":"max-image-preview:large","max-video-preview":"max-video-preview:-1"},"og_locale":"cs_CZ","og_type":"article","og_title":"Consumer Goods Industry","og_description":"Inovujte rychleji d\u00edky okam\u017eit\u00e9mu p\u0159\u00edstupu k velk\u00fdm v\u00fdrobn\u00edm kapacit\u00e1m, s\u00edti a odborn\u00fdm znalostem spole\u010dnosti Xometry v odv\u011btv\u00ed spot\u0159ebn\u00edho zbo\u017e\u00ed.","og_url":"https:\/\/staging-wp.xometry.eu\/cs\/spotrebni-zbozi\/","og_site_name":"Xometry Europe","article_modified_time":"2024-09-13T14:28:28+00:00","og_image":[{"width":2560,"height":1920,"url":"https:\/\/staging-wp.xometry.eu\/wp-content\/uploads\/2023\/08\/Consumer-Goods-Industry-scaled.jpg","type":"image\/jpeg"}],"twitter_card":"summary_large_image","schema":{"@context":"https:\/\/schema.org","@graph":[{"@type":"WebPage","@id":"https:\/\/staging-wp.xometry.eu\/cs\/spotrebni-zbozi\/","url":"https:\/\/staging-wp.xometry.eu\/cs\/spotrebni-zbozi\/","name":"Prototypy a v\u00fdrobn\u00ed d\u00edly pro pr\u016fmysl spot\u0159ebn\u00edho zbo\u017e\u00ed | Xometry","isPartOf":{"@id":"https:\/\/staging-wp.xometry.eu\/cs\/#website"},"primaryImageOfPage":{"@id":"https:\/\/staging-wp.xometry.eu\/cs\/spotrebni-zbozi\/#primaryimage"},"image":{"@id":"https:\/\/staging-wp.xometry.eu\/cs\/spotrebni-zbozi\/#primaryimage"},"thumbnailUrl":"https:\/\/staging-wp.xometry.eu\/wp-content\/uploads\/2023\/08\/Consumer-Goods-Industry-scaled.jpg","datePublished":"2023-08-16T15:47:20+00:00","dateModified":"2024-09-13T14:28:28+00:00","description":"Inovujte rychleji d\u00edky okam\u017eit\u00e9mu p\u0159\u00edstupu k velk\u00fdm v\u00fdrobn\u00edm kapacit\u00e1m, s\u00edti a odborn\u00fdm znalostem spole\u010dnosti Xometry v odv\u011btv\u00ed spot\u0159ebn\u00edho zbo\u017e\u00ed.","breadcrumb":{"@id":"https:\/\/staging-wp.xometry.eu\/cs\/spotrebni-zbozi\/#breadcrumb"},"inLanguage":"cs","potentialAction":[{"@type":"ReadAction","target":["https:\/\/staging-wp.xometry.eu\/cs\/spotrebni-zbozi\/"]}]},{"@type":"ImageObject","inLanguage":"cs","@id":"https:\/\/staging-wp.xometry.eu\/cs\/spotrebni-zbozi\/#primaryimage","url":"https:\/\/staging-wp.xometry.eu\/wp-content\/uploads\/2023\/08\/Consumer-Goods-Industry-scaled.jpg","contentUrl":"https:\/\/staging-wp.xometry.eu\/wp-content\/uploads\/2023\/08\/Consumer-Goods-Industry-scaled.jpg","width":2560,"height":1920,"caption":"Group of home appliances and consumer electronics isolated on white background. 3D illustration."},{"@type":"BreadcrumbList","@id":"https:\/\/staging-wp.xometry.eu\/cs\/spotrebni-zbozi\/#breadcrumb","itemListElement":[{"@type":"ListItem","position":1,"name":"Home","item":"https:\/\/staging-wp.xometry.eu\/cs\/"},{"@type":"ListItem","position":2,"name":"Consumer Goods Industry"}]},{"@type":"WebSite","@id":"https:\/\/staging-wp.xometry.eu\/cs\/#website","url":"https:\/\/staging-wp.xometry.eu\/cs\/","name":"Xometry Europe","description":"","publisher":{"@id":"https:\/\/staging-wp.xometry.eu\/cs\/#organization"},"potentialAction":[{"@type":"SearchAction","target":{"@type":"EntryPoint","urlTemplate":"https:\/\/staging-wp.xometry.eu\/cs\/?s={search_term_string}"},"query-input":{"@type":"PropertyValueSpecification","valueRequired":true,"valueName":"search_term_string"}}],"inLanguage":"cs"}]}},"_links":{"self":[{"href":"https:\/\/staging-wp.xometry.eu\/cs\/wp-json\/wp\/v2\/pages\/129736","targetHints":{"allow":["GET"]}}],"collection":[{"href":"https:\/\/staging-wp.xometry.eu\/cs\/wp-json\/wp\/v2\/pages"}],"about":[{"href":"https:\/\/staging-wp.xometry.eu\/cs\/wp-json\/wp\/v2\/types\/page"}],"author":[{"embeddable":true,"href":"https:\/\/staging-wp.xometry.eu\/cs\/wp-json\/wp\/v2\/users\/14"}],"replies":[{"embeddable":true,"href":"https:\/\/staging-wp.xometry.eu\/cs\/wp-json\/wp\/v2\/comments?post=129736"}],"version-history":[{"count":0,"href":"https:\/\/staging-wp.xometry.eu\/cs\/wp-json\/wp\/v2\/pages\/129736\/revisions"}],"wp:featuredmedia":[{"embeddable":true,"href":"https:\/\/staging-wp.xometry.eu\/cs\/wp-json\/wp\/v2\/media\/115363"}],"wp:attachment":[{"href":"https:\/\/staging-wp.xometry.eu\/cs\/wp-json\/wp\/v2\/media?parent=129736"}],"curies":[{"name":"wp","href":"https:\/\/api.w.org\/{rel}","templated":true}]}}