{"id":128832,"date":"2020-08-19T09:35:51","date_gmt":"2020-08-19T09:35:51","guid":{"rendered":"https:\/\/staging-wp.xometry.eu\/machine-learning-for-manufacturing\/"},"modified":"2024-02-16T15:28:03","modified_gmt":"2024-02-16T13:28:03","slug":"strojove-uceni-pro-vyrobu","status":"publish","type":"page","link":"https:\/\/staging-wp.xometry.eu\/cs\/strojove-uceni-pro-vyrobu\/","title":{"rendered":"Machine Learning for Manufacturing"},"content":{"rendered":"","protected":false},"excerpt":{"rendered":"","protected":false},"author":2,"featured_media":0,"parent":0,"menu_order":0,"comment_status":"closed","ping_status":"closed","template":"","meta":{"_acf_changed":false,"inline_featured_image":false,"footnotes":""},"class_list":["post-128832","page","type-page","status-publish","hentry"],"acf":[],"yoast_head":"<!-- This site is optimized with the Yoast SEO Premium plugin v20.5 (Yoast SEO v27.3) - https:\/\/yoast.com\/product\/yoast-seo-premium-wordpress\/ -->\n<title>Strojov\u00e9 u\u010den\u00ed pro v\u00fdrobu | Xometry \u010cesko<\/title>\n<meta name=\"description\" content=\"Spole\u010dnost Xometry Europe vyu\u017e\u00edv\u00e1 s\u00edlu hlubok\u00e9ho u\u010den\u00ed k revoluci v zak\u00e1zkov\u00e9 v\u00fdrob\u011b.\" \/>\n<meta name=\"robots\" content=\"noindex, follow, max-snippet:-1, max-image-preview:large, max-video-preview:-1\" \/>\n<meta property=\"og:locale\" content=\"cs_CZ\" \/>\n<meta property=\"og:type\" content=\"article\" \/>\n<meta property=\"og:title\" content=\"Machine Learning for Manufacturing\" \/>\n<meta property=\"og:description\" content=\"Spole\u010dnost Xometry Europe vyu\u017e\u00edv\u00e1 s\u00edlu hlubok\u00e9ho u\u010den\u00ed k revoluci v zak\u00e1zkov\u00e9 v\u00fdrob\u011b.\" \/>\n<meta property=\"og:url\" content=\"https:\/\/staging-wp.xometry.eu\/cs\/strojove-uceni-pro-vyrobu\/\" \/>\n<meta property=\"og:site_name\" content=\"Xometry Europe\" \/>\n<meta property=\"article:modified_time\" content=\"2024-02-16T13:28:03+00:00\" \/>\n<meta name=\"twitter:card\" content=\"summary_large_image\" \/>\n<script type=\"application\/ld+json\" class=\"yoast-schema-graph\">{\"@context\":\"https:\\\/\\\/schema.org\",\"@graph\":[{\"@type\":\"WebPage\",\"@id\":\"https:\\\/\\\/staging-wp.xometry.eu\\\/cs\\\/strojove-uceni-pro-vyrobu\\\/\",\"url\":\"https:\\\/\\\/staging-wp.xometry.eu\\\/cs\\\/strojove-uceni-pro-vyrobu\\\/\",\"name\":\"Strojov\u00e9 u\u010den\u00ed pro v\u00fdrobu | Xometry \u010cesko\",\"isPartOf\":{\"@id\":\"https:\\\/\\\/staging-wp.xometry.eu\\\/cs\\\/#website\"},\"datePublished\":\"2020-08-19T09:35:51+00:00\",\"dateModified\":\"2024-02-16T13:28:03+00:00\",\"description\":\"Spole\u010dnost Xometry Europe vyu\u017e\u00edv\u00e1 s\u00edlu hlubok\u00e9ho u\u010den\u00ed k revoluci v zak\u00e1zkov\u00e9 v\u00fdrob\u011b.\",\"breadcrumb\":{\"@id\":\"https:\\\/\\\/staging-wp.xometry.eu\\\/cs\\\/strojove-uceni-pro-vyrobu\\\/#breadcrumb\"},\"inLanguage\":\"cs\",\"potentialAction\":[{\"@type\":\"ReadAction\",\"target\":[\"https:\\\/\\\/staging-wp.xometry.eu\\\/cs\\\/strojove-uceni-pro-vyrobu\\\/\"]}]},{\"@type\":\"BreadcrumbList\",\"@id\":\"https:\\\/\\\/staging-wp.xometry.eu\\\/cs\\\/strojove-uceni-pro-vyrobu\\\/#breadcrumb\",\"itemListElement\":[{\"@type\":\"ListItem\",\"position\":1,\"name\":\"Home\",\"item\":\"https:\\\/\\\/staging-wp.xometry.eu\\\/cs\\\/\"},{\"@type\":\"ListItem\",\"position\":2,\"name\":\"Machine Learning for Manufacturing\"}]},{\"@type\":\"WebSite\",\"@id\":\"https:\\\/\\\/staging-wp.xometry.eu\\\/cs\\\/#website\",\"url\":\"https:\\\/\\\/staging-wp.xometry.eu\\\/cs\\\/\",\"name\":\"Xometry Europe\",\"description\":\"\",\"publisher\":{\"@id\":\"https:\\\/\\\/staging-wp.xometry.eu\\\/cs\\\/#organization\"},\"potentialAction\":[{\"@type\":\"SearchAction\",\"target\":{\"@type\":\"EntryPoint\",\"urlTemplate\":\"https:\\\/\\\/staging-wp.xometry.eu\\\/cs\\\/?s={search_term_string}\"},\"query-input\":{\"@type\":\"PropertyValueSpecification\",\"valueRequired\":true,\"valueName\":\"search_term_string\"}}],\"inLanguage\":\"cs\"}]}<\/script>\n<!-- \/ Yoast SEO Premium plugin. -->","yoast_head_json":{"title":"Strojov\u00e9 u\u010den\u00ed pro v\u00fdrobu | Xometry \u010cesko","description":"Spole\u010dnost Xometry Europe vyu\u017e\u00edv\u00e1 s\u00edlu hlubok\u00e9ho u\u010den\u00ed k revoluci v zak\u00e1zkov\u00e9 v\u00fdrob\u011b.","robots":{"index":"noindex","follow":"follow","max-snippet":"max-snippet:-1","max-image-preview":"max-image-preview:large","max-video-preview":"max-video-preview:-1"},"og_locale":"cs_CZ","og_type":"article","og_title":"Machine Learning for Manufacturing","og_description":"Spole\u010dnost Xometry Europe vyu\u017e\u00edv\u00e1 s\u00edlu hlubok\u00e9ho u\u010den\u00ed k revoluci v zak\u00e1zkov\u00e9 v\u00fdrob\u011b.","og_url":"https:\/\/staging-wp.xometry.eu\/cs\/strojove-uceni-pro-vyrobu\/","og_site_name":"Xometry Europe","article_modified_time":"2024-02-16T13:28:03+00:00","twitter_card":"summary_large_image","schema":{"@context":"https:\/\/schema.org","@graph":[{"@type":"WebPage","@id":"https:\/\/staging-wp.xometry.eu\/cs\/strojove-uceni-pro-vyrobu\/","url":"https:\/\/staging-wp.xometry.eu\/cs\/strojove-uceni-pro-vyrobu\/","name":"Strojov\u00e9 u\u010den\u00ed pro v\u00fdrobu | Xometry \u010cesko","isPartOf":{"@id":"https:\/\/staging-wp.xometry.eu\/cs\/#website"},"datePublished":"2020-08-19T09:35:51+00:00","dateModified":"2024-02-16T13:28:03+00:00","description":"Spole\u010dnost Xometry Europe vyu\u017e\u00edv\u00e1 s\u00edlu hlubok\u00e9ho u\u010den\u00ed k revoluci v zak\u00e1zkov\u00e9 v\u00fdrob\u011b.","breadcrumb":{"@id":"https:\/\/staging-wp.xometry.eu\/cs\/strojove-uceni-pro-vyrobu\/#breadcrumb"},"inLanguage":"cs","potentialAction":[{"@type":"ReadAction","target":["https:\/\/staging-wp.xometry.eu\/cs\/strojove-uceni-pro-vyrobu\/"]}]},{"@type":"BreadcrumbList","@id":"https:\/\/staging-wp.xometry.eu\/cs\/strojove-uceni-pro-vyrobu\/#breadcrumb","itemListElement":[{"@type":"ListItem","position":1,"name":"Home","item":"https:\/\/staging-wp.xometry.eu\/cs\/"},{"@type":"ListItem","position":2,"name":"Machine Learning for Manufacturing"}]},{"@type":"WebSite","@id":"https:\/\/staging-wp.xometry.eu\/cs\/#website","url":"https:\/\/staging-wp.xometry.eu\/cs\/","name":"Xometry Europe","description":"","publisher":{"@id":"https:\/\/staging-wp.xometry.eu\/cs\/#organization"},"potentialAction":[{"@type":"SearchAction","target":{"@type":"EntryPoint","urlTemplate":"https:\/\/staging-wp.xometry.eu\/cs\/?s={search_term_string}"},"query-input":{"@type":"PropertyValueSpecification","valueRequired":true,"valueName":"search_term_string"}}],"inLanguage":"cs"}]}},"_links":{"self":[{"href":"https:\/\/staging-wp.xometry.eu\/cs\/wp-json\/wp\/v2\/pages\/128832","targetHints":{"allow":["GET"]}}],"collection":[{"href":"https:\/\/staging-wp.xometry.eu\/cs\/wp-json\/wp\/v2\/pages"}],"about":[{"href":"https:\/\/staging-wp.xometry.eu\/cs\/wp-json\/wp\/v2\/types\/page"}],"author":[{"embeddable":true,"href":"https:\/\/staging-wp.xometry.eu\/cs\/wp-json\/wp\/v2\/users\/2"}],"replies":[{"embeddable":true,"href":"https:\/\/staging-wp.xometry.eu\/cs\/wp-json\/wp\/v2\/comments?post=128832"}],"version-history":[{"count":0,"href":"https:\/\/staging-wp.xometry.eu\/cs\/wp-json\/wp\/v2\/pages\/128832\/revisions"}],"wp:attachment":[{"href":"https:\/\/staging-wp.xometry.eu\/cs\/wp-json\/wp\/v2\/media?parent=128832"}],"curies":[{"name":"wp","href":"https:\/\/api.w.org\/{rel}","templated":true}]}}