{"id":128381,"date":"2020-06-18T14:47:52","date_gmt":"2020-06-18T14:47:52","guid":{"rendered":"https:\/\/staging-wp.xometry.eu\/sla-3d-printing\/"},"modified":"2026-02-13T15:55:56","modified_gmt":"2026-02-13T13:55:56","slug":"sla-3d-tisk","status":"publish","type":"page","link":"https:\/\/staging-wp.xometry.eu\/cs\/sla-3d-tisk\/","title":{"rendered":"Stereolithography (SLA) 3D Printing"},"content":{"rendered":"","protected":false},"excerpt":{"rendered":"","protected":false},"author":2,"featured_media":136020,"parent":0,"menu_order":0,"comment_status":"closed","ping_status":"closed","template":"","meta":{"_acf_changed":false,"inline_featured_image":false,"footnotes":""},"class_list":["post-128381","page","type-page","status-publish","has-post-thumbnail","hentry"],"acf":[],"yoast_head":"<!-- This site is optimized with the Yoast SEO Premium plugin v20.5 (Yoast SEO v27.3) - https:\/\/yoast.com\/product\/yoast-seo-premium-wordpress\/ -->\n<title>SLA 3D tiskov\u00e9 slu\u017eby online | Xometry \u010cesko<\/title>\n<meta name=\"description\" content=\"\u0160pi\u010dkov\u00e9 slu\u017eby 3D tisku stereolitografi\u00ed (SLA): prototypy a s\u00e9rie d\u00edl\u016f. Nahrajte sv\u00e9 3D modely a z\u00edskejte okam\u017eitou nab\u00eddku!\" \/>\n<meta name=\"robots\" content=\"noindex, follow, max-snippet:-1, max-image-preview:large, max-video-preview:-1\" \/>\n<meta property=\"og:locale\" content=\"cs_CZ\" \/>\n<meta property=\"og:type\" content=\"article\" \/>\n<meta property=\"og:title\" content=\"Stereolithography (SLA) 3D Printing\" \/>\n<meta property=\"og:description\" content=\"\u0160pi\u010dkov\u00e9 slu\u017eby 3D tisku stereolitografi\u00ed (SLA): prototypy a s\u00e9rie d\u00edl\u016f. Nahrajte sv\u00e9 3D modely a z\u00edskejte okam\u017eitou nab\u00eddku!\" \/>\n<meta property=\"og:url\" content=\"https:\/\/staging-wp.xometry.eu\/cs\/sla-3d-tisk\/\" \/>\n<meta property=\"og:site_name\" content=\"Xometry Europe\" \/>\n<meta property=\"article:modified_time\" content=\"2026-02-13T13:55:56+00:00\" \/>\n<meta property=\"og:image\" content=\"http:\/\/staging-wp.xometry.eu\/wp-content\/uploads\/2023\/02\/EN-SLA-service-page-1440x738.jpg\" \/>\n<meta name=\"twitter:card\" content=\"summary_large_image\" \/>\n<meta name=\"twitter:image\" content=\"https:\/\/xometry.de\/wp-content\/uploads\/2020\/08\/sla-3d-printing-services.jpg\" \/>\n<script type=\"application\/ld+json\" class=\"yoast-schema-graph\">{\"@context\":\"https:\\\/\\\/schema.org\",\"@graph\":[{\"@type\":\"WebPage\",\"@id\":\"https:\\\/\\\/staging-wp.xometry.eu\\\/cs\\\/sla-3d-tisk\\\/\",\"url\":\"https:\\\/\\\/staging-wp.xometry.eu\\\/cs\\\/sla-3d-tisk\\\/\",\"name\":\"SLA 3D tiskov\u00e9 slu\u017eby online | Xometry \u010cesko\",\"isPartOf\":{\"@id\":\"https:\\\/\\\/staging-wp.xometry.eu\\\/cs\\\/#website\"},\"primaryImageOfPage\":{\"@id\":\"https:\\\/\\\/staging-wp.xometry.eu\\\/cs\\\/sla-3d-tisk\\\/#primaryimage\"},\"image\":{\"@id\":\"https:\\\/\\\/staging-wp.xometry.eu\\\/cs\\\/sla-3d-tisk\\\/#primaryimage\"},\"thumbnailUrl\":\"https:\\\/\\\/staging-wp.xometry.eu\\\/wp-content\\\/uploads\\\/2024\\\/02\\\/CS-SLA-service-page.jpg\",\"datePublished\":\"2020-06-18T14:47:52+00:00\",\"dateModified\":\"2026-02-13T13:55:56+00:00\",\"description\":\"\u0160pi\u010dkov\u00e9 slu\u017eby 3D tisku stereolitografi\u00ed (SLA): prototypy a s\u00e9rie d\u00edl\u016f. Nahrajte sv\u00e9 3D modely a z\u00edskejte okam\u017eitou nab\u00eddku!\",\"breadcrumb\":{\"@id\":\"https:\\\/\\\/staging-wp.xometry.eu\\\/cs\\\/sla-3d-tisk\\\/#breadcrumb\"},\"inLanguage\":\"cs\",\"potentialAction\":[{\"@type\":\"ReadAction\",\"target\":[\"https:\\\/\\\/staging-wp.xometry.eu\\\/cs\\\/sla-3d-tisk\\\/\"]}]},{\"@type\":\"ImageObject\",\"inLanguage\":\"cs\",\"@id\":\"https:\\\/\\\/staging-wp.xometry.eu\\\/cs\\\/sla-3d-tisk\\\/#primaryimage\",\"url\":\"https:\\\/\\\/staging-wp.xometry.eu\\\/wp-content\\\/uploads\\\/2024\\\/02\\\/CS-SLA-service-page.jpg\",\"contentUrl\":\"https:\\\/\\\/staging-wp.xometry.eu\\\/wp-content\\\/uploads\\\/2024\\\/02\\\/CS-SLA-service-page.jpg\",\"width\":2400,\"height\":1230},{\"@type\":\"BreadcrumbList\",\"@id\":\"https:\\\/\\\/staging-wp.xometry.eu\\\/cs\\\/sla-3d-tisk\\\/#breadcrumb\",\"itemListElement\":[{\"@type\":\"ListItem\",\"position\":1,\"name\":\"Home\",\"item\":\"https:\\\/\\\/staging-wp.xometry.eu\\\/cs\\\/\"},{\"@type\":\"ListItem\",\"position\":2,\"name\":\"Stereolithography (SLA) 3D Printing\"}]},{\"@type\":\"WebSite\",\"@id\":\"https:\\\/\\\/staging-wp.xometry.eu\\\/cs\\\/#website\",\"url\":\"https:\\\/\\\/staging-wp.xometry.eu\\\/cs\\\/\",\"name\":\"Xometry Europe\",\"description\":\"\",\"publisher\":{\"@id\":\"https:\\\/\\\/staging-wp.xometry.eu\\\/cs\\\/#organization\"},\"potentialAction\":[{\"@type\":\"SearchAction\",\"target\":{\"@type\":\"EntryPoint\",\"urlTemplate\":\"https:\\\/\\\/staging-wp.xometry.eu\\\/cs\\\/?s={search_term_string}\"},\"query-input\":{\"@type\":\"PropertyValueSpecification\",\"valueRequired\":true,\"valueName\":\"search_term_string\"}}],\"inLanguage\":\"cs\"}]}<\/script>\n<!-- \/ Yoast SEO Premium plugin. -->","yoast_head_json":{"title":"SLA 3D tiskov\u00e9 slu\u017eby online | Xometry \u010cesko","description":"\u0160pi\u010dkov\u00e9 slu\u017eby 3D tisku stereolitografi\u00ed (SLA): prototypy a s\u00e9rie d\u00edl\u016f. Nahrajte sv\u00e9 3D modely a z\u00edskejte okam\u017eitou nab\u00eddku!","robots":{"index":"noindex","follow":"follow","max-snippet":"max-snippet:-1","max-image-preview":"max-image-preview:large","max-video-preview":"max-video-preview:-1"},"og_locale":"cs_CZ","og_type":"article","og_title":"Stereolithography (SLA) 3D Printing","og_description":"\u0160pi\u010dkov\u00e9 slu\u017eby 3D tisku stereolitografi\u00ed (SLA): prototypy a s\u00e9rie d\u00edl\u016f. Nahrajte sv\u00e9 3D modely a z\u00edskejte okam\u017eitou nab\u00eddku!","og_url":"https:\/\/staging-wp.xometry.eu\/cs\/sla-3d-tisk\/","og_site_name":"Xometry Europe","article_modified_time":"2026-02-13T13:55:56+00:00","og_image":[{"url":"http:\/\/staging-wp.xometry.eu\/wp-content\/uploads\/2023\/02\/EN-SLA-service-page-1440x738.jpg","type":"","width":"","height":""}],"twitter_card":"summary_large_image","twitter_image":"https:\/\/xometry.de\/wp-content\/uploads\/2020\/08\/sla-3d-printing-services.jpg","schema":{"@context":"https:\/\/schema.org","@graph":[{"@type":"WebPage","@id":"https:\/\/staging-wp.xometry.eu\/cs\/sla-3d-tisk\/","url":"https:\/\/staging-wp.xometry.eu\/cs\/sla-3d-tisk\/","name":"SLA 3D tiskov\u00e9 slu\u017eby online | Xometry \u010cesko","isPartOf":{"@id":"https:\/\/staging-wp.xometry.eu\/cs\/#website"},"primaryImageOfPage":{"@id":"https:\/\/staging-wp.xometry.eu\/cs\/sla-3d-tisk\/#primaryimage"},"image":{"@id":"https:\/\/staging-wp.xometry.eu\/cs\/sla-3d-tisk\/#primaryimage"},"thumbnailUrl":"https:\/\/staging-wp.xometry.eu\/wp-content\/uploads\/2024\/02\/CS-SLA-service-page.jpg","datePublished":"2020-06-18T14:47:52+00:00","dateModified":"2026-02-13T13:55:56+00:00","description":"\u0160pi\u010dkov\u00e9 slu\u017eby 3D tisku stereolitografi\u00ed (SLA): prototypy a s\u00e9rie d\u00edl\u016f. Nahrajte sv\u00e9 3D modely a z\u00edskejte okam\u017eitou nab\u00eddku!","breadcrumb":{"@id":"https:\/\/staging-wp.xometry.eu\/cs\/sla-3d-tisk\/#breadcrumb"},"inLanguage":"cs","potentialAction":[{"@type":"ReadAction","target":["https:\/\/staging-wp.xometry.eu\/cs\/sla-3d-tisk\/"]}]},{"@type":"ImageObject","inLanguage":"cs","@id":"https:\/\/staging-wp.xometry.eu\/cs\/sla-3d-tisk\/#primaryimage","url":"https:\/\/staging-wp.xometry.eu\/wp-content\/uploads\/2024\/02\/CS-SLA-service-page.jpg","contentUrl":"https:\/\/staging-wp.xometry.eu\/wp-content\/uploads\/2024\/02\/CS-SLA-service-page.jpg","width":2400,"height":1230},{"@type":"BreadcrumbList","@id":"https:\/\/staging-wp.xometry.eu\/cs\/sla-3d-tisk\/#breadcrumb","itemListElement":[{"@type":"ListItem","position":1,"name":"Home","item":"https:\/\/staging-wp.xometry.eu\/cs\/"},{"@type":"ListItem","position":2,"name":"Stereolithography (SLA) 3D Printing"}]},{"@type":"WebSite","@id":"https:\/\/staging-wp.xometry.eu\/cs\/#website","url":"https:\/\/staging-wp.xometry.eu\/cs\/","name":"Xometry Europe","description":"","publisher":{"@id":"https:\/\/staging-wp.xometry.eu\/cs\/#organization"},"potentialAction":[{"@type":"SearchAction","target":{"@type":"EntryPoint","urlTemplate":"https:\/\/staging-wp.xometry.eu\/cs\/?s={search_term_string}"},"query-input":{"@type":"PropertyValueSpecification","valueRequired":true,"valueName":"search_term_string"}}],"inLanguage":"cs"}]}},"_links":{"self":[{"href":"https:\/\/staging-wp.xometry.eu\/cs\/wp-json\/wp\/v2\/pages\/128381","targetHints":{"allow":["GET"]}}],"collection":[{"href":"https:\/\/staging-wp.xometry.eu\/cs\/wp-json\/wp\/v2\/pages"}],"about":[{"href":"https:\/\/staging-wp.xometry.eu\/cs\/wp-json\/wp\/v2\/types\/page"}],"author":[{"embeddable":true,"href":"https:\/\/staging-wp.xometry.eu\/cs\/wp-json\/wp\/v2\/users\/2"}],"replies":[{"embeddable":true,"href":"https:\/\/staging-wp.xometry.eu\/cs\/wp-json\/wp\/v2\/comments?post=128381"}],"version-history":[{"count":0,"href":"https:\/\/staging-wp.xometry.eu\/cs\/wp-json\/wp\/v2\/pages\/128381\/revisions"}],"wp:featuredmedia":[{"embeddable":true,"href":"https:\/\/staging-wp.xometry.eu\/cs\/wp-json\/wp\/v2\/media\/136020"}],"wp:attachment":[{"href":"https:\/\/staging-wp.xometry.eu\/cs\/wp-json\/wp\/v2\/media?parent=128381"}],"curies":[{"name":"wp","href":"https:\/\/api.w.org\/{rel}","templated":true}]}}