{"id":128144,"date":"2020-05-14T08:42:27","date_gmt":"2020-05-14T08:42:27","guid":{"rendered":"https:\/\/staging-wp.xometry.eu\/cnc-turning\/"},"modified":"2026-02-02T16:15:57","modified_gmt":"2026-02-02T14:15:57","slug":"cnc-soustruzeni","status":"publish","type":"page","link":"https:\/\/staging-wp.xometry.eu\/cs\/cnc-soustruzeni\/","title":{"rendered":"CNC Turning"},"content":{"rendered":"","protected":false},"excerpt":{"rendered":"","protected":false},"author":1,"featured_media":135797,"parent":0,"menu_order":0,"comment_status":"closed","ping_status":"closed","template":"","meta":{"_acf_changed":false,"inline_featured_image":false,"footnotes":""},"class_list":["post-128144","page","type-page","status-publish","has-post-thumbnail","hentry"],"acf":[],"yoast_head":"<!-- This site is optimized with the Yoast SEO Premium plugin v20.5 (Yoast SEO v27.3) - https:\/\/yoast.com\/product\/yoast-seo-premium-wordpress\/ -->\n<title>Online slu\u017eby CNC soustru\u017een\u00ed | Soustru\u017een\u00e9 d\u00edly | Xometry Europe<\/title>\n<meta name=\"description\" content=\"Poskytujeme slu\u017eby CNC soustru\u017een\u00ed libovoln\u00e9 slo\u017eitosti pro v\u00fdrobu s\u00e9riov\u00fdch d\u00edl\u016f i prototyp\u016f. Z\u00edskejte okam\u017eitou cenovou nab\u00eddku!\" \/>\n<meta name=\"robots\" content=\"noindex, follow, max-snippet:-1, max-image-preview:large, max-video-preview:-1\" \/>\n<meta property=\"og:locale\" content=\"cs_CZ\" \/>\n<meta property=\"og:type\" content=\"article\" \/>\n<meta property=\"og:title\" content=\"CNC Turning\" \/>\n<meta property=\"og:description\" content=\"Poskytujeme slu\u017eby CNC soustru\u017een\u00ed libovoln\u00e9 slo\u017eitosti pro v\u00fdrobu s\u00e9riov\u00fdch d\u00edl\u016f i prototyp\u016f. Z\u00edskejte okam\u017eitou cenovou nab\u00eddku!\" \/>\n<meta property=\"og:url\" content=\"https:\/\/staging-wp.xometry.eu\/cs\/cnc-soustruzeni\/\" \/>\n<meta property=\"og:site_name\" content=\"Xometry Europe\" \/>\n<meta property=\"article:modified_time\" content=\"2026-02-02T14:15:57+00:00\" \/>\n<meta property=\"og:image\" content=\"http:\/\/staging-wp.xometry.eu\/wp-content\/uploads\/2023\/02\/EN-CNC-Turning-service-page-1440x737.jpg\" \/>\n<meta name=\"twitter:card\" content=\"summary_large_image\" \/>\n<meta name=\"twitter:image\" content=\"https:\/\/xometry.de\/wp-content\/uploads\/2020\/08\/cnc-turning-services.jpg\" \/>\n<script type=\"application\/ld+json\" class=\"yoast-schema-graph\">{\"@context\":\"https:\\\/\\\/schema.org\",\"@graph\":[{\"@type\":\"WebPage\",\"@id\":\"https:\\\/\\\/staging-wp.xometry.eu\\\/cs\\\/cnc-soustruzeni\\\/\",\"url\":\"https:\\\/\\\/staging-wp.xometry.eu\\\/cs\\\/cnc-soustruzeni\\\/\",\"name\":\"Online slu\u017eby CNC soustru\u017een\u00ed | Soustru\u017een\u00e9 d\u00edly | Xometry Europe\",\"isPartOf\":{\"@id\":\"https:\\\/\\\/staging-wp.xometry.eu\\\/cs\\\/#website\"},\"primaryImageOfPage\":{\"@id\":\"https:\\\/\\\/staging-wp.xometry.eu\\\/cs\\\/cnc-soustruzeni\\\/#primaryimage\"},\"image\":{\"@id\":\"https:\\\/\\\/staging-wp.xometry.eu\\\/cs\\\/cnc-soustruzeni\\\/#primaryimage\"},\"thumbnailUrl\":\"https:\\\/\\\/staging-wp.xometry.eu\\\/wp-content\\\/uploads\\\/2024\\\/02\\\/CS-CNC-Turning-service-page.jpg\",\"datePublished\":\"2020-05-14T08:42:27+00:00\",\"dateModified\":\"2026-02-02T14:15:57+00:00\",\"description\":\"Poskytujeme slu\u017eby CNC soustru\u017een\u00ed libovoln\u00e9 slo\u017eitosti pro v\u00fdrobu s\u00e9riov\u00fdch d\u00edl\u016f i prototyp\u016f. Z\u00edskejte okam\u017eitou cenovou nab\u00eddku!\",\"breadcrumb\":{\"@id\":\"https:\\\/\\\/staging-wp.xometry.eu\\\/cs\\\/cnc-soustruzeni\\\/#breadcrumb\"},\"inLanguage\":\"cs\",\"potentialAction\":[{\"@type\":\"ReadAction\",\"target\":[\"https:\\\/\\\/staging-wp.xometry.eu\\\/cs\\\/cnc-soustruzeni\\\/\"]}]},{\"@type\":\"ImageObject\",\"inLanguage\":\"cs\",\"@id\":\"https:\\\/\\\/staging-wp.xometry.eu\\\/cs\\\/cnc-soustruzeni\\\/#primaryimage\",\"url\":\"https:\\\/\\\/staging-wp.xometry.eu\\\/wp-content\\\/uploads\\\/2024\\\/02\\\/CS-CNC-Turning-service-page.jpg\",\"contentUrl\":\"https:\\\/\\\/staging-wp.xometry.eu\\\/wp-content\\\/uploads\\\/2024\\\/02\\\/CS-CNC-Turning-service-page.jpg\",\"width\":2400,\"height\":1229},{\"@type\":\"BreadcrumbList\",\"@id\":\"https:\\\/\\\/staging-wp.xometry.eu\\\/cs\\\/cnc-soustruzeni\\\/#breadcrumb\",\"itemListElement\":[{\"@type\":\"ListItem\",\"position\":1,\"name\":\"Home\",\"item\":\"https:\\\/\\\/staging-wp.xometry.eu\\\/cs\\\/\"},{\"@type\":\"ListItem\",\"position\":2,\"name\":\"CNC Turning\"}]},{\"@type\":\"WebSite\",\"@id\":\"https:\\\/\\\/staging-wp.xometry.eu\\\/cs\\\/#website\",\"url\":\"https:\\\/\\\/staging-wp.xometry.eu\\\/cs\\\/\",\"name\":\"Xometry Europe\",\"description\":\"\",\"publisher\":{\"@id\":\"https:\\\/\\\/staging-wp.xometry.eu\\\/cs\\\/#organization\"},\"potentialAction\":[{\"@type\":\"SearchAction\",\"target\":{\"@type\":\"EntryPoint\",\"urlTemplate\":\"https:\\\/\\\/staging-wp.xometry.eu\\\/cs\\\/?s={search_term_string}\"},\"query-input\":{\"@type\":\"PropertyValueSpecification\",\"valueRequired\":true,\"valueName\":\"search_term_string\"}}],\"inLanguage\":\"cs\"}]}<\/script>\n<!-- \/ Yoast SEO Premium plugin. -->","yoast_head_json":{"title":"Online slu\u017eby CNC soustru\u017een\u00ed | Soustru\u017een\u00e9 d\u00edly | Xometry Europe","description":"Poskytujeme slu\u017eby CNC soustru\u017een\u00ed libovoln\u00e9 slo\u017eitosti pro v\u00fdrobu s\u00e9riov\u00fdch d\u00edl\u016f i prototyp\u016f. Z\u00edskejte okam\u017eitou cenovou nab\u00eddku!","robots":{"index":"noindex","follow":"follow","max-snippet":"max-snippet:-1","max-image-preview":"max-image-preview:large","max-video-preview":"max-video-preview:-1"},"og_locale":"cs_CZ","og_type":"article","og_title":"CNC Turning","og_description":"Poskytujeme slu\u017eby CNC soustru\u017een\u00ed libovoln\u00e9 slo\u017eitosti pro v\u00fdrobu s\u00e9riov\u00fdch d\u00edl\u016f i prototyp\u016f. Z\u00edskejte okam\u017eitou cenovou nab\u00eddku!","og_url":"https:\/\/staging-wp.xometry.eu\/cs\/cnc-soustruzeni\/","og_site_name":"Xometry Europe","article_modified_time":"2026-02-02T14:15:57+00:00","og_image":[{"url":"http:\/\/staging-wp.xometry.eu\/wp-content\/uploads\/2023\/02\/EN-CNC-Turning-service-page-1440x737.jpg","type":"","width":"","height":""}],"twitter_card":"summary_large_image","twitter_image":"https:\/\/xometry.de\/wp-content\/uploads\/2020\/08\/cnc-turning-services.jpg","schema":{"@context":"https:\/\/schema.org","@graph":[{"@type":"WebPage","@id":"https:\/\/staging-wp.xometry.eu\/cs\/cnc-soustruzeni\/","url":"https:\/\/staging-wp.xometry.eu\/cs\/cnc-soustruzeni\/","name":"Online slu\u017eby CNC soustru\u017een\u00ed | Soustru\u017een\u00e9 d\u00edly | Xometry Europe","isPartOf":{"@id":"https:\/\/staging-wp.xometry.eu\/cs\/#website"},"primaryImageOfPage":{"@id":"https:\/\/staging-wp.xometry.eu\/cs\/cnc-soustruzeni\/#primaryimage"},"image":{"@id":"https:\/\/staging-wp.xometry.eu\/cs\/cnc-soustruzeni\/#primaryimage"},"thumbnailUrl":"https:\/\/staging-wp.xometry.eu\/wp-content\/uploads\/2024\/02\/CS-CNC-Turning-service-page.jpg","datePublished":"2020-05-14T08:42:27+00:00","dateModified":"2026-02-02T14:15:57+00:00","description":"Poskytujeme slu\u017eby CNC soustru\u017een\u00ed libovoln\u00e9 slo\u017eitosti pro v\u00fdrobu s\u00e9riov\u00fdch d\u00edl\u016f i prototyp\u016f. Z\u00edskejte okam\u017eitou cenovou nab\u00eddku!","breadcrumb":{"@id":"https:\/\/staging-wp.xometry.eu\/cs\/cnc-soustruzeni\/#breadcrumb"},"inLanguage":"cs","potentialAction":[{"@type":"ReadAction","target":["https:\/\/staging-wp.xometry.eu\/cs\/cnc-soustruzeni\/"]}]},{"@type":"ImageObject","inLanguage":"cs","@id":"https:\/\/staging-wp.xometry.eu\/cs\/cnc-soustruzeni\/#primaryimage","url":"https:\/\/staging-wp.xometry.eu\/wp-content\/uploads\/2024\/02\/CS-CNC-Turning-service-page.jpg","contentUrl":"https:\/\/staging-wp.xometry.eu\/wp-content\/uploads\/2024\/02\/CS-CNC-Turning-service-page.jpg","width":2400,"height":1229},{"@type":"BreadcrumbList","@id":"https:\/\/staging-wp.xometry.eu\/cs\/cnc-soustruzeni\/#breadcrumb","itemListElement":[{"@type":"ListItem","position":1,"name":"Home","item":"https:\/\/staging-wp.xometry.eu\/cs\/"},{"@type":"ListItem","position":2,"name":"CNC Turning"}]},{"@type":"WebSite","@id":"https:\/\/staging-wp.xometry.eu\/cs\/#website","url":"https:\/\/staging-wp.xometry.eu\/cs\/","name":"Xometry Europe","description":"","publisher":{"@id":"https:\/\/staging-wp.xometry.eu\/cs\/#organization"},"potentialAction":[{"@type":"SearchAction","target":{"@type":"EntryPoint","urlTemplate":"https:\/\/staging-wp.xometry.eu\/cs\/?s={search_term_string}"},"query-input":{"@type":"PropertyValueSpecification","valueRequired":true,"valueName":"search_term_string"}}],"inLanguage":"cs"}]}},"_links":{"self":[{"href":"https:\/\/staging-wp.xometry.eu\/cs\/wp-json\/wp\/v2\/pages\/128144","targetHints":{"allow":["GET"]}}],"collection":[{"href":"https:\/\/staging-wp.xometry.eu\/cs\/wp-json\/wp\/v2\/pages"}],"about":[{"href":"https:\/\/staging-wp.xometry.eu\/cs\/wp-json\/wp\/v2\/types\/page"}],"author":[{"embeddable":true,"href":"https:\/\/staging-wp.xometry.eu\/cs\/wp-json\/wp\/v2\/users\/1"}],"replies":[{"embeddable":true,"href":"https:\/\/staging-wp.xometry.eu\/cs\/wp-json\/wp\/v2\/comments?post=128144"}],"version-history":[{"count":0,"href":"https:\/\/staging-wp.xometry.eu\/cs\/wp-json\/wp\/v2\/pages\/128144\/revisions"}],"wp:featuredmedia":[{"embeddable":true,"href":"https:\/\/staging-wp.xometry.eu\/cs\/wp-json\/wp\/v2\/media\/135797"}],"wp:attachment":[{"href":"https:\/\/staging-wp.xometry.eu\/cs\/wp-json\/wp\/v2\/media?parent=128144"}],"curies":[{"name":"wp","href":"https:\/\/api.w.org\/{rel}","templated":true}]}}